{"id":15948,"date":"2020-10-01T14:53:27","date_gmt":"2020-10-01T14:53:27","guid":{"rendered":"https:\/\/www.vallecamping.se\/utfluktstips\/"},"modified":"2025-05-30T21:40:11","modified_gmt":"2025-05-30T21:40:11","slug":"utfluktstips","status":"publish","type":"page","link":"https:\/\/www.vallecamping.se\/no\/utfluktstips\/","title":{"rendered":"UTFLUKTSTIPS"},"content":{"rendered":"<p>[et_pb_section fb_built=&raquo;1&#8243; admin_label=&raquo;Header&raquo; _builder_version=&raquo;4.16&#8243; background_image=&raquo;https:\/\/www.vallecamping.se\/wp-content\/uploads\/2020\/09\/Valle_Camping_Utflyktsmal-100.jpeg&raquo; custom_margin=&raquo;-280px||||false|false&raquo; custom_margin_tablet=&raquo;||||false|false&raquo; custom_margin_phone=&raquo;||||false|false&raquo; custom_margin_last_edited=&raquo;on|phone&raquo; custom_padding=&raquo;8vw||||false|false&raquo; bottom_divider_style=&raquo;wave2&#8243; bottom_divider_color=&raquo;#a9bdcc&raquo; da_disable_devices=&raquo;off|off|off&raquo; global_colors_info=&raquo;{}&raquo; da_is_popup=&raquo;off&raquo; da_exit_intent=&raquo;off&raquo; da_has_close=&raquo;on&raquo; da_alt_close=&raquo;off&raquo; da_dark_close=&raquo;off&raquo; da_not_modal=&raquo;on&raquo; da_is_singular=&raquo;off&raquo; da_with_loader=&raquo;off&raquo; da_has_shadow=&raquo;on&raquo;][et_pb_row use_custom_gutter=&raquo;on&raquo; gutter_width=&raquo;2&#8243; custom_padding_last_edited=&raquo;on|phone&raquo; _builder_version=&raquo;4.27.4&#8243; _module_preset=&raquo;default&raquo; width=&raquo;90%&raquo; width_tablet=&raquo;90%&raquo; width_phone=&raquo;90%&raquo; width_last_edited=&raquo;on|tablet&raquo; max_width=&raquo;1280px&raquo; custom_padding=&raquo;150px||||false|false&raquo; custom_padding_tablet=&raquo;120px||||false|false&raquo; custom_padding_phone=&raquo;130px||||false|false&raquo; global_colors_info=&raquo;{}&raquo;][et_pb_column type=&raquo;4_4&#8243; _builder_version=&raquo;4.16&#8243; _module_preset=&raquo;default&raquo; global_colors_info=&raquo;{}&raquo;][et_pb_text _builder_version=&raquo;4.27.4&#8243; _module_preset=&raquo;default&raquo; text_font=&raquo;|600||on|||||&raquo; text_text_color=&raquo;#ffffff&raquo; text_font_size=&raquo;22px&raquo; header_font=&raquo;|700|||||||&raquo; header_text_color=&raquo;#FFFFFF&raquo; header_font_size=&raquo;62px&raquo; header_2_font=&raquo;|700|||||||&raquo; header_2_text_color=&raquo;#ffffff&raquo; header_2_font_size=&raquo;67px&raquo; header_3_font=&raquo;|600|||||||&raquo; header_3_text_color=&raquo;#ffffff&raquo; text_orientation=&raquo;right&raquo; custom_padding=&raquo;|||0px|false|false&raquo; hover_enabled=&raquo;0&#8243; text_font_size_tablet=&raquo;20px&raquo; text_font_size_phone=&raquo;15px&raquo; text_font_size_last_edited=&raquo;on|phone&raquo; header_font_size_tablet=&raquo;49px&raquo; header_font_size_phone=&raquo;36px&raquo; header_font_size_last_edited=&raquo;on|phone&raquo; header_2_font_size_tablet=&raquo;52px&raquo; header_2_font_size_phone=&raquo;40px&raquo; header_2_font_size_last_edited=&raquo;on|phone&raquo; header_3_font_size_tablet=&raquo;19px&raquo; header_3_font_size_phone=&raquo;15px&raquo; header_3_font_size_last_edited=&raquo;on|desktop&raquo; text_text_shadow_style=&raquo;preset1&#8243; header_text_shadow_style=&raquo;preset1&#8243; header_2_text_shadow_style=&raquo;preset1&#8243; global_colors_info=&raquo;{}&raquo; header_text_align=&raquo;left&raquo; sticky_enabled=&raquo;0&#8243;]<\/p>\n<h1>UTFLUKTSTIPS<\/h1>\n<p style=\"text-align: left;\">Her gir vi tips til aktiviteter i n\u00e6rheten av Valle Camping.<\/p>\n<p>[\/et_pb_text][\/et_pb_column][\/et_pb_row][\/et_pb_section][et_pb_section fb_built=&raquo;1&#8243; _builder_version=&raquo;4.16&#8243; _module_preset=&raquo;default&raquo; background_color=&raquo;#e9effc&raquo; width=&raquo;100%&raquo; max_width=&raquo;100%&raquo; min_height=&raquo;70px&raquo; custom_padding=&raquo;||0px||false|false&raquo; top_divider_style=&raquo;wave2&#8243; top_divider_color=&raquo;#a9bdcc&raquo; bottom_divider_style=&raquo;wave2&#8243; bottom_divider_color=&raquo;#a9bdcc&raquo; da_disable_devices=&raquo;off|off|off&raquo; global_colors_info=&raquo;{}&raquo; da_is_popup=&raquo;off&raquo; da_exit_intent=&raquo;off&raquo; da_has_close=&raquo;on&raquo; da_alt_close=&raquo;off&raquo; da_dark_close=&raquo;off&raquo; da_not_modal=&raquo;on&raquo; da_is_singular=&raquo;off&raquo; da_with_loader=&raquo;off&raquo; da_has_shadow=&raquo;on&raquo;][et_pb_row use_custom_gutter=&raquo;on&raquo; gutter_width=&raquo;2&#8243; _builder_version=&raquo;4.19.4&#8243; _module_preset=&raquo;default&raquo; background_color=&raquo;rgba(0,0,0,0)&raquo; width=&raquo;90%&raquo; max_width=&raquo;1280px&raquo; min_height=&raquo;504px&raquo; custom_margin=&raquo;-180px|auto||auto|false|false&raquo; custom_margin_tablet=&raquo;&raquo; custom_margin_phone=&raquo;-120px|auto||auto|false|false&raquo; custom_margin_last_edited=&raquo;on|phone&raquo; custom_padding=&raquo;|0px||0px|false|false&raquo; global_colors_info=&raquo;{}&raquo;][et_pb_column type=&raquo;4_4&#8243; _builder_version=&raquo;4.16&#8243; _module_preset=&raquo;default&raquo; background_color=&raquo;rgba(0,0,0,0)&raquo; global_colors_info=&raquo;{}&raquo;][et_pb_text _builder_version=&raquo;4.16&#8243; text_font=&raquo;||||||||&raquo; text_line_height=&raquo;2em&raquo; header_font=&raquo;||||||||&raquo; header_2_font=&raquo;Raleway|700||on|||||&raquo; header_2_text_color=&raquo;#002754&#8243; header_2_font_size=&raquo;19px&raquo; header_2_line_height=&raquo;1.2em&raquo; header_6_font=&raquo;Raleway|700||on|||||&raquo; header_6_font_size=&raquo;16px&raquo; header_6_letter_spacing=&raquo;5px&raquo; header_6_line_height=&raquo;1.8em&raquo; background_color=&raquo;#FFFFFF&raquo; text_orientation=&raquo;center&raquo; max_width=&raquo;1440px&raquo; max_width_last_edited=&raquo;off|desktop&raquo; module_alignment=&raquo;left&raquo; custom_margin=&raquo;11px||11px||false|false&raquo; custom_padding=&raquo;10px|10px|10px|10px|true|true&raquo; header_2_font_size_tablet=&raquo;35px&raquo; header_2_font_size_phone=&raquo;25px&raquo; header_2_font_size_last_edited=&raquo;off|desktop&raquo; border_radii=&raquo;on|7px|7px|7px|7px&raquo; global_colors_info=&raquo;{}&raquo;]<\/p>\n<p style=\"text-align: left;\">Valle Camping i Skara kommune ligger n\u00e6r natur, kultur og opplevelser. Hva med \u00e5 <a href=\"https:\/\/www.vallecamping.se\/vandra-i-valle\/\">g\u00e5 tur i vakre Vallebygden<\/a>, l\u00e6re mer om <a href=\"https:\/\/www.vallecamping.se\/kata-gard\/\">hvordan vikingene ble kristne<\/a>, pr\u00f8ve lykken under <a href=\"https:\/\/www.vallecamping.se\/stochampionatet\/\">Stochampionatet <\/a> eller ha det moro i  <a href=\"https:\/\/www.vallecamping.se\/skara-sommarland\/\">Skandinavias st\u00f8rste vannpark \u2013 Skara Sommarland.  <\/a>. Alt innen f\u00e5 minutters kj\u00f8ring fra Valle Camping.<\/p>\n<p style=\"text-align: left;\">Vil du heller bli p\u00e5 campingen, kan du ta en tur langs en av <a href=\"https:\/\/www.vallecamping.se\/vandra-i-valle\/\">turstiene<\/a>, <a href=\"https:\/\/www.vallecamping.se\/fiska\/\">fiske <\/a> eller nyte et deilig bad i v\u00e5r <a href=\"https:\/\/www.vallecamping.se\/bastu\/\">vedfyrte badstue<\/a> p\u00e5 brygga.<\/p>\n<h2 style=\"text-align: left;\">V\u00c5RE UTFLUKTSTIPS<\/h2>\n<p style=\"text-align: left;\">P\u00e5 denne siden har vi samlet noen utfluktstips for deg som bor p\u00e5 Valle Camping.<\/p>\n<p style=\"text-align: left;\">P\u00e5 siden <a href=\"https:\/\/www.sommariskara.se\/\" target=\"_blank\" rel=\"noopener\">Sommer i Skara <\/a> finner du flere tips for oppholdet ditt p\u00e5 Valle Camping.<\/p>\n<p>[\/et_pb_text][et_pb_blog fullwidth=&raquo;off&raquo; posts_number=&raquo;15&#8243; include_categories=&raquo;16&#8243; excerpt_length=&raquo;75&#8243; show_more=&raquo;on&raquo; show_author=&raquo;off&raquo; show_date=&raquo;off&raquo; show_categories=&raquo;off&raquo; _builder_version=&raquo;4.16&#8243; _module_preset=&raquo;default&raquo; header_font=&raquo;|700||on|||||&raquo; header_text_color=&raquo;#004890&#8243; header_font_size=&raquo;20px&raquo; header_line_height=&raquo;1.3em&raquo; read_more_font=&raquo;|700||on|||||&raquo; read_more_text_color=&raquo;#004890&#8243; background_color=&raquo;rgba(0,0,0,0)&raquo; custom_padding=&raquo;15px|0px||0px|false|false&raquo; custom_css_read_more=&raquo;color: #e09900;||display: block;||text-align:center;||margin-top: 10px;||border: 1px solid #ccc;||padding: 5px;||text-transform: capitalize;||letter-spacing: 1px;&raquo; border_radii=&raquo;on|12px|12px|12px|12px&raquo; box_shadow_style=&raquo;preset3&#8243; global_colors_info=&raquo;{}&raquo;][\/et_pb_blog][\/et_pb_column][\/et_pb_row][et_pb_row use_custom_gutter=&raquo;on&raquo; gutter_width=&raquo;2&#8243; make_equal=&raquo;on&raquo; _builder_version=&raquo;4.19.4&#8243; _module_preset=&raquo;default&raquo; background_color=&raquo;rgba(0,0,0,0)&raquo; width=&raquo;100%&raquo; max_width=&raquo;1280px&raquo; min_height=&raquo;504px&raquo; custom_margin=&raquo;-200px|auto||auto|false|false&raquo; custom_margin_tablet=&raquo;&raquo; custom_margin_phone=&raquo;-120px|auto||auto|false|false&raquo; custom_margin_last_edited=&raquo;on|phone&raquo; custom_padding=&raquo;13px|20px||20px|false|true&raquo; global_colors_info=&raquo;{}&raquo;][et_pb_column type=&raquo;4_4&#8243; _builder_version=&raquo;4.16&#8243; _module_preset=&raquo;default&raquo; background_color=&raquo;rgba(0,0,0,0)&raquo; global_colors_info=&raquo;{}&raquo;][et_pb_text _builder_version=&raquo;4.16&#8243; _module_preset=&raquo;default&raquo; header_2_font=&raquo;|600||on|||||&raquo; header_2_text_color=&raquo;#004890&#8243; header_3_font=&raquo;|700|||||||&raquo; header_3_text_color=&raquo;#004890&#8243; header_3_font_size=&raquo;15px&raquo; background_enable_color=&raquo;off&raquo; custom_margin=&raquo;||8px|||&raquo; custom_padding=&raquo;0px|10px|0px|0px|true|false&raquo; border_radii=&raquo;off|9px|9px||&raquo; global_colors_info=&raquo;{}&raquo;]<\/p>\n<h2>AKTIVITETER P\u00c5 VALLE CAMPING<\/h2>\n<p>[\/et_pb_text][et_pb_blog fullwidth=&raquo;off&raquo; posts_number=&raquo;12&#8243; include_categories=&raquo;52&#8243; excerpt_length=&raquo;75&#8243; show_more=&raquo;on&raquo; show_author=&raquo;off&raquo; show_date=&raquo;off&raquo; show_categories=&raquo;off&raquo; _builder_version=&raquo;4.16&#8243; _module_preset=&raquo;default&raquo; header_font=&raquo;|700||on|||||&raquo; header_text_color=&raquo;#004890&#8243; header_font_size=&raquo;20px&raquo; header_line_height=&raquo;1.3em&raquo; read_more_font=&raquo;|700||on|||||&raquo; read_more_text_color=&raquo;#004890&#8243; background_color=&raquo;rgba(0,0,0,0)&raquo; custom_padding=&raquo;0px|0px||0px|false|false&raquo; custom_css_read_more=&raquo;color: #e09900;||display: block;||text-align:center;||margin-top: 10px;||border: 1px solid #ccc;||padding: 5px;||text-transform: capitalize;||letter-spacing: 1px;&raquo; border_radii=&raquo;on|12px|12px|12px|12px&raquo; box_shadow_style=&raquo;preset3&#8243; global_colors_info=&raquo;{}&raquo;][\/et_pb_blog][\/et_pb_column][\/et_pb_row][\/et_pb_section]<\/p>\n","protected":false},"excerpt":{"rendered":"<p>UTFLUKTSTIPS Her gir vi tips til aktiviteter i n\u00e6rheten av Valle Camping.Valle Camping i Skara kommune ligger n\u00e6r natur, kultur og opplevelser. Hva med \u00e5 g\u00e5 tur i vakre Vallebygden, l\u00e6re mer om hvordan vikingene ble kristne, pr\u00f8ve lykken under Stochampionatet eller ha det moro i Skandinavias st\u00f8rste vannpark \u2013 Skara Sommarland. . Alt innen [&hellip;]<\/p>\n","protected":false},"author":1,"featured_media":0,"parent":0,"menu_order":0,"comment_status":"closed","ping_status":"closed","template":"","meta":{"_et_pb_use_builder":"on","_et_pb_old_content":"","_et_gb_content_width":"","footnotes":""},"class_list":["post-15948","page","type-page","status-publish","hentry"],"yoast_head":"<!-- This site is optimized with the Yoast SEO plugin v27.4 - https:\/\/yoast.com\/product\/yoast-seo-wordpress\/ -->\n<title>UTFLUKTSTIPS - Valle Camping AB<\/title>\n<meta name=\"description\" content=\"Utfluktstips rundt Skara. Skara Sommarland, Axevalla travbane, Hornborgasj\u00f8en og Kata G\u00e5rd ligger bare noen kilometer unna.\" \/>\n<meta name=\"robots\" content=\"index, follow, max-snippet:-1, max-image-preview:large, max-video-preview:-1\" \/>\n<link rel=\"canonical\" href=\"https:\/\/www.vallecamping.se\/no\/utfluktstips\/\" \/>\n<meta property=\"og:locale\" content=\"nb_NO\" \/>\n<meta property=\"og:type\" content=\"article\" \/>\n<meta property=\"og:title\" content=\"UTFLUKTSTIPS - Valle Camping AB\" \/>\n<meta property=\"og:description\" content=\"Utfluktstips rundt Skara. Skara Sommarland, Axevalla travbane, Hornborgasj\u00f8en og Kata G\u00e5rd ligger bare noen kilometer unna.\" \/>\n<meta property=\"og:url\" content=\"https:\/\/www.vallecamping.se\/no\/utfluktstips\/\" \/>\n<meta property=\"og:site_name\" content=\"Valle Camping AB\" \/>\n<meta property=\"article:publisher\" content=\"https:\/\/www.facebook.com\/vallecamping\" \/>\n<meta property=\"article:modified_time\" content=\"2025-05-30T21:40:11+00:00\" \/>\n<meta name=\"twitter:card\" content=\"summary_large_image\" \/>\n<meta name=\"twitter:label1\" content=\"Ansl. lesetid\" \/>\n\t<meta name=\"twitter:data1\" content=\"5 minutter\" \/>\n<script type=\"application\/ld+json\" class=\"yoast-schema-graph\">{\"@context\":\"https:\\\/\\\/schema.org\",\"@graph\":[{\"@type\":\"WebPage\",\"@id\":\"https:\\\/\\\/www.vallecamping.se\\\/no\\\/utfluktstips\\\/\",\"url\":\"https:\\\/\\\/www.vallecamping.se\\\/no\\\/utfluktstips\\\/\",\"name\":\"UTFLUKTSTIPS - Valle Camping AB\",\"isPartOf\":{\"@id\":\"https:\\\/\\\/www.vallecamping.se\\\/no\\\/#website\"},\"datePublished\":\"2020-10-01T14:53:27+00:00\",\"dateModified\":\"2025-05-30T21:40:11+00:00\",\"description\":\"Utfluktstips rundt Skara. Skara Sommarland, Axevalla travbane, Hornborgasj\u00f8en og Kata G\u00e5rd ligger bare noen kilometer unna.\",\"breadcrumb\":{\"@id\":\"https:\\\/\\\/www.vallecamping.se\\\/no\\\/utfluktstips\\\/#breadcrumb\"},\"inLanguage\":\"nb-NO\",\"potentialAction\":[{\"@type\":\"ReadAction\",\"target\":[\"https:\\\/\\\/www.vallecamping.se\\\/no\\\/utfluktstips\\\/\"]}]},{\"@type\":\"BreadcrumbList\",\"@id\":\"https:\\\/\\\/www.vallecamping.se\\\/no\\\/utfluktstips\\\/#breadcrumb\",\"itemListElement\":[{\"@type\":\"ListItem\",\"position\":1,\"name\":\"Hem\",\"item\":\"https:\\\/\\\/www.vallecamping.se\\\/no\\\/camping-naer-skara-sommarland\\\/\"},{\"@type\":\"ListItem\",\"position\":2,\"name\":\"UTFLUKTSTIPS\"}]},{\"@type\":\"WebSite\",\"@id\":\"https:\\\/\\\/www.vallecamping.se\\\/no\\\/#website\",\"url\":\"https:\\\/\\\/www.vallecamping.se\\\/no\\\/\",\"name\":\"Valle Camping AB\",\"description\":\"Valle Camping - Stugor, camping, st\u00e4llplatser och vandrarhem vid sj\u00f6 i vackra Valle n\u00e4ra Skara sommarland, Hornborgasj\u00f6n, Varnhems klosterkyrka, Kata g\u00e5rd med mera\",\"publisher\":{\"@id\":\"https:\\\/\\\/www.vallecamping.se\\\/no\\\/#organization\"},\"alternateName\":\"Valle camping\",\"potentialAction\":[{\"@type\":\"SearchAction\",\"target\":{\"@type\":\"EntryPoint\",\"urlTemplate\":\"https:\\\/\\\/www.vallecamping.se\\\/no\\\/?s={search_term_string}\"},\"query-input\":{\"@type\":\"PropertyValueSpecification\",\"valueRequired\":true,\"valueName\":\"search_term_string\"}}],\"inLanguage\":\"nb-NO\"},{\"@type\":\"Organization\",\"@id\":\"https:\\\/\\\/www.vallecamping.se\\\/no\\\/#organization\",\"name\":\"Valle camping AB\",\"alternateName\":\"Valle camping\",\"url\":\"https:\\\/\\\/www.vallecamping.se\\\/no\\\/\",\"logo\":{\"@type\":\"ImageObject\",\"inLanguage\":\"nb-NO\",\"@id\":\"https:\\\/\\\/www.vallecamping.se\\\/no\\\/#\\\/schema\\\/logo\\\/image\\\/\",\"url\":\"https:\\\/\\\/www.vallecamping.se\\\/wp-content\\\/uploads\\\/2023\\\/03\\\/Valle-Camping-Icon2303-1.png\",\"contentUrl\":\"https:\\\/\\\/www.vallecamping.se\\\/wp-content\\\/uploads\\\/2023\\\/03\\\/Valle-Camping-Icon2303-1.png\",\"width\":500,\"height\":496,\"caption\":\"Valle camping AB\"},\"image\":{\"@id\":\"https:\\\/\\\/www.vallecamping.se\\\/no\\\/#\\\/schema\\\/logo\\\/image\\\/\"},\"sameAs\":[\"https:\\\/\\\/www.facebook.com\\\/vallecamping\",\"https:\\\/\\\/www.instagram.com\\\/vallecampingstugor\\\/\",\"https:\\\/\\\/www.youtube.com\\\/channel\\\/UCoJUm2JGJm1kc46V1JnI47Q\"]}]}<\/script>\n<!-- \/ Yoast SEO plugin. -->","yoast_head_json":{"title":"UTFLUKTSTIPS - Valle Camping AB","description":"Utfluktstips rundt Skara. Skara Sommarland, Axevalla travbane, Hornborgasj\u00f8en og Kata G\u00e5rd ligger bare noen kilometer unna.","robots":{"index":"index","follow":"follow","max-snippet":"max-snippet:-1","max-image-preview":"max-image-preview:large","max-video-preview":"max-video-preview:-1"},"canonical":"https:\/\/www.vallecamping.se\/no\/utfluktstips\/","og_locale":"nb_NO","og_type":"article","og_title":"UTFLUKTSTIPS - Valle Camping AB","og_description":"Utfluktstips rundt Skara. Skara Sommarland, Axevalla travbane, Hornborgasj\u00f8en og Kata G\u00e5rd ligger bare noen kilometer unna.","og_url":"https:\/\/www.vallecamping.se\/no\/utfluktstips\/","og_site_name":"Valle Camping AB","article_publisher":"https:\/\/www.facebook.com\/vallecamping","article_modified_time":"2025-05-30T21:40:11+00:00","twitter_card":"summary_large_image","twitter_misc":{"Ansl. lesetid":"5 minutter"},"schema":{"@context":"https:\/\/schema.org","@graph":[{"@type":"WebPage","@id":"https:\/\/www.vallecamping.se\/no\/utfluktstips\/","url":"https:\/\/www.vallecamping.se\/no\/utfluktstips\/","name":"UTFLUKTSTIPS - Valle Camping AB","isPartOf":{"@id":"https:\/\/www.vallecamping.se\/no\/#website"},"datePublished":"2020-10-01T14:53:27+00:00","dateModified":"2025-05-30T21:40:11+00:00","description":"Utfluktstips rundt Skara. Skara Sommarland, Axevalla travbane, Hornborgasj\u00f8en og Kata G\u00e5rd ligger bare noen kilometer unna.","breadcrumb":{"@id":"https:\/\/www.vallecamping.se\/no\/utfluktstips\/#breadcrumb"},"inLanguage":"nb-NO","potentialAction":[{"@type":"ReadAction","target":["https:\/\/www.vallecamping.se\/no\/utfluktstips\/"]}]},{"@type":"BreadcrumbList","@id":"https:\/\/www.vallecamping.se\/no\/utfluktstips\/#breadcrumb","itemListElement":[{"@type":"ListItem","position":1,"name":"Hem","item":"https:\/\/www.vallecamping.se\/no\/camping-naer-skara-sommarland\/"},{"@type":"ListItem","position":2,"name":"UTFLUKTSTIPS"}]},{"@type":"WebSite","@id":"https:\/\/www.vallecamping.se\/no\/#website","url":"https:\/\/www.vallecamping.se\/no\/","name":"Valle Camping AB","description":"Valle Camping - Stugor, camping, st\u00e4llplatser och vandrarhem vid sj\u00f6 i vackra Valle n\u00e4ra Skara sommarland, Hornborgasj\u00f6n, Varnhems klosterkyrka, Kata g\u00e5rd med mera","publisher":{"@id":"https:\/\/www.vallecamping.se\/no\/#organization"},"alternateName":"Valle camping","potentialAction":[{"@type":"SearchAction","target":{"@type":"EntryPoint","urlTemplate":"https:\/\/www.vallecamping.se\/no\/?s={search_term_string}"},"query-input":{"@type":"PropertyValueSpecification","valueRequired":true,"valueName":"search_term_string"}}],"inLanguage":"nb-NO"},{"@type":"Organization","@id":"https:\/\/www.vallecamping.se\/no\/#organization","name":"Valle camping AB","alternateName":"Valle camping","url":"https:\/\/www.vallecamping.se\/no\/","logo":{"@type":"ImageObject","inLanguage":"nb-NO","@id":"https:\/\/www.vallecamping.se\/no\/#\/schema\/logo\/image\/","url":"https:\/\/www.vallecamping.se\/wp-content\/uploads\/2023\/03\/Valle-Camping-Icon2303-1.png","contentUrl":"https:\/\/www.vallecamping.se\/wp-content\/uploads\/2023\/03\/Valle-Camping-Icon2303-1.png","width":500,"height":496,"caption":"Valle camping AB"},"image":{"@id":"https:\/\/www.vallecamping.se\/no\/#\/schema\/logo\/image\/"},"sameAs":["https:\/\/www.facebook.com\/vallecamping","https:\/\/www.instagram.com\/vallecampingstugor\/","https:\/\/www.youtube.com\/channel\/UCoJUm2JGJm1kc46V1JnI47Q"]}]}},"_links":{"self":[{"href":"https:\/\/www.vallecamping.se\/no\/wp-json\/wp\/v2\/pages\/15948","targetHints":{"allow":["GET"]}}],"collection":[{"href":"https:\/\/www.vallecamping.se\/no\/wp-json\/wp\/v2\/pages"}],"about":[{"href":"https:\/\/www.vallecamping.se\/no\/wp-json\/wp\/v2\/types\/page"}],"author":[{"embeddable":true,"href":"https:\/\/www.vallecamping.se\/no\/wp-json\/wp\/v2\/users\/1"}],"replies":[{"embeddable":true,"href":"https:\/\/www.vallecamping.se\/no\/wp-json\/wp\/v2\/comments?post=15948"}],"version-history":[{"count":2,"href":"https:\/\/www.vallecamping.se\/no\/wp-json\/wp\/v2\/pages\/15948\/revisions"}],"predecessor-version":[{"id":15950,"href":"https:\/\/www.vallecamping.se\/no\/wp-json\/wp\/v2\/pages\/15948\/revisions\/15950"}],"wp:attachment":[{"href":"https:\/\/www.vallecamping.se\/no\/wp-json\/wp\/v2\/media?parent=15948"}],"curies":[{"name":"wp","href":"https:\/\/api.w.org\/{rel}","templated":true}]}}