{"id":15921,"date":"2023-10-12T17:32:34","date_gmt":"2023-10-12T17:32:34","guid":{"rendered":"https:\/\/www.vallecamping.se\/kameraovervaking\/"},"modified":"2025-05-30T17:20:22","modified_gmt":"2025-05-30T17:20:22","slug":"kameraovervaking","status":"publish","type":"page","link":"https:\/\/www.vallecamping.se\/no\/kameraovervaking\/","title":{"rendered":"Kameraoverv\u00e5king"},"content":{"rendered":"<p>[et_pb_section fb_built=&raquo;1&#8243; admin_label=&raquo;Header&raquo; _builder_version=&raquo;4.16&#8243; background_image=&raquo;https:\/\/www.vallecamping.se\/wp-content\/uploads\/2020\/09\/4-baddsstugor.jpg&raquo; custom_margin=&raquo;-280px||||false|false&raquo; custom_margin_tablet=&raquo;-300px||||false|false&raquo; custom_margin_phone=&raquo;-270px||||false|false&raquo; custom_margin_last_edited=&raquo;on|phone&raquo; custom_padding=&raquo;8vw||4vw||false|&raquo; bottom_divider_style=&raquo;wave2&#8243; bottom_divider_color=&raquo;#a9bdcc&raquo; global_colors_info=&raquo;{}&raquo; da_is_popup=&raquo;off&raquo; da_exit_intent=&raquo;off&raquo; da_has_close=&raquo;on&raquo; da_alt_close=&raquo;off&raquo; da_dark_close=&raquo;off&raquo; da_not_modal=&raquo;on&raquo; da_is_singular=&raquo;off&raquo; da_with_loader=&raquo;off&raquo; da_has_shadow=&raquo;on&raquo; da_disable_devices=&raquo;off|off|off&raquo;][et_pb_row use_custom_gutter=&raquo;on&raquo; gutter_width=&raquo;2&#8243; custom_padding_last_edited=&raquo;on|phone&raquo; _builder_version=&raquo;4.16&#8243; width=&raquo;90%&raquo; max_width=&raquo;1280px&raquo; custom_padding=&raquo;100px||||false|false&raquo; custom_padding_tablet=&raquo;120px||||false|false&raquo; custom_padding_phone=&raquo;130px||||false|false&raquo; global_colors_info=&raquo;{}&raquo;][et_pb_column type=&raquo;4_4&#8243; _builder_version=&raquo;4.16&#8243; custom_padding=&raquo;|||&raquo; global_colors_info=&raquo;{}&raquo; custom_padding__hover=&raquo;|||&raquo;][et_pb_text _builder_version=&raquo;4.27.4&#8243; text_font=&raquo;|600||on|||||&raquo; text_text_color=&raquo;#ffffff&raquo; text_font_size=&raquo;22px&raquo; header_font=&raquo;|700|||||||&raquo; header_text_color=&raquo;#FFFFFF&raquo; header_font_size=&raquo;67px&raquo; header_2_font=&raquo;|700|||||||&raquo; header_2_text_color=&raquo;#ffffff&raquo; header_2_font_size=&raquo;67px&raquo; header_3_font=&raquo;|600|||||||&raquo; header_3_text_color=&raquo;#ffffff&raquo; custom_padding=&raquo;|||20px|false|false&raquo; hover_enabled=&raquo;0&#8243; text_font_size_tablet=&raquo;20px&raquo; text_font_size_phone=&raquo;15px&raquo; text_font_size_last_edited=&raquo;on|phone&raquo; header_font_size_tablet=&raquo;52px&raquo; header_font_size_phone=&raquo;32px&raquo; header_font_size_last_edited=&raquo;on|phone&raquo; header_2_font_size_tablet=&raquo;52px&raquo; header_2_font_size_phone=&raquo;40px&raquo; header_2_font_size_last_edited=&raquo;on|phone&raquo; header_3_font_size_tablet=&raquo;19px&raquo; header_3_font_size_phone=&raquo;15px&raquo; header_3_font_size_last_edited=&raquo;on|desktop&raquo; text_text_shadow_style=&raquo;preset1&#8243; header_text_shadow_style=&raquo;preset1&#8243; header_2_text_shadow_style=&raquo;preset1&#8243; global_colors_info=&raquo;{}&raquo; text_orientation=&raquo;right&raquo; sticky_enabled=&raquo;0&#8243;]<\/p>\n<h1>Kameraoverv\u00e5king<\/h1>\n<p>[\/et_pb_text][\/et_pb_column][\/et_pb_row][\/et_pb_section][et_pb_section fb_built=&raquo;1&#8243; _builder_version=&raquo;4.16&#8243; background_color=&raquo;rgba(177,193,204,0.32)&raquo; top_divider_style=&raquo;wave2&#8243; top_divider_color=&raquo;#a9bdcc&raquo; bottom_divider_style=&raquo;wave2&#8243; bottom_divider_color=&raquo;#a9bdcc&raquo; global_colors_info=&raquo;{}&raquo; da_is_popup=&raquo;off&raquo; da_exit_intent=&raquo;off&raquo; da_has_close=&raquo;on&raquo; da_alt_close=&raquo;off&raquo; da_dark_close=&raquo;off&raquo; da_not_modal=&raquo;on&raquo; da_is_singular=&raquo;off&raquo; da_with_loader=&raquo;off&raquo; da_has_shadow=&raquo;on&raquo; da_disable_devices=&raquo;off|off|off&raquo;][et_pb_row use_custom_gutter=&raquo;on&raquo; gutter_width=&raquo;2&#8243; _builder_version=&raquo;4.16&#8243; background_size=&raquo;initial&raquo; background_position=&raquo;top_left&raquo; background_repeat=&raquo;repeat&raquo; width=&raquo;90%&raquo; max_width=&raquo;1280px&raquo; custom_margin=&raquo;-120px|auto||auto|false|false&raquo; custom_margin_tablet=&raquo;-100px||||false|false&raquo; custom_margin_phone=&raquo;-100px||||false|false&raquo; custom_margin_last_edited=&raquo;on|phone&raquo; global_colors_info=&raquo;{}&raquo;][et_pb_column type=&raquo;4_4&#8243; _builder_version=&raquo;4.16&#8243; custom_padding=&raquo;|||&raquo; global_colors_info=&raquo;{}&raquo; custom_padding__hover=&raquo;|||&raquo;][et_pb_text _builder_version=&raquo;4.22.2&#8243; text_font=&raquo;||||||||&raquo; text_line_height=&raquo;2em&raquo; header_font=&raquo;||||||||&raquo; header_2_font=&raquo;Raleway|700||on|||||&raquo; header_2_text_color=&raquo;#002754&#8243; header_2_font_size=&raquo;19px&raquo; header_2_line_height=&raquo;1.2em&raquo; header_3_font=&raquo;|700|||||||&raquo; header_4_font=&raquo;|700|||||||&raquo; header_4_text_color=&raquo;#002754&#8243; header_5_line_height=&raquo;1.1em&raquo; header_6_font=&raquo;|700||on|||||&raquo; header_6_text_color=&raquo;#002754&#8243; header_6_font_size=&raquo;16px&raquo; header_6_letter_spacing=&raquo;5px&raquo; header_6_line_height=&raquo;1.8em&raquo; background_color=&raquo;rgba(255,255,255,0.71)&raquo; max_width=&raquo;1440px&raquo; module_alignment=&raquo;left&raquo; custom_margin=&raquo;|||0px|false|false&raquo; custom_padding=&raquo;20px|20px|20px|20px|true|true&raquo; border_radii=&raquo;on|10px|10px|10px|10px&raquo; global_colors_info=&raquo;{}&raquo;]<\/p>\n<p>P\u00e5 Valle Camping finnes kameraoverv\u00e5king med opptak av video (bilde og lyd).<\/p>\n<h2><strong>Form\u00e5let med kameraoverv\u00e5kingen<\/strong><\/h2>\n<p>Form\u00e5lene og det rettslige grunnlaget for kameraoverv\u00e5kingen er \u00e5 forebygge, forhindre og etterforske kriminalitet og skadeverk samt \u00e5 forebygge ulykker. Kameraoverv\u00e5kingen skjer ikke i hensikt \u00e5 overv\u00e5ke og kartlegge enkeltpersoner. Plasseringen og opptaksomr\u00e5det til kameraene er tilpasset form\u00e5let og for \u00e5 minimere inngrep i den personlige integriteten.  <\/p>\n<h2>Deling av opptatt materiale<\/h2>\n<p>Opptak fra kameraene p\u00e5 omr\u00e5det deles ikke, men lagres og behandles utelukkende av Valle Camping AB. Ved mistanke om lovbrudd vil opptak deles med relevante myndigheter, som for eksempel politiet, dersom det er n\u00f8dvendig for \u00e5 etterforske et lovbrudd. <\/p>\n<h2>Lagring av opptatt materiale<\/h2>\n<p>Alt opptatt materiale lagres innenfor EU\/E\u00d8S. Materialet lagres normalt i inntil 72 timer. Ved mistanke om lovbrudd forlenges lagringstiden for \u00e5 muliggj\u00f8re anmeldelse og etterforskning. Dersom mistanken frafalles, slettes opptaket av Valle Camping. Myndigheten som f\u00e5r tilgang til opptak vurderer videre h\u00e5ndtering.   <\/p>\n<h2>Rettigheter<\/h2>\n<p>Den som har blitt overv\u00e5ket har rett til \u00e5 f\u00e5 informasjon om overv\u00e5kingen i form av skjermbilder, f\u00e5 innsyn i opptak, protestere mot overv\u00e5kingen og be om sletting av opptak. Merk at vi, av hensyn til personvern og for \u00e5 beskytte andre personer, ikke kan s\u00f8ke gjennom materialet. Derfor m\u00e5 du som ber om tilgang kunne oppgi n\u00f8yaktig klokkeslett, dato og tidspunkt for n\u00e5r du har oppholdt deg p\u00e5 det overv\u00e5kede omr\u00e5det. Du m\u00e5 ogs\u00e5 kunne identifisere deg for \u00e5 kunne f\u00e5 utlevert slikt materiale. Ingen opplysninger gis til ikke-identifiserte personer. Vi gir heller ikke ut opptak hvor andre personer kan v\u00e6re synlige samtidig med deg. Hvis du ikke er forn\u00f8yd med hvordan vi har behandlet dine personopplysninger, kan du kontakte Datatilsynet.      <\/p>\n<h2>Behandlingsansvarlig<\/h2>\n<p>Behandlingsansvarlig er Valle Camping AB, Per-Larsg\u00e5rden 2, 532 72 Sk\u00e4rv, www.vallecamping.se, info@vallecamping.se. Du kan lese mer om hvordan vi behandler personopplysninger i v\u00e5r personvernerkl\u00e6ring: <a href=\"https:\/\/www.vallecamping.se\/no\/personvernerklaering\/\">https:\/\/www.vallecamping.se\/integritetspolicy <\/a> <\/p>\n<p>&nbsp;<\/p>\n<p>&nbsp;<\/p>\n<p><!-- \/divi:heading -->[\/et_pb_text][\/et_pb_column][\/et_pb_row][\/et_pb_section]<\/p>\n","protected":false},"excerpt":{"rendered":"<p>Kameraoverv\u00e5kingP\u00e5 Valle Camping finnes kameraoverv\u00e5king med opptak av video (bilde og lyd). Form\u00e5let med kameraoverv\u00e5kingen Form\u00e5lene og det rettslige grunnlaget for kameraoverv\u00e5kingen er \u00e5 forebygge, forhindre og etterforske kriminalitet og skadeverk samt \u00e5 forebygge ulykker. Kameraoverv\u00e5kingen skjer ikke i hensikt \u00e5 overv\u00e5ke og kartlegge enkeltpersoner. Plasseringen og opptaksomr\u00e5det til kameraene er tilpasset form\u00e5let og for [&hellip;]<\/p>\n","protected":false},"author":2,"featured_media":0,"parent":0,"menu_order":0,"comment_status":"closed","ping_status":"closed","template":"","meta":{"_et_pb_use_builder":"on","_et_pb_old_content":"","_et_gb_content_width":"","footnotes":""},"class_list":["post-15921","page","type-page","status-publish","hentry"],"yoast_head":"<!-- This site is optimized with the Yoast SEO plugin v27.4 - https:\/\/yoast.com\/product\/yoast-seo-wordpress\/ -->\n<title>Kameraoverv\u00e5king - Valle Camping AB<\/title>\n<meta name=\"robots\" content=\"index, nofollow, max-snippet:-1, max-image-preview:large, max-video-preview:-1\" \/>\n<link rel=\"canonical\" href=\"https:\/\/www.vallecamping.se\/no\/kameraovervaking\/\" \/>\n<meta property=\"og:locale\" content=\"nb_NO\" \/>\n<meta property=\"og:type\" content=\"article\" \/>\n<meta property=\"og:title\" content=\"Kameraoverv\u00e5king - Valle Camping AB\" \/>\n<meta property=\"og:description\" content=\"Kameraoverv\u00e5kingP\u00e5 Valle Camping finnes kameraoverv\u00e5king med opptak av video (bilde og lyd). Form\u00e5let med kameraoverv\u00e5kingen Form\u00e5lene og det rettslige grunnlaget for kameraoverv\u00e5kingen er \u00e5 forebygge, forhindre og etterforske kriminalitet og skadeverk samt \u00e5 forebygge ulykker. Kameraoverv\u00e5kingen skjer ikke i hensikt \u00e5 overv\u00e5ke og kartlegge enkeltpersoner. Plasseringen og opptaksomr\u00e5det til kameraene er tilpasset form\u00e5let og for [&hellip;]\" \/>\n<meta property=\"og:url\" content=\"https:\/\/www.vallecamping.se\/no\/kameraovervaking\/\" \/>\n<meta property=\"og:site_name\" content=\"Valle Camping AB\" \/>\n<meta property=\"article:publisher\" content=\"https:\/\/www.facebook.com\/vallecamping\" \/>\n<meta property=\"article:modified_time\" content=\"2025-05-30T17:20:22+00:00\" \/>\n<meta name=\"twitter:card\" content=\"summary_large_image\" \/>\n<meta name=\"twitter:label1\" content=\"Ansl. lesetid\" \/>\n\t<meta name=\"twitter:data1\" content=\"4 minutter\" \/>\n<script type=\"application\/ld+json\" class=\"yoast-schema-graph\">{\"@context\":\"https:\\\/\\\/schema.org\",\"@graph\":[{\"@type\":\"WebPage\",\"@id\":\"https:\\\/\\\/www.vallecamping.se\\\/no\\\/kameraovervaking\\\/\",\"url\":\"https:\\\/\\\/www.vallecamping.se\\\/no\\\/kameraovervaking\\\/\",\"name\":\"Kameraoverv\u00e5king - Valle Camping AB\",\"isPartOf\":{\"@id\":\"https:\\\/\\\/www.vallecamping.se\\\/no\\\/#website\"},\"datePublished\":\"2023-10-12T17:32:34+00:00\",\"dateModified\":\"2025-05-30T17:20:22+00:00\",\"breadcrumb\":{\"@id\":\"https:\\\/\\\/www.vallecamping.se\\\/no\\\/kameraovervaking\\\/#breadcrumb\"},\"inLanguage\":\"nb-NO\",\"potentialAction\":[{\"@type\":\"ReadAction\",\"target\":[\"https:\\\/\\\/www.vallecamping.se\\\/no\\\/kameraovervaking\\\/\"]}]},{\"@type\":\"BreadcrumbList\",\"@id\":\"https:\\\/\\\/www.vallecamping.se\\\/no\\\/kameraovervaking\\\/#breadcrumb\",\"itemListElement\":[{\"@type\":\"ListItem\",\"position\":1,\"name\":\"Hem\",\"item\":\"https:\\\/\\\/www.vallecamping.se\\\/no\\\/camping-naer-skara-sommarland\\\/\"},{\"@type\":\"ListItem\",\"position\":2,\"name\":\"Kameraoverv\u00e5king\"}]},{\"@type\":\"WebSite\",\"@id\":\"https:\\\/\\\/www.vallecamping.se\\\/no\\\/#website\",\"url\":\"https:\\\/\\\/www.vallecamping.se\\\/no\\\/\",\"name\":\"Valle Camping AB\",\"description\":\"Valle Camping - Stugor, camping, st\u00e4llplatser och vandrarhem vid sj\u00f6 i vackra Valle n\u00e4ra Skara sommarland, Hornborgasj\u00f6n, Varnhems klosterkyrka, Kata g\u00e5rd med mera\",\"publisher\":{\"@id\":\"https:\\\/\\\/www.vallecamping.se\\\/no\\\/#organization\"},\"alternateName\":\"Valle camping\",\"potentialAction\":[{\"@type\":\"SearchAction\",\"target\":{\"@type\":\"EntryPoint\",\"urlTemplate\":\"https:\\\/\\\/www.vallecamping.se\\\/no\\\/?s={search_term_string}\"},\"query-input\":{\"@type\":\"PropertyValueSpecification\",\"valueRequired\":true,\"valueName\":\"search_term_string\"}}],\"inLanguage\":\"nb-NO\"},{\"@type\":\"Organization\",\"@id\":\"https:\\\/\\\/www.vallecamping.se\\\/no\\\/#organization\",\"name\":\"Valle camping AB\",\"alternateName\":\"Valle camping\",\"url\":\"https:\\\/\\\/www.vallecamping.se\\\/no\\\/\",\"logo\":{\"@type\":\"ImageObject\",\"inLanguage\":\"nb-NO\",\"@id\":\"https:\\\/\\\/www.vallecamping.se\\\/no\\\/#\\\/schema\\\/logo\\\/image\\\/\",\"url\":\"https:\\\/\\\/www.vallecamping.se\\\/wp-content\\\/uploads\\\/2023\\\/03\\\/Valle-Camping-Icon2303-1.png\",\"contentUrl\":\"https:\\\/\\\/www.vallecamping.se\\\/wp-content\\\/uploads\\\/2023\\\/03\\\/Valle-Camping-Icon2303-1.png\",\"width\":500,\"height\":496,\"caption\":\"Valle camping AB\"},\"image\":{\"@id\":\"https:\\\/\\\/www.vallecamping.se\\\/no\\\/#\\\/schema\\\/logo\\\/image\\\/\"},\"sameAs\":[\"https:\\\/\\\/www.facebook.com\\\/vallecamping\",\"https:\\\/\\\/www.instagram.com\\\/vallecampingstugor\\\/\",\"https:\\\/\\\/www.youtube.com\\\/channel\\\/UCoJUm2JGJm1kc46V1JnI47Q\"]}]}<\/script>\n<!-- \/ Yoast SEO plugin. -->","yoast_head_json":{"title":"Kameraoverv\u00e5king - Valle Camping AB","robots":{"index":"index","follow":"nofollow","max-snippet":"max-snippet:-1","max-image-preview":"max-image-preview:large","max-video-preview":"max-video-preview:-1"},"canonical":"https:\/\/www.vallecamping.se\/no\/kameraovervaking\/","og_locale":"nb_NO","og_type":"article","og_title":"Kameraoverv\u00e5king - Valle Camping AB","og_description":"Kameraoverv\u00e5kingP\u00e5 Valle Camping finnes kameraoverv\u00e5king med opptak av video (bilde og lyd). Form\u00e5let med kameraoverv\u00e5kingen Form\u00e5lene og det rettslige grunnlaget for kameraoverv\u00e5kingen er \u00e5 forebygge, forhindre og etterforske kriminalitet og skadeverk samt \u00e5 forebygge ulykker. Kameraoverv\u00e5kingen skjer ikke i hensikt \u00e5 overv\u00e5ke og kartlegge enkeltpersoner. Plasseringen og opptaksomr\u00e5det til kameraene er tilpasset form\u00e5let og for [&hellip;]","og_url":"https:\/\/www.vallecamping.se\/no\/kameraovervaking\/","og_site_name":"Valle Camping AB","article_publisher":"https:\/\/www.facebook.com\/vallecamping","article_modified_time":"2025-05-30T17:20:22+00:00","twitter_card":"summary_large_image","twitter_misc":{"Ansl. lesetid":"4 minutter"},"schema":{"@context":"https:\/\/schema.org","@graph":[{"@type":"WebPage","@id":"https:\/\/www.vallecamping.se\/no\/kameraovervaking\/","url":"https:\/\/www.vallecamping.se\/no\/kameraovervaking\/","name":"Kameraoverv\u00e5king - Valle Camping AB","isPartOf":{"@id":"https:\/\/www.vallecamping.se\/no\/#website"},"datePublished":"2023-10-12T17:32:34+00:00","dateModified":"2025-05-30T17:20:22+00:00","breadcrumb":{"@id":"https:\/\/www.vallecamping.se\/no\/kameraovervaking\/#breadcrumb"},"inLanguage":"nb-NO","potentialAction":[{"@type":"ReadAction","target":["https:\/\/www.vallecamping.se\/no\/kameraovervaking\/"]}]},{"@type":"BreadcrumbList","@id":"https:\/\/www.vallecamping.se\/no\/kameraovervaking\/#breadcrumb","itemListElement":[{"@type":"ListItem","position":1,"name":"Hem","item":"https:\/\/www.vallecamping.se\/no\/camping-naer-skara-sommarland\/"},{"@type":"ListItem","position":2,"name":"Kameraoverv\u00e5king"}]},{"@type":"WebSite","@id":"https:\/\/www.vallecamping.se\/no\/#website","url":"https:\/\/www.vallecamping.se\/no\/","name":"Valle Camping AB","description":"Valle Camping - Stugor, camping, st\u00e4llplatser och vandrarhem vid sj\u00f6 i vackra Valle n\u00e4ra Skara sommarland, Hornborgasj\u00f6n, Varnhems klosterkyrka, Kata g\u00e5rd med mera","publisher":{"@id":"https:\/\/www.vallecamping.se\/no\/#organization"},"alternateName":"Valle camping","potentialAction":[{"@type":"SearchAction","target":{"@type":"EntryPoint","urlTemplate":"https:\/\/www.vallecamping.se\/no\/?s={search_term_string}"},"query-input":{"@type":"PropertyValueSpecification","valueRequired":true,"valueName":"search_term_string"}}],"inLanguage":"nb-NO"},{"@type":"Organization","@id":"https:\/\/www.vallecamping.se\/no\/#organization","name":"Valle camping AB","alternateName":"Valle camping","url":"https:\/\/www.vallecamping.se\/no\/","logo":{"@type":"ImageObject","inLanguage":"nb-NO","@id":"https:\/\/www.vallecamping.se\/no\/#\/schema\/logo\/image\/","url":"https:\/\/www.vallecamping.se\/wp-content\/uploads\/2023\/03\/Valle-Camping-Icon2303-1.png","contentUrl":"https:\/\/www.vallecamping.se\/wp-content\/uploads\/2023\/03\/Valle-Camping-Icon2303-1.png","width":500,"height":496,"caption":"Valle camping AB"},"image":{"@id":"https:\/\/www.vallecamping.se\/no\/#\/schema\/logo\/image\/"},"sameAs":["https:\/\/www.facebook.com\/vallecamping","https:\/\/www.instagram.com\/vallecampingstugor\/","https:\/\/www.youtube.com\/channel\/UCoJUm2JGJm1kc46V1JnI47Q"]}]}},"_links":{"self":[{"href":"https:\/\/www.vallecamping.se\/no\/wp-json\/wp\/v2\/pages\/15921","targetHints":{"allow":["GET"]}}],"collection":[{"href":"https:\/\/www.vallecamping.se\/no\/wp-json\/wp\/v2\/pages"}],"about":[{"href":"https:\/\/www.vallecamping.se\/no\/wp-json\/wp\/v2\/types\/page"}],"author":[{"embeddable":true,"href":"https:\/\/www.vallecamping.se\/no\/wp-json\/wp\/v2\/users\/2"}],"replies":[{"embeddable":true,"href":"https:\/\/www.vallecamping.se\/no\/wp-json\/wp\/v2\/comments?post=15921"}],"version-history":[{"count":2,"href":"https:\/\/www.vallecamping.se\/no\/wp-json\/wp\/v2\/pages\/15921\/revisions"}],"predecessor-version":[{"id":15923,"href":"https:\/\/www.vallecamping.se\/no\/wp-json\/wp\/v2\/pages\/15921\/revisions\/15923"}],"wp:attachment":[{"href":"https:\/\/www.vallecamping.se\/no\/wp-json\/wp\/v2\/media?parent=15921"}],"curies":[{"name":"wp","href":"https:\/\/api.w.org\/{rel}","templated":true}]}}