{"id":15885,"date":"2022-11-28T20:36:36","date_gmt":"2022-11-28T20:36:36","guid":{"rendered":"https:\/\/www.vallecamping.se\/administrer-bestilling\/"},"modified":"2025-05-30T14:22:33","modified_gmt":"2025-05-30T14:22:33","slug":"administrer-bestilling","status":"publish","type":"page","link":"https:\/\/www.vallecamping.se\/no\/administrer-bestilling\/","title":{"rendered":"Administrer bestilling"},"content":{"rendered":"<p>[et_pb_section fb_built=&raquo;1&#8243; _builder_version=&raquo;4.21.0&#8243; _module_preset=&raquo;default&raquo; da_disable_devices=&raquo;off|off|off&raquo; global_colors_info=&raquo;{}&raquo; da_is_popup=&raquo;off&raquo; da_exit_intent=&raquo;off&raquo; da_has_close=&raquo;on&raquo; da_alt_close=&raquo;off&raquo; da_dark_close=&raquo;off&raquo; da_not_modal=&raquo;on&raquo; da_is_singular=&raquo;off&raquo; da_with_loader=&raquo;off&raquo; da_has_shadow=&raquo;on&raquo;][\/et_pb_section][et_pb_section fb_built=&raquo;1&#8243; _builder_version=&raquo;4.21.0&#8243; _module_preset=&raquo;default&raquo; background_image=&raquo;https:\/\/www.vallecamping.se\/wp-content\/uploads\/2020\/10\/Vallecamping_natur_vandring-20102102.jpeg&raquo; custom_margin=&raquo;-375px||||false|false&raquo; custom_margin_tablet=&raquo;-300px||||false|false&raquo; custom_margin_phone=&raquo;-340px||||false|false&raquo; custom_margin_last_edited=&raquo;on|phone&raquo; custom_padding=&raquo;8vw||5px||false|false&raquo; bottom_divider_style=&raquo;wave2&#8243; bottom_divider_color=&raquo;#a9bdcc&raquo; da_disable_devices=&raquo;off|off|off&raquo; global_colors_info=&raquo;{}&raquo; da_is_popup=&raquo;off&raquo; da_exit_intent=&raquo;off&raquo; da_has_close=&raquo;on&raquo; da_alt_close=&raquo;off&raquo; da_dark_close=&raquo;off&raquo; da_not_modal=&raquo;on&raquo; da_is_singular=&raquo;off&raquo; da_with_loader=&raquo;off&raquo; da_has_shadow=&raquo;on&raquo;][et_pb_row use_custom_gutter=&raquo;on&raquo; gutter_width=&raquo;2&#8243; custom_padding_last_edited=&raquo;on|phone&raquo; _builder_version=&raquo;4.16&#8243; _module_preset=&raquo;default&raquo; width=&raquo;90%&raquo; width_tablet=&raquo;90%&raquo; width_phone=&raquo;90%&raquo; width_last_edited=&raquo;on|tablet&raquo; max_width=&raquo;1280px&raquo; custom_padding=&raquo;150px||||false|false&raquo; custom_padding_tablet=&raquo;&raquo; custom_padding_phone=&raquo;185px||||false|false&raquo; global_colors_info=&raquo;{}&raquo;][et_pb_column type=&raquo;4_4&#8243; _builder_version=&raquo;4.16&#8243; _module_preset=&raquo;default&raquo; global_colors_info=&raquo;{}&raquo;][et_pb_text _builder_version=&raquo;4.27.4&#8243; _module_preset=&raquo;default&raquo; text_font=&raquo;|600||on|||||&raquo; text_text_color=&raquo;#ffffff&raquo; text_font_size=&raquo;22px&raquo; header_font=&raquo;|700|||||||&raquo; header_text_color=&raquo;#FFFFFF&raquo; header_font_size=&raquo;67px&raquo; header_2_font=&raquo;|700|||||||&raquo; header_2_text_color=&raquo;#ffffff&raquo; header_2_font_size=&raquo;67px&raquo; header_3_font=&raquo;|600|||||||&raquo; header_3_text_color=&raquo;#ffffff&raquo; text_orientation=&raquo;right&raquo; custom_padding=&raquo;|||20px|false|false&raquo; hover_enabled=&raquo;0&#8243; text_font_size_tablet=&raquo;20px&raquo; text_font_size_phone=&raquo;15px&raquo; text_font_size_last_edited=&raquo;on|phone&raquo; header_font_size_tablet=&raquo;52px&raquo; header_font_size_phone=&raquo;40px&raquo; header_font_size_last_edited=&raquo;on|tablet&raquo; header_2_font_size_tablet=&raquo;52px&raquo; header_2_font_size_phone=&raquo;40px&raquo; header_2_font_size_last_edited=&raquo;on|phone&raquo; header_3_font_size_tablet=&raquo;19px&raquo; header_3_font_size_phone=&raquo;15px&raquo; header_3_font_size_last_edited=&raquo;on|desktop&raquo; text_text_shadow_style=&raquo;preset1&#8243; header_text_shadow_style=&raquo;preset1&#8243; header_2_text_shadow_style=&raquo;preset1&#8243; global_colors_info=&raquo;{}&raquo; header_text_align=&raquo;left&raquo; sticky_enabled=&raquo;0&#8243;]<\/p>\n<h1>ADMINISTRER BESTILLING<\/h1>\n<p style=\"text-align: left;\">ADMINISTRER DIN BESTILLING P\u00c5 NETT<\/p>\n<p>[\/et_pb_text][\/et_pb_column][\/et_pb_row][\/et_pb_section][et_pb_section fb_built=&raquo;1&#8243; _builder_version=&raquo;4.19.1&#8243; _module_preset=&raquo;default&raquo; custom_padding=&raquo;6px||0px|||&raquo; top_divider_style=&raquo;wave2&#8243; top_divider_color=&raquo;#a9bdcc&raquo; bottom_divider_style=&raquo;wave2&#8243; bottom_divider_color=&raquo;#a9bdcc&raquo; da_disable_devices=&raquo;off|off|off&raquo; global_colors_info=&raquo;{}&raquo; da_is_popup=&raquo;off&raquo; da_exit_intent=&raquo;off&raquo; da_has_close=&raquo;on&raquo; da_alt_close=&raquo;off&raquo; da_dark_close=&raquo;off&raquo; da_not_modal=&raquo;on&raquo; da_is_singular=&raquo;off&raquo; da_with_loader=&raquo;off&raquo; da_has_shadow=&raquo;on&raquo;][et_pb_row use_custom_gutter=&raquo;on&raquo; gutter_width=&raquo;2&#8243; _builder_version=&raquo;4.21.0&#8243; _module_preset=&raquo;default&raquo; background_color=&raquo;rgba(255,255,255,0.51)&raquo; width=&raquo;90%&raquo; max_width=&raquo;1280px&raquo; custom_padding=&raquo;0px|||||&raquo; border_radii=&raquo;on|10px|10px|10px|10px&raquo; global_colors_info=&raquo;{}&raquo;][et_pb_column type=&raquo;4_4&#8243; _builder_version=&raquo;4.19.1&#8243; _module_preset=&raquo;default&raquo; global_colors_info=&raquo;{}&raquo;][et_pb_code _builder_version=&raquo;4.21.0&#8243; _module_preset=&raquo;default&raquo; background_enable_color=&raquo;off&raquo; custom_margin=&raquo;||-21px|||&raquo; custom_padding=&raquo;70px||3px||false|false&raquo; global_colors_info=&raquo;{}&raquo;]<script async src=\"https:\/\/secured.sirvoy.com\/widget\/sirvoy.js\" data-form-id=\"bae19f8b23643526\" data-widget=\"review\" data-wp-plugin-version=\"5.1\"><\/script>[\/et_pb_code][et_pb_button button_url=&raquo;https:\/\/www.vallecamping.se\/no\/bestill-overnatting-naer-skara-sommarland-camping-hytter-og-rom\/&raquo; button_text=&raquo;Leter du etter bestillingssiden? Klikk her! &raquo; button_alignment=&raquo;center&raquo; _builder_version=&raquo;4.23.4&#8243; _module_preset=&raquo;default&raquo; custom_button=&raquo;on&raquo; button_text_size=&raquo;25px&raquo; button_text_color=&raquo;#004890&#8243; button_bg_color=&raquo;#FFFFFF&raquo; button_border_width=&raquo;6px&raquo; global_colors_info=&raquo;{}&raquo;][\/et_pb_button][\/et_pb_column][\/et_pb_row][\/et_pb_section]<\/p>\n","protected":false},"excerpt":{"rendered":"<p>ADMINISTRER BESTILLING ADMINISTRER DIN BESTILLING P\u00c5 NETT<script async src=\"https:\/\/secured.sirvoy.com\/widget\/sirvoy.js\" data-form-id=\"bae19f8b23643526\" data-widget=\"review\" data-wp-plugin-version=\"5.1\"><\/script><\/p>\n","protected":false},"author":2,"featured_media":0,"parent":0,"menu_order":0,"comment_status":"closed","ping_status":"closed","template":"","meta":{"_et_pb_use_builder":"on","_et_pb_old_content":"","_et_gb_content_width":"","footnotes":""},"class_list":["post-15885","page","type-page","status-publish","hentry"],"yoast_head":"<!-- This site is optimized with the Yoast SEO plugin v27.4 - https:\/\/yoast.com\/product\/yoast-seo-wordpress\/ -->\n<title>Administrer bestilling - Valle Camping AB<\/title>\n<meta name=\"robots\" content=\"index, follow, max-snippet:-1, max-image-preview:large, max-video-preview:-1\" \/>\n<link rel=\"canonical\" href=\"https:\/\/www.vallecamping.se\/no\/administrer-bestilling\/\" \/>\n<meta property=\"og:locale\" content=\"nb_NO\" \/>\n<meta property=\"og:type\" content=\"article\" \/>\n<meta property=\"og:title\" content=\"Administrer bestilling - Valle Camping AB\" \/>\n<meta property=\"og:description\" content=\"ADMINISTRER BESTILLING ADMINISTRER DIN BESTILLING P\u00c5 NETT\" \/>\n<meta property=\"og:url\" content=\"https:\/\/www.vallecamping.se\/no\/administrer-bestilling\/\" \/>\n<meta property=\"og:site_name\" content=\"Valle Camping AB\" \/>\n<meta property=\"article:publisher\" content=\"https:\/\/www.facebook.com\/vallecamping\" \/>\n<meta property=\"article:modified_time\" content=\"2025-05-30T14:22:33+00:00\" \/>\n<meta name=\"twitter:card\" content=\"summary_large_image\" \/>\n<meta name=\"twitter:label1\" content=\"Ansl. lesetid\" \/>\n\t<meta name=\"twitter:data1\" content=\"3 minutter\" \/>\n<script type=\"application\/ld+json\" class=\"yoast-schema-graph\">{\"@context\":\"https:\\\/\\\/schema.org\",\"@graph\":[{\"@type\":\"WebPage\",\"@id\":\"https:\\\/\\\/www.vallecamping.se\\\/no\\\/administrer-bestilling\\\/\",\"url\":\"https:\\\/\\\/www.vallecamping.se\\\/no\\\/administrer-bestilling\\\/\",\"name\":\"Administrer bestilling - Valle Camping AB\",\"isPartOf\":{\"@id\":\"https:\\\/\\\/www.vallecamping.se\\\/no\\\/#website\"},\"datePublished\":\"2022-11-28T20:36:36+00:00\",\"dateModified\":\"2025-05-30T14:22:33+00:00\",\"breadcrumb\":{\"@id\":\"https:\\\/\\\/www.vallecamping.se\\\/no\\\/administrer-bestilling\\\/#breadcrumb\"},\"inLanguage\":\"nb-NO\",\"potentialAction\":[{\"@type\":\"ReadAction\",\"target\":[\"https:\\\/\\\/www.vallecamping.se\\\/no\\\/administrer-bestilling\\\/\"]}]},{\"@type\":\"BreadcrumbList\",\"@id\":\"https:\\\/\\\/www.vallecamping.se\\\/no\\\/administrer-bestilling\\\/#breadcrumb\",\"itemListElement\":[{\"@type\":\"ListItem\",\"position\":1,\"name\":\"Hem\",\"item\":\"https:\\\/\\\/www.vallecamping.se\\\/no\\\/camping-naer-skara-sommarland\\\/\"},{\"@type\":\"ListItem\",\"position\":2,\"name\":\"Administrer bestilling\"}]},{\"@type\":\"WebSite\",\"@id\":\"https:\\\/\\\/www.vallecamping.se\\\/no\\\/#website\",\"url\":\"https:\\\/\\\/www.vallecamping.se\\\/no\\\/\",\"name\":\"Valle Camping AB\",\"description\":\"Valle Camping - Stugor, camping, st\u00e4llplatser och vandrarhem vid sj\u00f6 i vackra Valle n\u00e4ra Skara sommarland, Hornborgasj\u00f6n, Varnhems klosterkyrka, Kata g\u00e5rd med mera\",\"publisher\":{\"@id\":\"https:\\\/\\\/www.vallecamping.se\\\/no\\\/#organization\"},\"alternateName\":\"Valle camping\",\"potentialAction\":[{\"@type\":\"SearchAction\",\"target\":{\"@type\":\"EntryPoint\",\"urlTemplate\":\"https:\\\/\\\/www.vallecamping.se\\\/no\\\/?s={search_term_string}\"},\"query-input\":{\"@type\":\"PropertyValueSpecification\",\"valueRequired\":true,\"valueName\":\"search_term_string\"}}],\"inLanguage\":\"nb-NO\"},{\"@type\":\"Organization\",\"@id\":\"https:\\\/\\\/www.vallecamping.se\\\/no\\\/#organization\",\"name\":\"Valle camping AB\",\"alternateName\":\"Valle camping\",\"url\":\"https:\\\/\\\/www.vallecamping.se\\\/no\\\/\",\"logo\":{\"@type\":\"ImageObject\",\"inLanguage\":\"nb-NO\",\"@id\":\"https:\\\/\\\/www.vallecamping.se\\\/no\\\/#\\\/schema\\\/logo\\\/image\\\/\",\"url\":\"https:\\\/\\\/www.vallecamping.se\\\/wp-content\\\/uploads\\\/2023\\\/03\\\/Valle-Camping-Icon2303-1.png\",\"contentUrl\":\"https:\\\/\\\/www.vallecamping.se\\\/wp-content\\\/uploads\\\/2023\\\/03\\\/Valle-Camping-Icon2303-1.png\",\"width\":500,\"height\":496,\"caption\":\"Valle camping AB\"},\"image\":{\"@id\":\"https:\\\/\\\/www.vallecamping.se\\\/no\\\/#\\\/schema\\\/logo\\\/image\\\/\"},\"sameAs\":[\"https:\\\/\\\/www.facebook.com\\\/vallecamping\",\"https:\\\/\\\/www.instagram.com\\\/vallecampingstugor\\\/\",\"https:\\\/\\\/www.youtube.com\\\/channel\\\/UCoJUm2JGJm1kc46V1JnI47Q\"]}]}<\/script>\n<!-- \/ Yoast SEO plugin. -->","yoast_head_json":{"title":"Administrer bestilling - Valle Camping AB","robots":{"index":"index","follow":"follow","max-snippet":"max-snippet:-1","max-image-preview":"max-image-preview:large","max-video-preview":"max-video-preview:-1"},"canonical":"https:\/\/www.vallecamping.se\/no\/administrer-bestilling\/","og_locale":"nb_NO","og_type":"article","og_title":"Administrer bestilling - Valle Camping AB","og_description":"ADMINISTRER BESTILLING ADMINISTRER DIN BESTILLING P\u00c5 NETT","og_url":"https:\/\/www.vallecamping.se\/no\/administrer-bestilling\/","og_site_name":"Valle Camping AB","article_publisher":"https:\/\/www.facebook.com\/vallecamping","article_modified_time":"2025-05-30T14:22:33+00:00","twitter_card":"summary_large_image","twitter_misc":{"Ansl. lesetid":"3 minutter"},"schema":{"@context":"https:\/\/schema.org","@graph":[{"@type":"WebPage","@id":"https:\/\/www.vallecamping.se\/no\/administrer-bestilling\/","url":"https:\/\/www.vallecamping.se\/no\/administrer-bestilling\/","name":"Administrer bestilling - Valle Camping AB","isPartOf":{"@id":"https:\/\/www.vallecamping.se\/no\/#website"},"datePublished":"2022-11-28T20:36:36+00:00","dateModified":"2025-05-30T14:22:33+00:00","breadcrumb":{"@id":"https:\/\/www.vallecamping.se\/no\/administrer-bestilling\/#breadcrumb"},"inLanguage":"nb-NO","potentialAction":[{"@type":"ReadAction","target":["https:\/\/www.vallecamping.se\/no\/administrer-bestilling\/"]}]},{"@type":"BreadcrumbList","@id":"https:\/\/www.vallecamping.se\/no\/administrer-bestilling\/#breadcrumb","itemListElement":[{"@type":"ListItem","position":1,"name":"Hem","item":"https:\/\/www.vallecamping.se\/no\/camping-naer-skara-sommarland\/"},{"@type":"ListItem","position":2,"name":"Administrer bestilling"}]},{"@type":"WebSite","@id":"https:\/\/www.vallecamping.se\/no\/#website","url":"https:\/\/www.vallecamping.se\/no\/","name":"Valle Camping AB","description":"Valle Camping - Stugor, camping, st\u00e4llplatser och vandrarhem vid sj\u00f6 i vackra Valle n\u00e4ra Skara sommarland, Hornborgasj\u00f6n, Varnhems klosterkyrka, Kata g\u00e5rd med mera","publisher":{"@id":"https:\/\/www.vallecamping.se\/no\/#organization"},"alternateName":"Valle camping","potentialAction":[{"@type":"SearchAction","target":{"@type":"EntryPoint","urlTemplate":"https:\/\/www.vallecamping.se\/no\/?s={search_term_string}"},"query-input":{"@type":"PropertyValueSpecification","valueRequired":true,"valueName":"search_term_string"}}],"inLanguage":"nb-NO"},{"@type":"Organization","@id":"https:\/\/www.vallecamping.se\/no\/#organization","name":"Valle camping AB","alternateName":"Valle camping","url":"https:\/\/www.vallecamping.se\/no\/","logo":{"@type":"ImageObject","inLanguage":"nb-NO","@id":"https:\/\/www.vallecamping.se\/no\/#\/schema\/logo\/image\/","url":"https:\/\/www.vallecamping.se\/wp-content\/uploads\/2023\/03\/Valle-Camping-Icon2303-1.png","contentUrl":"https:\/\/www.vallecamping.se\/wp-content\/uploads\/2023\/03\/Valle-Camping-Icon2303-1.png","width":500,"height":496,"caption":"Valle camping AB"},"image":{"@id":"https:\/\/www.vallecamping.se\/no\/#\/schema\/logo\/image\/"},"sameAs":["https:\/\/www.facebook.com\/vallecamping","https:\/\/www.instagram.com\/vallecampingstugor\/","https:\/\/www.youtube.com\/channel\/UCoJUm2JGJm1kc46V1JnI47Q"]}]}},"_links":{"self":[{"href":"https:\/\/www.vallecamping.se\/no\/wp-json\/wp\/v2\/pages\/15885","targetHints":{"allow":["GET"]}}],"collection":[{"href":"https:\/\/www.vallecamping.se\/no\/wp-json\/wp\/v2\/pages"}],"about":[{"href":"https:\/\/www.vallecamping.se\/no\/wp-json\/wp\/v2\/types\/page"}],"author":[{"embeddable":true,"href":"https:\/\/www.vallecamping.se\/no\/wp-json\/wp\/v2\/users\/2"}],"replies":[{"embeddable":true,"href":"https:\/\/www.vallecamping.se\/no\/wp-json\/wp\/v2\/comments?post=15885"}],"version-history":[{"count":2,"href":"https:\/\/www.vallecamping.se\/no\/wp-json\/wp\/v2\/pages\/15885\/revisions"}],"predecessor-version":[{"id":15887,"href":"https:\/\/www.vallecamping.se\/no\/wp-json\/wp\/v2\/pages\/15885\/revisions\/15887"}],"wp:attachment":[{"href":"https:\/\/www.vallecamping.se\/no\/wp-json\/wp\/v2\/media?parent=15885"}],"curies":[{"name":"wp","href":"https:\/\/api.w.org\/{rel}","templated":true}]}}