{"id":13808,"date":"2020-10-01T14:53:27","date_gmt":"2020-10-01T14:53:27","guid":{"rendered":"https:\/\/www.vallecamping.se\/excursietips\/"},"modified":"2025-05-25T20:53:23","modified_gmt":"2025-05-25T20:53:23","slug":"excursietips","status":"publish","type":"page","link":"https:\/\/www.vallecamping.se\/nl\/excursietips\/","title":{"rendered":"Excursietips"},"content":{"rendered":"<p>[et_pb_section fb_built=&#8221;1&#8243; admin_label=&#8221;Header&#8221; _builder_version=&#8221;4.16&#8243; background_image=&#8221;https:\/\/www.vallecamping.se\/wp-content\/uploads\/2020\/09\/Valle_Camping_Utflyktsmal-100.jpeg&#8221; custom_margin=&#8221;-280px||||false|false&#8221; custom_margin_tablet=&#8221;||||false|false&#8221; custom_margin_phone=&#8221;||||false|false&#8221; custom_margin_last_edited=&#8221;on|phone&#8221; custom_padding=&#8221;8vw||||false|false&#8221; bottom_divider_style=&#8221;wave2&#8243; bottom_divider_color=&#8221;#a9bdcc&#8221; da_disable_devices=&#8221;off|off|off&#8221; global_colors_info=&#8221;{}&#8221; da_is_popup=&#8221;off&#8221; da_exit_intent=&#8221;off&#8221; da_has_close=&#8221;on&#8221; da_alt_close=&#8221;off&#8221; da_dark_close=&#8221;off&#8221; da_not_modal=&#8221;on&#8221; da_is_singular=&#8221;off&#8221; da_with_loader=&#8221;off&#8221; da_has_shadow=&#8221;on&#8221;][et_pb_row use_custom_gutter=&#8221;on&#8221; gutter_width=&#8221;2&#8243; custom_padding_last_edited=&#8221;on|phone&#8221; _builder_version=&#8221;4.27.4&#8243; _module_preset=&#8221;default&#8221; width=&#8221;90%&#8221; width_tablet=&#8221;90%&#8221; width_phone=&#8221;90%&#8221; width_last_edited=&#8221;on|tablet&#8221; max_width=&#8221;1280px&#8221; custom_padding=&#8221;150px||||false|false&#8221; custom_padding_tablet=&#8221;120px||||false|false&#8221; custom_padding_phone=&#8221;130px||||false|false&#8221; global_colors_info=&#8221;{}&#8221;][et_pb_column type=&#8221;4_4&#8243; _builder_version=&#8221;4.16&#8243; _module_preset=&#8221;default&#8221; global_colors_info=&#8221;{}&#8221;][et_pb_text _builder_version=&#8221;4.27.4&#8243; _module_preset=&#8221;default&#8221; text_font=&#8221;|600||on|||||&#8221; text_text_color=&#8221;#ffffff&#8221; text_font_size=&#8221;22px&#8221; header_font=&#8221;|700|||||||&#8221; header_text_color=&#8221;#FFFFFF&#8221; header_font_size=&#8221;62px&#8221; header_2_font=&#8221;|700|||||||&#8221; header_2_text_color=&#8221;#ffffff&#8221; header_2_font_size=&#8221;67px&#8221; header_3_font=&#8221;|600|||||||&#8221; header_3_text_color=&#8221;#ffffff&#8221; text_orientation=&#8221;right&#8221; custom_padding=&#8221;|||0px|false|false&#8221; hover_enabled=&#8221;0&#8243; text_font_size_tablet=&#8221;20px&#8221; text_font_size_phone=&#8221;15px&#8221; text_font_size_last_edited=&#8221;on|phone&#8221; header_font_size_tablet=&#8221;49px&#8221; header_font_size_phone=&#8221;36px&#8221; header_font_size_last_edited=&#8221;on|phone&#8221; header_2_font_size_tablet=&#8221;52px&#8221; header_2_font_size_phone=&#8221;40px&#8221; header_2_font_size_last_edited=&#8221;on|phone&#8221; header_3_font_size_tablet=&#8221;19px&#8221; header_3_font_size_phone=&#8221;15px&#8221; header_3_font_size_last_edited=&#8221;on|desktop&#8221; text_text_shadow_style=&#8221;preset1&#8243; header_text_shadow_style=&#8221;preset1&#8243; header_2_text_shadow_style=&#8221;preset1&#8243; global_colors_info=&#8221;{}&#8221; header_text_align=&#8221;left&#8221; sticky_enabled=&#8221;0&#8243;]<\/p>\n<h1>Excursietips<\/h1>\n<p style=\"text-align: left;\">Hier geven we tips voor activiteiten rondom Valle Camping.<\/p>\n<p>[\/et_pb_text][\/et_pb_column][\/et_pb_row][\/et_pb_section][et_pb_section fb_built=&#8221;1&#8243; _builder_version=&#8221;4.16&#8243; _module_preset=&#8221;default&#8221; background_color=&#8221;#e9effc&#8221; width=&#8221;100%&#8221; max_width=&#8221;100%&#8221; min_height=&#8221;70px&#8221; custom_padding=&#8221;||0px||false|false&#8221; top_divider_style=&#8221;wave2&#8243; top_divider_color=&#8221;#a9bdcc&#8221; bottom_divider_style=&#8221;wave2&#8243; bottom_divider_color=&#8221;#a9bdcc&#8221; da_disable_devices=&#8221;off|off|off&#8221; global_colors_info=&#8221;{}&#8221; da_is_popup=&#8221;off&#8221; da_exit_intent=&#8221;off&#8221; da_has_close=&#8221;on&#8221; da_alt_close=&#8221;off&#8221; da_dark_close=&#8221;off&#8221; da_not_modal=&#8221;on&#8221; da_is_singular=&#8221;off&#8221; da_with_loader=&#8221;off&#8221; da_has_shadow=&#8221;on&#8221;][et_pb_row use_custom_gutter=&#8221;on&#8221; gutter_width=&#8221;2&#8243; _builder_version=&#8221;4.19.4&#8243; _module_preset=&#8221;default&#8221; background_color=&#8221;rgba(0,0,0,0)&#8221; width=&#8221;90%&#8221; max_width=&#8221;1280px&#8221; min_height=&#8221;504px&#8221; custom_margin=&#8221;-180px|auto||auto|false|false&#8221; custom_margin_tablet=&#8221;&#8221; custom_margin_phone=&#8221;-120px|auto||auto|false|false&#8221; custom_margin_last_edited=&#8221;on|phone&#8221; custom_padding=&#8221;|0px||0px|false|false&#8221; global_colors_info=&#8221;{}&#8221;][et_pb_column type=&#8221;4_4&#8243; _builder_version=&#8221;4.16&#8243; _module_preset=&#8221;default&#8221; background_color=&#8221;rgba(0,0,0,0)&#8221; global_colors_info=&#8221;{}&#8221;][et_pb_text _builder_version=&#8221;4.16&#8243; text_font=&#8221;||||||||&#8221; text_line_height=&#8221;2em&#8221; header_font=&#8221;||||||||&#8221; header_2_font=&#8221;Raleway|700||on|||||&#8221; header_2_text_color=&#8221;#002754&#8243; header_2_font_size=&#8221;19px&#8221; header_2_line_height=&#8221;1.2em&#8221; header_6_font=&#8221;Raleway|700||on|||||&#8221; header_6_font_size=&#8221;16px&#8221; header_6_letter_spacing=&#8221;5px&#8221; header_6_line_height=&#8221;1.8em&#8221; background_color=&#8221;#FFFFFF&#8221; text_orientation=&#8221;center&#8221; max_width=&#8221;1440px&#8221; max_width_last_edited=&#8221;off|desktop&#8221; module_alignment=&#8221;left&#8221; custom_margin=&#8221;11px||11px||false|false&#8221; custom_padding=&#8221;10px|10px|10px|10px|true|true&#8221; header_2_font_size_tablet=&#8221;35px&#8221; header_2_font_size_phone=&#8221;25px&#8221; header_2_font_size_last_edited=&#8221;off|desktop&#8221; border_radii=&#8221;on|7px|7px|7px|7px&#8221; global_colors_info=&#8221;{}&#8221;]<\/p>\n<p style=\"text-align: left;\">Valle Camping in de gemeente Skara ligt dicht bij natuur, cultuur en plezier. Wat dacht je bijvoorbeeld van wandelen in het <a href=\"https:\/\/www.vallecamping.se\/nl\/wandelen-in-valle\/\">prachtige Valle-gebied<\/a>, meer leren over hoe <a href=\"https:\/\/www.vallecamping.se\/kata-gard\/\">de Vikingen christen werden<\/a>, je geluk beproeven tijdens de <a href=\"https:\/\/www.vallecamping.se\/stochampionatet\/\">Stochampionaat<\/a>, of nat worden in  <a href=\"https:\/\/www.vallecamping.se\/skara-sommarland\/\">het grootste waterpark van Scandinavi\u00eb. Skara sommarland<\/a>. Alles op slechts een paar minuten rijden van Valle Camping.<\/p>\n<p style=\"text-align: left;\">Als je liever op de camping blijft, kun je een wandeling maken langs een van de <a href=\"https:\/\/www.vallecamping.se\/nl\/wandelen-in-valle\/\">wandelpaden<\/a>, <a href=\"https:\/\/www.vallecamping.se\/nl\/vissen\/\">vissen <\/a> of waarom niet genieten van een heerlijk <a href=\"https:\/\/www.vallecamping.se\/nl\/sauna-nemen\/\">sauna <\/a> in de houtgestookte sauna bij de pier.<\/p>\n<h2 style=\"text-align: left;\">ONZE EXCURSIE-TIPS<\/h2>\n<p style=\"text-align: left;\">Op deze pagina hebben we verschillende excursietips verzameld voor degenen die verblijven op Valle Camping.<\/p>\n<p style=\"text-align: left;\">Op de pagina &#8220;<a href=\"https:\/\/www.sommariskara.se\/\" target=\"_blank\" rel=\"noopener\">Sommar i Skara<\/a>&#8221; vind je meer tips over wat je kunt doen tijdens je verblijf op Valle Camping.<\/p>\n<p>[\/et_pb_text][et_pb_blog fullwidth=&#8221;off&#8221; posts_number=&#8221;15&#8243; include_categories=&#8221;16&#8243; excerpt_length=&#8221;75&#8243; show_more=&#8221;on&#8221; show_author=&#8221;off&#8221; show_date=&#8221;off&#8221; show_categories=&#8221;off&#8221; _builder_version=&#8221;4.16&#8243; _module_preset=&#8221;default&#8221; header_font=&#8221;|700||on|||||&#8221; header_text_color=&#8221;#004890&#8243; header_font_size=&#8221;20px&#8221; header_line_height=&#8221;1.3em&#8221; read_more_font=&#8221;|700||on|||||&#8221; read_more_text_color=&#8221;#004890&#8243; background_color=&#8221;rgba(0,0,0,0)&#8221; custom_padding=&#8221;15px|0px||0px|false|false&#8221; custom_css_read_more=&#8221;color: #e09900;||display: block;||text-align:center;||margin-top: 10px;||border: 1px solid #ccc;||padding: 5px;||text-transform: capitalize;||letter-spacing: 1px;&#8221; border_radii=&#8221;on|12px|12px|12px|12px&#8221; box_shadow_style=&#8221;preset3&#8243; global_colors_info=&#8221;{}&#8221;][\/et_pb_blog][\/et_pb_column][\/et_pb_row][et_pb_row use_custom_gutter=&#8221;on&#8221; gutter_width=&#8221;2&#8243; make_equal=&#8221;on&#8221; _builder_version=&#8221;4.19.4&#8243; _module_preset=&#8221;default&#8221; background_color=&#8221;rgba(0,0,0,0)&#8221; width=&#8221;100%&#8221; max_width=&#8221;1280px&#8221; min_height=&#8221;504px&#8221; custom_margin=&#8221;-200px|auto||auto|false|false&#8221; custom_margin_tablet=&#8221;&#8221; custom_margin_phone=&#8221;-120px|auto||auto|false|false&#8221; custom_margin_last_edited=&#8221;on|phone&#8221; custom_padding=&#8221;13px|20px||20px|false|true&#8221; global_colors_info=&#8221;{}&#8221;][et_pb_column type=&#8221;4_4&#8243; _builder_version=&#8221;4.16&#8243; _module_preset=&#8221;default&#8221; background_color=&#8221;rgba(0,0,0,0)&#8221; global_colors_info=&#8221;{}&#8221;][et_pb_text _builder_version=&#8221;4.16&#8243; _module_preset=&#8221;default&#8221; header_2_font=&#8221;|600||on|||||&#8221; header_2_text_color=&#8221;#004890&#8243; header_3_font=&#8221;|700|||||||&#8221; header_3_text_color=&#8221;#004890&#8243; header_3_font_size=&#8221;15px&#8221; background_enable_color=&#8221;off&#8221; custom_margin=&#8221;||8px|||&#8221; custom_padding=&#8221;0px|10px|0px|0px|true|false&#8221; border_radii=&#8221;off|9px|9px||&#8221; global_colors_info=&#8221;{}&#8221;]<\/p>\n<h2>ACTIVITEITEN VALLE CAMPING<\/h2>\n<p>[\/et_pb_text][et_pb_blog fullwidth=&#8221;off&#8221; posts_number=&#8221;12&#8243; include_categories=&#8221;52&#8243; excerpt_length=&#8221;75&#8243; show_more=&#8221;on&#8221; show_author=&#8221;off&#8221; show_date=&#8221;off&#8221; show_categories=&#8221;off&#8221; _builder_version=&#8221;4.16&#8243; _module_preset=&#8221;default&#8221; header_font=&#8221;|700||on|||||&#8221; header_text_color=&#8221;#004890&#8243; header_font_size=&#8221;20px&#8221; header_line_height=&#8221;1.3em&#8221; read_more_font=&#8221;|700||on|||||&#8221; read_more_text_color=&#8221;#004890&#8243; background_color=&#8221;rgba(0,0,0,0)&#8221; custom_padding=&#8221;0px|0px||0px|false|false&#8221; custom_css_read_more=&#8221;color: #e09900;||display: block;||text-align:center;||margin-top: 10px;||border: 1px solid #ccc;||padding: 5px;||text-transform: capitalize;||letter-spacing: 1px;&#8221; border_radii=&#8221;on|12px|12px|12px|12px&#8221; box_shadow_style=&#8221;preset3&#8243; global_colors_info=&#8221;{}&#8221;][\/et_pb_blog][\/et_pb_column][\/et_pb_row][\/et_pb_section]<\/p>\n","protected":false},"excerpt":{"rendered":"<p>Excursietips Hier geven we tips voor activiteiten rondom Valle Camping.Valle Camping in de gemeente Skara ligt dicht bij natuur, cultuur en plezier. Wat dacht je bijvoorbeeld van wandelen in het prachtige Valle-gebied, meer leren over hoe de Vikingen christen werden, je geluk beproeven tijdens de Stochampionaat, of nat worden in het grootste waterpark van Scandinavi\u00eb. [&hellip;]<\/p>\n","protected":false},"author":1,"featured_media":0,"parent":0,"menu_order":0,"comment_status":"closed","ping_status":"closed","template":"","meta":{"_et_pb_use_builder":"on","_et_pb_old_content":"","_et_gb_content_width":"","footnotes":""},"class_list":["post-13808","page","type-page","status-publish","hentry"],"yoast_head":"<!-- This site is optimized with the Yoast SEO plugin v27.5 - https:\/\/yoast.com\/product\/yoast-seo-wordpress\/ -->\n<title>Excursietips - Valle Camping AB<\/title>\n<meta name=\"description\" content=\"Excursietips rondom Skara. Skara Sommarland, Axevalla Renbaan, Hornborga Meer en Kata Boerderij liggen slechts enkele kilometers verderop.\" \/>\n<meta name=\"robots\" content=\"index, follow, max-snippet:-1, max-image-preview:large, max-video-preview:-1\" \/>\n<link rel=\"canonical\" href=\"https:\/\/www.vallecamping.se\/nl\/excursietips\/\" \/>\n<meta property=\"og:locale\" content=\"nl_NL\" \/>\n<meta property=\"og:type\" content=\"article\" \/>\n<meta property=\"og:title\" content=\"Excursietips - Valle Camping AB\" \/>\n<meta property=\"og:description\" content=\"Excursietips rondom Skara. Skara Sommarland, Axevalla Renbaan, Hornborga Meer en Kata Boerderij liggen slechts enkele kilometers verderop.\" \/>\n<meta property=\"og:url\" content=\"https:\/\/www.vallecamping.se\/nl\/excursietips\/\" \/>\n<meta property=\"og:site_name\" content=\"Valle Camping AB\" \/>\n<meta property=\"article:publisher\" content=\"https:\/\/www.facebook.com\/vallecamping\" \/>\n<meta property=\"article:modified_time\" content=\"2025-05-25T20:53:23+00:00\" \/>\n<meta name=\"twitter:card\" content=\"summary_large_image\" \/>\n<meta name=\"twitter:label1\" content=\"Geschatte leestijd\" \/>\n\t<meta name=\"twitter:data1\" content=\"5 minuten\" \/>\n<script type=\"application\/ld+json\" class=\"yoast-schema-graph\">{\"@context\":\"https:\\\/\\\/schema.org\",\"@graph\":[{\"@type\":\"WebPage\",\"@id\":\"https:\\\/\\\/www.vallecamping.se\\\/nl\\\/excursietips\\\/\",\"url\":\"https:\\\/\\\/www.vallecamping.se\\\/nl\\\/excursietips\\\/\",\"name\":\"Excursietips - Valle Camping AB\",\"isPartOf\":{\"@id\":\"https:\\\/\\\/www.vallecamping.se\\\/nl\\\/#website\"},\"datePublished\":\"2020-10-01T14:53:27+00:00\",\"dateModified\":\"2025-05-25T20:53:23+00:00\",\"description\":\"Excursietips rondom Skara. Skara Sommarland, Axevalla Renbaan, Hornborga Meer en Kata Boerderij liggen slechts enkele kilometers verderop.\",\"breadcrumb\":{\"@id\":\"https:\\\/\\\/www.vallecamping.se\\\/nl\\\/excursietips\\\/#breadcrumb\"},\"inLanguage\":\"nl-NL\",\"potentialAction\":[{\"@type\":\"ReadAction\",\"target\":[\"https:\\\/\\\/www.vallecamping.se\\\/nl\\\/excursietips\\\/\"]}]},{\"@type\":\"BreadcrumbList\",\"@id\":\"https:\\\/\\\/www.vallecamping.se\\\/nl\\\/excursietips\\\/#breadcrumb\",\"itemListElement\":[{\"@type\":\"ListItem\",\"position\":1,\"name\":\"Hem\",\"item\":\"https:\\\/\\\/www.vallecamping.se\\\/nl\\\/\"},{\"@type\":\"ListItem\",\"position\":2,\"name\":\"Excursietips\"}]},{\"@type\":\"WebSite\",\"@id\":\"https:\\\/\\\/www.vallecamping.se\\\/nl\\\/#website\",\"url\":\"https:\\\/\\\/www.vallecamping.se\\\/nl\\\/\",\"name\":\"Valle Camping AB\",\"description\":\"Valle Camping - Stugor, camping, st\u00e4llplatser och vandrarhem vid sj\u00f6 i vackra Valle n\u00e4ra Skara sommarland, Hornborgasj\u00f6n, Varnhems klosterkyrka, Kata g\u00e5rd med mera\",\"publisher\":{\"@id\":\"https:\\\/\\\/www.vallecamping.se\\\/nl\\\/#organization\"},\"alternateName\":\"Valle camping\",\"potentialAction\":[{\"@type\":\"SearchAction\",\"target\":{\"@type\":\"EntryPoint\",\"urlTemplate\":\"https:\\\/\\\/www.vallecamping.se\\\/nl\\\/?s={search_term_string}\"},\"query-input\":{\"@type\":\"PropertyValueSpecification\",\"valueRequired\":true,\"valueName\":\"search_term_string\"}}],\"inLanguage\":\"nl-NL\"},{\"@type\":\"Organization\",\"@id\":\"https:\\\/\\\/www.vallecamping.se\\\/nl\\\/#organization\",\"name\":\"Valle camping AB\",\"alternateName\":\"Valle camping\",\"url\":\"https:\\\/\\\/www.vallecamping.se\\\/nl\\\/\",\"logo\":{\"@type\":\"ImageObject\",\"inLanguage\":\"nl-NL\",\"@id\":\"https:\\\/\\\/www.vallecamping.se\\\/nl\\\/#\\\/schema\\\/logo\\\/image\\\/\",\"url\":\"https:\\\/\\\/www.vallecamping.se\\\/wp-content\\\/uploads\\\/2023\\\/03\\\/Valle-Camping-Icon2303-1.png\",\"contentUrl\":\"https:\\\/\\\/www.vallecamping.se\\\/wp-content\\\/uploads\\\/2023\\\/03\\\/Valle-Camping-Icon2303-1.png\",\"width\":500,\"height\":496,\"caption\":\"Valle camping AB\"},\"image\":{\"@id\":\"https:\\\/\\\/www.vallecamping.se\\\/nl\\\/#\\\/schema\\\/logo\\\/image\\\/\"},\"sameAs\":[\"https:\\\/\\\/www.facebook.com\\\/vallecamping\",\"https:\\\/\\\/www.instagram.com\\\/vallecampingstugor\\\/\",\"https:\\\/\\\/www.youtube.com\\\/channel\\\/UCoJUm2JGJm1kc46V1JnI47Q\"]}]}<\/script>\n<!-- \/ Yoast SEO plugin. -->","yoast_head_json":{"title":"Excursietips - Valle Camping AB","description":"Excursietips rondom Skara. Skara Sommarland, Axevalla Renbaan, Hornborga Meer en Kata Boerderij liggen slechts enkele kilometers verderop.","robots":{"index":"index","follow":"follow","max-snippet":"max-snippet:-1","max-image-preview":"max-image-preview:large","max-video-preview":"max-video-preview:-1"},"canonical":"https:\/\/www.vallecamping.se\/nl\/excursietips\/","og_locale":"nl_NL","og_type":"article","og_title":"Excursietips - Valle Camping AB","og_description":"Excursietips rondom Skara. Skara Sommarland, Axevalla Renbaan, Hornborga Meer en Kata Boerderij liggen slechts enkele kilometers verderop.","og_url":"https:\/\/www.vallecamping.se\/nl\/excursietips\/","og_site_name":"Valle Camping AB","article_publisher":"https:\/\/www.facebook.com\/vallecamping","article_modified_time":"2025-05-25T20:53:23+00:00","twitter_card":"summary_large_image","twitter_misc":{"Geschatte leestijd":"5 minuten"},"schema":{"@context":"https:\/\/schema.org","@graph":[{"@type":"WebPage","@id":"https:\/\/www.vallecamping.se\/nl\/excursietips\/","url":"https:\/\/www.vallecamping.se\/nl\/excursietips\/","name":"Excursietips - Valle Camping AB","isPartOf":{"@id":"https:\/\/www.vallecamping.se\/nl\/#website"},"datePublished":"2020-10-01T14:53:27+00:00","dateModified":"2025-05-25T20:53:23+00:00","description":"Excursietips rondom Skara. Skara Sommarland, Axevalla Renbaan, Hornborga Meer en Kata Boerderij liggen slechts enkele kilometers verderop.","breadcrumb":{"@id":"https:\/\/www.vallecamping.se\/nl\/excursietips\/#breadcrumb"},"inLanguage":"nl-NL","potentialAction":[{"@type":"ReadAction","target":["https:\/\/www.vallecamping.se\/nl\/excursietips\/"]}]},{"@type":"BreadcrumbList","@id":"https:\/\/www.vallecamping.se\/nl\/excursietips\/#breadcrumb","itemListElement":[{"@type":"ListItem","position":1,"name":"Hem","item":"https:\/\/www.vallecamping.se\/nl\/"},{"@type":"ListItem","position":2,"name":"Excursietips"}]},{"@type":"WebSite","@id":"https:\/\/www.vallecamping.se\/nl\/#website","url":"https:\/\/www.vallecamping.se\/nl\/","name":"Valle Camping AB","description":"Valle Camping - Stugor, camping, st\u00e4llplatser och vandrarhem vid sj\u00f6 i vackra Valle n\u00e4ra Skara sommarland, Hornborgasj\u00f6n, Varnhems klosterkyrka, Kata g\u00e5rd med mera","publisher":{"@id":"https:\/\/www.vallecamping.se\/nl\/#organization"},"alternateName":"Valle camping","potentialAction":[{"@type":"SearchAction","target":{"@type":"EntryPoint","urlTemplate":"https:\/\/www.vallecamping.se\/nl\/?s={search_term_string}"},"query-input":{"@type":"PropertyValueSpecification","valueRequired":true,"valueName":"search_term_string"}}],"inLanguage":"nl-NL"},{"@type":"Organization","@id":"https:\/\/www.vallecamping.se\/nl\/#organization","name":"Valle camping AB","alternateName":"Valle camping","url":"https:\/\/www.vallecamping.se\/nl\/","logo":{"@type":"ImageObject","inLanguage":"nl-NL","@id":"https:\/\/www.vallecamping.se\/nl\/#\/schema\/logo\/image\/","url":"https:\/\/www.vallecamping.se\/wp-content\/uploads\/2023\/03\/Valle-Camping-Icon2303-1.png","contentUrl":"https:\/\/www.vallecamping.se\/wp-content\/uploads\/2023\/03\/Valle-Camping-Icon2303-1.png","width":500,"height":496,"caption":"Valle camping AB"},"image":{"@id":"https:\/\/www.vallecamping.se\/nl\/#\/schema\/logo\/image\/"},"sameAs":["https:\/\/www.facebook.com\/vallecamping","https:\/\/www.instagram.com\/vallecampingstugor\/","https:\/\/www.youtube.com\/channel\/UCoJUm2JGJm1kc46V1JnI47Q"]}]}},"_links":{"self":[{"href":"https:\/\/www.vallecamping.se\/nl\/wp-json\/wp\/v2\/pages\/13808","targetHints":{"allow":["GET"]}}],"collection":[{"href":"https:\/\/www.vallecamping.se\/nl\/wp-json\/wp\/v2\/pages"}],"about":[{"href":"https:\/\/www.vallecamping.se\/nl\/wp-json\/wp\/v2\/types\/page"}],"author":[{"embeddable":true,"href":"https:\/\/www.vallecamping.se\/nl\/wp-json\/wp\/v2\/users\/1"}],"replies":[{"embeddable":true,"href":"https:\/\/www.vallecamping.se\/nl\/wp-json\/wp\/v2\/comments?post=13808"}],"version-history":[{"count":6,"href":"https:\/\/www.vallecamping.se\/nl\/wp-json\/wp\/v2\/pages\/13808\/revisions"}],"predecessor-version":[{"id":15660,"href":"https:\/\/www.vallecamping.se\/nl\/wp-json\/wp\/v2\/pages\/13808\/revisions\/15660"}],"wp:attachment":[{"href":"https:\/\/www.vallecamping.se\/nl\/wp-json\/wp\/v2\/media?parent=13808"}],"curies":[{"name":"wp","href":"https:\/\/api.w.org\/{rel}","templated":true}]}}