{"id":13779,"date":"2023-10-12T17:32:34","date_gmt":"2023-10-12T17:32:34","guid":{"rendered":"https:\/\/www.vallecamping.se\/cameratoezicht\/"},"modified":"2025-02-14T14:52:53","modified_gmt":"2025-02-14T14:52:53","slug":"cameratoezicht","status":"publish","type":"page","link":"https:\/\/www.vallecamping.se\/nl\/cameratoezicht\/","title":{"rendered":"Cameratoezicht"},"content":{"rendered":"<p>[et_pb_section fb_built=&#8221;1&#8243; admin_label=&#8221;Header&#8221; _builder_version=&#8221;4.16&#8243; background_image=&#8221;https:\/\/www.vallecamping.se\/wp-content\/uploads\/2020\/09\/4-baddsstugor.jpg&#8221; custom_margin=&#8221;-280px||||false|false&#8221; custom_margin_tablet=&#8221;-300px||||false|false&#8221; custom_margin_phone=&#8221;-270px||||false|false&#8221; custom_margin_last_edited=&#8221;on|phone&#8221; custom_padding=&#8221;8vw||4vw||false|&#8221; bottom_divider_style=&#8221;wave2&#8243; bottom_divider_color=&#8221;#a9bdcc&#8221; global_colors_info=&#8221;{}&#8221; da_is_popup=&#8221;off&#8221; da_exit_intent=&#8221;off&#8221; da_has_close=&#8221;on&#8221; da_alt_close=&#8221;off&#8221; da_dark_close=&#8221;off&#8221; da_not_modal=&#8221;on&#8221; da_is_singular=&#8221;off&#8221; da_with_loader=&#8221;off&#8221; da_has_shadow=&#8221;on&#8221; da_disable_devices=&#8221;off|off|off&#8221;][et_pb_row use_custom_gutter=&#8221;on&#8221; gutter_width=&#8221;2&#8243; custom_padding_last_edited=&#8221;on|phone&#8221; _builder_version=&#8221;4.16&#8243; width=&#8221;90%&#8221; max_width=&#8221;1280px&#8221; custom_padding=&#8221;100px||||false|false&#8221; custom_padding_tablet=&#8221;120px||||false|false&#8221; custom_padding_phone=&#8221;130px||||false|false&#8221; global_colors_info=&#8221;{}&#8221;][et_pb_column type=&#8221;4_4&#8243; _builder_version=&#8221;4.16&#8243; custom_padding=&#8221;|||&#8221; global_colors_info=&#8221;{}&#8221; custom_padding__hover=&#8221;|||&#8221;][et_pb_text _builder_version=&#8221;4.27.4&#8243; text_font=&#8221;|600||on|||||&#8221; text_text_color=&#8221;#ffffff&#8221; text_font_size=&#8221;22px&#8221; header_font=&#8221;|700|||||||&#8221; header_text_color=&#8221;#FFFFFF&#8221; header_font_size=&#8221;67px&#8221; header_2_font=&#8221;|700|||||||&#8221; header_2_text_color=&#8221;#ffffff&#8221; header_2_font_size=&#8221;67px&#8221; header_3_font=&#8221;|600|||||||&#8221; header_3_text_color=&#8221;#ffffff&#8221; custom_padding=&#8221;|||20px|false|false&#8221; hover_enabled=&#8221;0&#8243; text_font_size_tablet=&#8221;20px&#8221; text_font_size_phone=&#8221;15px&#8221; text_font_size_last_edited=&#8221;on|phone&#8221; header_font_size_tablet=&#8221;52px&#8221; header_font_size_phone=&#8221;32px&#8221; header_font_size_last_edited=&#8221;on|phone&#8221; header_2_font_size_tablet=&#8221;52px&#8221; header_2_font_size_phone=&#8221;40px&#8221; header_2_font_size_last_edited=&#8221;on|phone&#8221; header_3_font_size_tablet=&#8221;19px&#8221; header_3_font_size_phone=&#8221;15px&#8221; header_3_font_size_last_edited=&#8221;on|desktop&#8221; text_text_shadow_style=&#8221;preset1&#8243; header_text_shadow_style=&#8221;preset1&#8243; header_2_text_shadow_style=&#8221;preset1&#8243; global_colors_info=&#8221;{}&#8221; text_orientation=&#8221;right&#8221; sticky_enabled=&#8221;0&#8243;]<\/p>\n<h1>Cameratoezicht<\/h1>\n<p>[\/et_pb_text][\/et_pb_column][\/et_pb_row][\/et_pb_section][et_pb_section fb_built=&#8221;1&#8243; _builder_version=&#8221;4.16&#8243; background_color=&#8221;rgba(177,193,204,0.32)&#8221; top_divider_style=&#8221;wave2&#8243; top_divider_color=&#8221;#a9bdcc&#8221; bottom_divider_style=&#8221;wave2&#8243; bottom_divider_color=&#8221;#a9bdcc&#8221; global_colors_info=&#8221;{}&#8221; da_is_popup=&#8221;off&#8221; da_exit_intent=&#8221;off&#8221; da_has_close=&#8221;on&#8221; da_alt_close=&#8221;off&#8221; da_dark_close=&#8221;off&#8221; da_not_modal=&#8221;on&#8221; da_is_singular=&#8221;off&#8221; da_with_loader=&#8221;off&#8221; da_has_shadow=&#8221;on&#8221; da_disable_devices=&#8221;off|off|off&#8221;][et_pb_row use_custom_gutter=&#8221;on&#8221; gutter_width=&#8221;2&#8243; _builder_version=&#8221;4.16&#8243; background_size=&#8221;initial&#8221; background_position=&#8221;top_left&#8221; background_repeat=&#8221;repeat&#8221; width=&#8221;90%&#8221; max_width=&#8221;1280px&#8221; custom_margin=&#8221;-120px|auto||auto|false|false&#8221; custom_margin_tablet=&#8221;-100px||||false|false&#8221; custom_margin_phone=&#8221;-100px||||false|false&#8221; custom_margin_last_edited=&#8221;on|phone&#8221; global_colors_info=&#8221;{}&#8221;][et_pb_column type=&#8221;4_4&#8243; _builder_version=&#8221;4.16&#8243; custom_padding=&#8221;|||&#8221; global_colors_info=&#8221;{}&#8221; custom_padding__hover=&#8221;|||&#8221;][et_pb_text _builder_version=&#8221;4.22.2&#8243; text_font=&#8221;||||||||&#8221; text_line_height=&#8221;2em&#8221; header_font=&#8221;||||||||&#8221; header_2_font=&#8221;Raleway|700||on|||||&#8221; header_2_text_color=&#8221;#002754&#8243; header_2_font_size=&#8221;19px&#8221; header_2_line_height=&#8221;1.2em&#8221; header_3_font=&#8221;|700|||||||&#8221; header_4_font=&#8221;|700|||||||&#8221; header_4_text_color=&#8221;#002754&#8243; header_5_line_height=&#8221;1.1em&#8221; header_6_font=&#8221;|700||on|||||&#8221; header_6_text_color=&#8221;#002754&#8243; header_6_font_size=&#8221;16px&#8221; header_6_letter_spacing=&#8221;5px&#8221; header_6_line_height=&#8221;1.8em&#8221; background_color=&#8221;rgba(255,255,255,0.71)&#8221; max_width=&#8221;1440px&#8221; module_alignment=&#8221;left&#8221; custom_margin=&#8221;|||0px|false|false&#8221; custom_padding=&#8221;20px|20px|20px|20px|true|true&#8221; border_radii=&#8221;on|10px|10px|10px|10px&#8221; global_colors_info=&#8221;{}&#8221;]<\/p>\n<p>Bij Valle Camping is er cameratoezicht met video-opname (beeld en geluid).<\/p>\n<h2><strong>Het doel van het cameratoezicht<\/strong><\/h2>\n<p>Het doel en het gerechtvaardigd belang van het cameratoezicht zijn het voorkomen, voorkomen en onderzoeken van misdrijven en vandalisme, evenals het voorkomen van ongelukken. Cameratoezicht wordt niet uitgevoerd om individuele personen te volgen of in kaart te brengen. De plaatsing en het opnamedomein van de camera&#8217;s zijn aangepast aan het doel van het cameratoezicht en om de inbreuk op de persoonlijke privacy te minimaliseren.  <\/p>\n<h2>Delen van opgenomen materiaal<\/h2>\n<p>Het materiaal dat door de camera&#8217;s op het terrein wordt vastgelegd, wordt niet gedeeld, maar alleen opgeslagen en verwerkt door Valle Camping AB. Mocht er echter een verdenking van een misdrijf zijn, wordt het materiaal gedeeld met de wetshandhavingsinstanties, zoals bijvoorbeeld de politie, indien dit nodig is om een gepleegd misdrijf te onderzoeken. <\/p>\n<h2>Opslag van opgenomen materiaal<\/h2>\n<p>Al het opgenomen materiaal wordt opgeslagen binnen de EU\/EER. Het materiaal wordt normaal gesproken tot 72 uur bewaard, maar als er een verdenking van een misdrijf is, wordt de bewaartermijn verlengd om een aangifte en onderzoek naar het misdrijf mogelijk te maken. Als de verdenking van een misdrijf wordt verworpen, wordt de inhoud door Valle Camping verwijderd. De autoriteit die het opgenomen materiaal inzien, bepaalt de verdere verwerking ervan.   <\/p>\n<h2>Rechten<\/h2>\n<p>Degene die wordt bewaakt, heeft het recht om informatie te ontvangen over de bewaking in de vorm van schermafdrukken, toegang te krijgen tot opgenomen materiaal, bezwaar te maken tegen de bewaking en te verzoeken om het materiaal te verwijderen. Houd er rekening mee dat we vanwege privacyredenen en ter bescherming van andere personen geen materiaal doorzoeken. Daarom moet je, als je toegang tot het materiaal aanvraagt, het tijdstip, datum en de tijd kunnen opgeven waarop je je op de bewaakte locatie bevond. Je moet je ook kunnen identificeren om toegang tot dergelijke gegevens te kunnen aanvragen. Er worden geen gegevens verstrekt aan niet-ge\u00efdentificeerde personen. We zullen ook geen gegevens verstrekken over andere personen die mogelijk in het beeldmateriaal staan, samen met jou. Als je niet tevreden bent over hoe we je persoonsgegevens hebben behandeld, kun je contact opnemen met de Autoriteit voor Gegevensbescherming.      <\/p>\n<h2>Verantwoordelijke voor persoonsgegevens<\/h2>\n<p>De verantwoordelijke voor persoonsgegevens is Valle Camping AB, Per-Larsg\u00e5rden 2, 532 72 Sk\u00e4rv, www.vallecamping.se, info@vallecamping.se. Je kunt meer lezen over hoe we persoonsgegevens verwerken in ons privacybeleid: <a href=\"https:\/\/www.vallecamping.se\/nl\/privacybeleid\/\">https:\/\/www.vallecamping.se\/integritetspolicy<\/a> <\/p>\n<p>&nbsp;<\/p>\n<p>&nbsp;<\/p>\n<p><!-- \/divi:heading -->[\/et_pb_text][\/et_pb_column][\/et_pb_row][\/et_pb_section]<\/p>\n","protected":false},"excerpt":{"rendered":"<p>CameratoezichtBij Valle Camping is er cameratoezicht met video-opname (beeld en geluid). Het doel van het cameratoezicht Het doel en het gerechtvaardigd belang van het cameratoezicht zijn het voorkomen, voorkomen en onderzoeken van misdrijven en vandalisme, evenals het voorkomen van ongelukken. Cameratoezicht wordt niet uitgevoerd om individuele personen te volgen of in kaart te brengen. De [&hellip;]<\/p>\n","protected":false},"author":2,"featured_media":0,"parent":0,"menu_order":0,"comment_status":"closed","ping_status":"closed","template":"","meta":{"_et_pb_use_builder":"on","_et_pb_old_content":"","_et_gb_content_width":"","footnotes":""},"class_list":["post-13779","page","type-page","status-publish","hentry"],"yoast_head":"<!-- This site is optimized with the Yoast SEO plugin v27.4 - https:\/\/yoast.com\/product\/yoast-seo-wordpress\/ -->\n<title>Cameratoezicht - Valle Camping AB<\/title>\n<meta name=\"robots\" content=\"index, nofollow, max-snippet:-1, max-image-preview:large, max-video-preview:-1\" \/>\n<link rel=\"canonical\" href=\"https:\/\/www.vallecamping.se\/nl\/cameratoezicht\/\" \/>\n<meta property=\"og:locale\" content=\"nl_NL\" \/>\n<meta property=\"og:type\" content=\"article\" \/>\n<meta property=\"og:title\" content=\"Cameratoezicht - Valle Camping AB\" \/>\n<meta property=\"og:description\" content=\"CameratoezichtBij Valle Camping is er cameratoezicht met video-opname (beeld en geluid). Het doel van het cameratoezicht Het doel en het gerechtvaardigd belang van het cameratoezicht zijn het voorkomen, voorkomen en onderzoeken van misdrijven en vandalisme, evenals het voorkomen van ongelukken. Cameratoezicht wordt niet uitgevoerd om individuele personen te volgen of in kaart te brengen. De [&hellip;]\" \/>\n<meta property=\"og:url\" content=\"https:\/\/www.vallecamping.se\/nl\/cameratoezicht\/\" \/>\n<meta property=\"og:site_name\" content=\"Valle Camping AB\" \/>\n<meta property=\"article:publisher\" content=\"https:\/\/www.facebook.com\/vallecamping\" \/>\n<meta property=\"article:modified_time\" content=\"2025-02-14T14:52:53+00:00\" \/>\n<meta name=\"twitter:card\" content=\"summary_large_image\" \/>\n<meta name=\"twitter:label1\" content=\"Geschatte leestijd\" \/>\n\t<meta name=\"twitter:data1\" content=\"5 minuten\" \/>\n<script type=\"application\/ld+json\" class=\"yoast-schema-graph\">{\"@context\":\"https:\\\/\\\/schema.org\",\"@graph\":[{\"@type\":\"WebPage\",\"@id\":\"https:\\\/\\\/www.vallecamping.se\\\/nl\\\/cameratoezicht\\\/\",\"url\":\"https:\\\/\\\/www.vallecamping.se\\\/nl\\\/cameratoezicht\\\/\",\"name\":\"Cameratoezicht - Valle Camping AB\",\"isPartOf\":{\"@id\":\"https:\\\/\\\/www.vallecamping.se\\\/nl\\\/#website\"},\"datePublished\":\"2023-10-12T17:32:34+00:00\",\"dateModified\":\"2025-02-14T14:52:53+00:00\",\"breadcrumb\":{\"@id\":\"https:\\\/\\\/www.vallecamping.se\\\/nl\\\/cameratoezicht\\\/#breadcrumb\"},\"inLanguage\":\"nl-NL\",\"potentialAction\":[{\"@type\":\"ReadAction\",\"target\":[\"https:\\\/\\\/www.vallecamping.se\\\/nl\\\/cameratoezicht\\\/\"]}]},{\"@type\":\"BreadcrumbList\",\"@id\":\"https:\\\/\\\/www.vallecamping.se\\\/nl\\\/cameratoezicht\\\/#breadcrumb\",\"itemListElement\":[{\"@type\":\"ListItem\",\"position\":1,\"name\":\"Hem\",\"item\":\"https:\\\/\\\/www.vallecamping.se\\\/nl\\\/\"},{\"@type\":\"ListItem\",\"position\":2,\"name\":\"Cameratoezicht\"}]},{\"@type\":\"WebSite\",\"@id\":\"https:\\\/\\\/www.vallecamping.se\\\/nl\\\/#website\",\"url\":\"https:\\\/\\\/www.vallecamping.se\\\/nl\\\/\",\"name\":\"Valle Camping AB\",\"description\":\"Valle Camping - Stugor, camping, st\u00e4llplatser och vandrarhem vid sj\u00f6 i vackra Valle n\u00e4ra Skara sommarland, Hornborgasj\u00f6n, Varnhems klosterkyrka, Kata g\u00e5rd med mera\",\"publisher\":{\"@id\":\"https:\\\/\\\/www.vallecamping.se\\\/nl\\\/#organization\"},\"alternateName\":\"Valle camping\",\"potentialAction\":[{\"@type\":\"SearchAction\",\"target\":{\"@type\":\"EntryPoint\",\"urlTemplate\":\"https:\\\/\\\/www.vallecamping.se\\\/nl\\\/?s={search_term_string}\"},\"query-input\":{\"@type\":\"PropertyValueSpecification\",\"valueRequired\":true,\"valueName\":\"search_term_string\"}}],\"inLanguage\":\"nl-NL\"},{\"@type\":\"Organization\",\"@id\":\"https:\\\/\\\/www.vallecamping.se\\\/nl\\\/#organization\",\"name\":\"Valle camping AB\",\"alternateName\":\"Valle camping\",\"url\":\"https:\\\/\\\/www.vallecamping.se\\\/nl\\\/\",\"logo\":{\"@type\":\"ImageObject\",\"inLanguage\":\"nl-NL\",\"@id\":\"https:\\\/\\\/www.vallecamping.se\\\/nl\\\/#\\\/schema\\\/logo\\\/image\\\/\",\"url\":\"https:\\\/\\\/www.vallecamping.se\\\/wp-content\\\/uploads\\\/2023\\\/03\\\/Valle-Camping-Icon2303-1.png\",\"contentUrl\":\"https:\\\/\\\/www.vallecamping.se\\\/wp-content\\\/uploads\\\/2023\\\/03\\\/Valle-Camping-Icon2303-1.png\",\"width\":500,\"height\":496,\"caption\":\"Valle camping AB\"},\"image\":{\"@id\":\"https:\\\/\\\/www.vallecamping.se\\\/nl\\\/#\\\/schema\\\/logo\\\/image\\\/\"},\"sameAs\":[\"https:\\\/\\\/www.facebook.com\\\/vallecamping\",\"https:\\\/\\\/www.instagram.com\\\/vallecampingstugor\\\/\",\"https:\\\/\\\/www.youtube.com\\\/channel\\\/UCoJUm2JGJm1kc46V1JnI47Q\"]}]}<\/script>\n<!-- \/ Yoast SEO plugin. -->","yoast_head_json":{"title":"Cameratoezicht - Valle Camping AB","robots":{"index":"index","follow":"nofollow","max-snippet":"max-snippet:-1","max-image-preview":"max-image-preview:large","max-video-preview":"max-video-preview:-1"},"canonical":"https:\/\/www.vallecamping.se\/nl\/cameratoezicht\/","og_locale":"nl_NL","og_type":"article","og_title":"Cameratoezicht - Valle Camping AB","og_description":"CameratoezichtBij Valle Camping is er cameratoezicht met video-opname (beeld en geluid). Het doel van het cameratoezicht Het doel en het gerechtvaardigd belang van het cameratoezicht zijn het voorkomen, voorkomen en onderzoeken van misdrijven en vandalisme, evenals het voorkomen van ongelukken. Cameratoezicht wordt niet uitgevoerd om individuele personen te volgen of in kaart te brengen. De [&hellip;]","og_url":"https:\/\/www.vallecamping.se\/nl\/cameratoezicht\/","og_site_name":"Valle Camping AB","article_publisher":"https:\/\/www.facebook.com\/vallecamping","article_modified_time":"2025-02-14T14:52:53+00:00","twitter_card":"summary_large_image","twitter_misc":{"Geschatte leestijd":"5 minuten"},"schema":{"@context":"https:\/\/schema.org","@graph":[{"@type":"WebPage","@id":"https:\/\/www.vallecamping.se\/nl\/cameratoezicht\/","url":"https:\/\/www.vallecamping.se\/nl\/cameratoezicht\/","name":"Cameratoezicht - Valle Camping AB","isPartOf":{"@id":"https:\/\/www.vallecamping.se\/nl\/#website"},"datePublished":"2023-10-12T17:32:34+00:00","dateModified":"2025-02-14T14:52:53+00:00","breadcrumb":{"@id":"https:\/\/www.vallecamping.se\/nl\/cameratoezicht\/#breadcrumb"},"inLanguage":"nl-NL","potentialAction":[{"@type":"ReadAction","target":["https:\/\/www.vallecamping.se\/nl\/cameratoezicht\/"]}]},{"@type":"BreadcrumbList","@id":"https:\/\/www.vallecamping.se\/nl\/cameratoezicht\/#breadcrumb","itemListElement":[{"@type":"ListItem","position":1,"name":"Hem","item":"https:\/\/www.vallecamping.se\/nl\/"},{"@type":"ListItem","position":2,"name":"Cameratoezicht"}]},{"@type":"WebSite","@id":"https:\/\/www.vallecamping.se\/nl\/#website","url":"https:\/\/www.vallecamping.se\/nl\/","name":"Valle Camping AB","description":"Valle Camping - Stugor, camping, st\u00e4llplatser och vandrarhem vid sj\u00f6 i vackra Valle n\u00e4ra Skara sommarland, Hornborgasj\u00f6n, Varnhems klosterkyrka, Kata g\u00e5rd med mera","publisher":{"@id":"https:\/\/www.vallecamping.se\/nl\/#organization"},"alternateName":"Valle camping","potentialAction":[{"@type":"SearchAction","target":{"@type":"EntryPoint","urlTemplate":"https:\/\/www.vallecamping.se\/nl\/?s={search_term_string}"},"query-input":{"@type":"PropertyValueSpecification","valueRequired":true,"valueName":"search_term_string"}}],"inLanguage":"nl-NL"},{"@type":"Organization","@id":"https:\/\/www.vallecamping.se\/nl\/#organization","name":"Valle camping AB","alternateName":"Valle camping","url":"https:\/\/www.vallecamping.se\/nl\/","logo":{"@type":"ImageObject","inLanguage":"nl-NL","@id":"https:\/\/www.vallecamping.se\/nl\/#\/schema\/logo\/image\/","url":"https:\/\/www.vallecamping.se\/wp-content\/uploads\/2023\/03\/Valle-Camping-Icon2303-1.png","contentUrl":"https:\/\/www.vallecamping.se\/wp-content\/uploads\/2023\/03\/Valle-Camping-Icon2303-1.png","width":500,"height":496,"caption":"Valle camping AB"},"image":{"@id":"https:\/\/www.vallecamping.se\/nl\/#\/schema\/logo\/image\/"},"sameAs":["https:\/\/www.facebook.com\/vallecamping","https:\/\/www.instagram.com\/vallecampingstugor\/","https:\/\/www.youtube.com\/channel\/UCoJUm2JGJm1kc46V1JnI47Q"]}]}},"_links":{"self":[{"href":"https:\/\/www.vallecamping.se\/nl\/wp-json\/wp\/v2\/pages\/13779","targetHints":{"allow":["GET"]}}],"collection":[{"href":"https:\/\/www.vallecamping.se\/nl\/wp-json\/wp\/v2\/pages"}],"about":[{"href":"https:\/\/www.vallecamping.se\/nl\/wp-json\/wp\/v2\/types\/page"}],"author":[{"embeddable":true,"href":"https:\/\/www.vallecamping.se\/nl\/wp-json\/wp\/v2\/users\/2"}],"replies":[{"embeddable":true,"href":"https:\/\/www.vallecamping.se\/nl\/wp-json\/wp\/v2\/comments?post=13779"}],"version-history":[{"count":4,"href":"https:\/\/www.vallecamping.se\/nl\/wp-json\/wp\/v2\/pages\/13779\/revisions"}],"predecessor-version":[{"id":14254,"href":"https:\/\/www.vallecamping.se\/nl\/wp-json\/wp\/v2\/pages\/13779\/revisions\/14254"}],"wp:attachment":[{"href":"https:\/\/www.vallecamping.se\/nl\/wp-json\/wp\/v2\/media?parent=13779"}],"curies":[{"name":"wp","href":"https:\/\/api.w.org\/{rel}","templated":true}]}}