{"id":13753,"date":"2020-10-01T14:58:26","date_gmt":"2020-10-01T14:58:26","guid":{"rendered":"https:\/\/www.vallecamping.se\/boeken\/"},"modified":"2025-06-23T21:54:40","modified_gmt":"2025-06-23T21:54:40","slug":"boeken","status":"publish","type":"page","link":"https:\/\/www.vallecamping.se\/nl\/boeken\/","title":{"rendered":"Boek een verblijf in de natuur \u2013 Kamperen, hutten &amp; kamers bij het meer, vissen, wandelen en fietsen in Zweden. Vlak bij Skara Sommarland."},"content":{"rendered":"<p>[et_pb_section fb_built=&#8221;1&#8243; _builder_version=&#8221;4.27.4&#8243; _module_preset=&#8221;default&#8221; background_image=&#8221;https:\/\/www.vallecamping.se\/wp-content\/uploads\/2025\/05\/Camping_bakgrund2505.jpg&#8221; custom_margin=&#8221;-280px||||false|false&#8221; custom_margin_tablet=&#8221;-300px||||false|false&#8221; custom_margin_phone=&#8221;-340px||||false|false&#8221; custom_margin_last_edited=&#8221;on|phone&#8221; custom_padding=&#8221;8vw||5px||false|false&#8221; bottom_divider_style=&#8221;wave2&#8243; bottom_divider_color=&#8221;#a9bdcc&#8221; da_disable_devices=&#8221;off|off|off&#8221; global_colors_info=&#8221;{}&#8221; da_is_popup=&#8221;off&#8221; da_exit_intent=&#8221;off&#8221; da_has_close=&#8221;on&#8221; da_alt_close=&#8221;off&#8221; da_dark_close=&#8221;off&#8221; da_not_modal=&#8221;on&#8221; da_is_singular=&#8221;off&#8221; da_with_loader=&#8221;off&#8221; da_has_shadow=&#8221;on&#8221;][et_pb_row use_custom_gutter=&#8221;on&#8221; gutter_width=&#8221;2&#8243; custom_padding_last_edited=&#8221;on|phone&#8221; _builder_version=&#8221;4.27.4&#8243; _module_preset=&#8221;default&#8221; width=&#8221;90%&#8221; width_tablet=&#8221;90%&#8221; width_phone=&#8221;90%&#8221; width_last_edited=&#8221;on|tablet&#8221; max_width=&#8221;1280px&#8221; custom_padding=&#8221;150px||||false|false&#8221; custom_padding_tablet=&#8221;&#8221; custom_padding_phone=&#8221;185px||||false|false&#8221; global_colors_info=&#8221;{}&#8221;][et_pb_column type=&#8221;4_4&#8243; _builder_version=&#8221;4.16&#8243; _module_preset=&#8221;default&#8221; global_colors_info=&#8221;{}&#8221;][et_pb_text _builder_version=&#8221;4.27.4&#8243; _module_preset=&#8221;default&#8221; text_font=&#8221;|600||on|||||&#8221; text_text_color=&#8221;#ffffff&#8221; text_font_size=&#8221;22px&#8221; header_font=&#8221;|700|||||||&#8221; header_text_align=&#8221;left&#8221; header_text_color=&#8221;#FFFFFF&#8221; header_font_size=&#8221;67px&#8221; header_2_font=&#8221;|700|||||||&#8221; header_2_text_align=&#8221;left&#8221; header_2_text_color=&#8221;#ffffff&#8221; header_2_font_size=&#8221;67px&#8221; header_3_font=&#8221;|700||on|||||&#8221; header_3_text_align=&#8221;left&#8221; header_3_text_color=&#8221;#ffffff&#8221; header_3_font_size=&#8221;67px&#8221; text_orientation=&#8221;right&#8221; custom_padding=&#8221;|||20px|false|false&#8221; text_font_size_tablet=&#8221;20px&#8221; text_font_size_phone=&#8221;15px&#8221; text_font_size_last_edited=&#8221;on|phone&#8221; header_font_size_tablet=&#8221;52px&#8221; header_font_size_phone=&#8221;40px&#8221; header_font_size_last_edited=&#8221;on|phone&#8221; header_2_font_size_tablet=&#8221;52px&#8221; header_2_font_size_phone=&#8221;40px&#8221; header_2_font_size_last_edited=&#8221;on|phone&#8221; header_3_font_size_tablet=&#8221;52px&#8221; header_3_font_size_phone=&#8221;40px&#8221; header_3_font_size_last_edited=&#8221;on|phone&#8221; text_text_shadow_style=&#8221;preset1&#8243; header_text_shadow_style=&#8221;preset1&#8243; header_2_text_shadow_style=&#8221;preset1&#8243; global_colors_info=&#8221;{}&#8221;]<\/p>\n<h3 style=\"text-align: left;\">RESERVEER ACCOMMODATIE<\/h3>\n<p style=\"text-align: left;\">ONLINE BOEKEN<\/p>\n<p>[\/et_pb_text][\/et_pb_column][\/et_pb_row][\/et_pb_section][et_pb_section fb_built=&#8221;1&#8243; _builder_version=&#8221;4.27.4&#8243; _module_preset=&#8221;default&#8221; background_image=&#8221;https:\/\/www.vallecamping.se\/wp-content\/uploads\/2020\/11\/bAKGRUND1.png&#8221; custom_padding=&#8221;20px||0px|||&#8221; top_divider_style=&#8221;wave2&#8243; top_divider_color=&#8221;#a9bdcc&#8221; bottom_divider_style=&#8221;wave2&#8243; bottom_divider_color=&#8221;#a9bdcc&#8221; da_disable_devices=&#8221;off|off|off&#8221; global_colors_info=&#8221;{}&#8221; da_is_popup=&#8221;off&#8221; da_exit_intent=&#8221;off&#8221; da_has_close=&#8221;on&#8221; da_alt_close=&#8221;off&#8221; da_dark_close=&#8221;off&#8221; da_not_modal=&#8221;on&#8221; da_is_singular=&#8221;off&#8221; da_with_loader=&#8221;off&#8221; da_has_shadow=&#8221;on&#8221;][et_pb_row use_custom_gutter=&#8221;on&#8221; gutter_width=&#8221;2&#8243; custom_padding_last_edited=&#8221;on|desktop&#8221; _builder_version=&#8221;4.20.0&#8243; _module_preset=&#8221;default&#8221; width=&#8221;90%&#8221; max_width=&#8221;1280px&#8221; custom_padding=&#8221;0px|20px|0px|20px|false|false&#8221; custom_padding_tablet=&#8221;|0px||0px||true&#8221; custom_padding_phone=&#8221;|0px||0px||true&#8221; global_colors_info=&#8221;{}&#8221;][et_pb_column type=&#8221;4_4&#8243; _builder_version=&#8221;4.19.1&#8243; _module_preset=&#8221;default&#8221; global_colors_info=&#8221;{}&#8221;][et_pb_text _builder_version=&#8221;4.27.4&#8243; _module_preset=&#8221;default&#8221; text_font=&#8221;||||||||&#8221; text_line_height=&#8221;2em&#8221; header_font=&#8221;|700||on|||||&#8221; header_text_align=&#8221;left&#8221; header_text_color=&#8221;#002754&#8243; header_font_size=&#8221;19px&#8221; header_line_height=&#8221;1.2em&#8221; header_2_font=&#8221;|700||on|||||&#8221; header_2_text_color=&#8221;#002754&#8243; header_2_font_size=&#8221;19px&#8221; header_2_line_height=&#8221;1.2em&#8221; header_6_font=&#8221;Raleway|700||on|||||&#8221; header_6_font_size=&#8221;16px&#8221; header_6_letter_spacing=&#8221;5px&#8221; header_6_line_height=&#8221;1.8em&#8221; background_color=&#8221;rgba(255,255,255,0.66)&#8221; text_orientation=&#8221;center&#8221; max_width=&#8221;1440px&#8221; module_alignment=&#8221;left&#8221; custom_margin=&#8221;|||0px|false|false&#8221; custom_padding=&#8221;12px|20px||0px|false|false&#8221; border_color_all=&#8221;RGBA(255,255,255,0)&#8221; global_colors_info=&#8221;{}&#8221;]<\/p>\n<h1 style=\"text-align: left;\">Boek je verblijf in de natuur \u2013 Kamperen, hutten &amp; kamers aan het meer in Zweden<br \/>Vissen, wandelen of fietsen in het prachtige V\u00e4lledal \u2013 vlak bij Skara Sommarland<\/h1>\n<p style=\"text-align: left;\">Plan je een bezoek aan Skara Sommarland of wil je de natuur- en cultuurschatten van de Valle-regio in Skara ontdekken? Op deze pagina kun je een kampeerplaats, hut of kamer boeken bij Valle Camping \u2013 gelegen in de gemeente Skara, slechts enkele kilometers van het grootste waterpark van Scandinavi\u00eb. <\/p>\n<p style=\"text-align: left;\">Valle Camping biedt een rustige, natuurdichte accommodatie aan een eigen zwemmeer, dichtbij populaire uitstapjes zoals <a href=\"https:\/\/www.vallecamping.se\/nl\/skara-sommarland\/\">Skara Sommarland<\/a>, <a href=\"https:\/\/www.vallecamping.se\/nl\/de-kraanvogeldans-bij-hornborgasjon\/\">Hornborgasj\u00f6n<\/a>, <a href=\"https:\/\/www.vallecamping.se\/nl\/kata-boerderij\/\">de kloosterkerk van Varnhem<\/a>, Kata G\u00e5rd en meerdere natuurreservaten in de Valle-regio.<\/p>\n<p>[\/et_pb_text][et_pb_code _builder_version=&#8221;4.27.4&#8243; _module_preset=&#8221;default&#8221; hover_enabled=&#8221;0&#8243; global_colors_info=&#8221;{}&#8221; sticky_enabled=&#8221;0&#8243;]<script async=\"\" data-form-id=\"8f94df81647f5035\" src=\"https:\/\/secured.sirvoy.com\/widget\/sirvoy.js\" data-lang=\"nl\" data-target-confirmation-url=\"https:\/\/www.vallecamping.se\/nl\/dank-je-wel-voor-je-reservering\/\"><\/script>[\/et_pb_code][et_pb_text _builder_version=&#8221;4.27.4&#8243; _module_preset=&#8221;default&#8221; text_font=&#8221;||||||||&#8221; text_line_height=&#8221;2em&#8221; header_font=&#8221;|700||on|||||&#8221; header_text_align=&#8221;left&#8221; header_text_color=&#8221;#002754&#8243; header_font_size=&#8221;19px&#8221; header_2_font=&#8221;|700||on|||||&#8221; header_2_text_color=&#8221;#002754&#8243; header_2_font_size=&#8221;19px&#8221; header_2_line_height=&#8221;1.2em&#8221; header_6_font=&#8221;Raleway|700||on|||||&#8221; header_6_font_size=&#8221;16px&#8221; header_6_letter_spacing=&#8221;5px&#8221; header_6_line_height=&#8221;1.8em&#8221; text_orientation=&#8221;center&#8221; max_width=&#8221;1440px&#8221; module_alignment=&#8221;left&#8221; custom_margin=&#8221;|||0px|false|false&#8221; custom_padding=&#8221;|20px||0px|false|false&#8221; border_color_all=&#8221;RGBA(255,255,255,0)&#8221; global_colors_info=&#8221;{}&#8221;]<\/p>\n<p><a href=\"https:\/\/www.vallecamping.se\/nl\/boekingsvoorwaarden\/\" target=\"_blank\" rel=\"noopener\">De volledige boekingsvoorwaarden vindt u hier!<\/a><\/p>\n<p>Heeft u al een boeking? U kunt deze beheren <a href=\"https:\/\/www.vallecamping.se\/nl\/beheer-boeking\/\">via deze link.<\/a><\/p>\n<p>[\/et_pb_text][et_pb_text _builder_version=&#8221;4.27.4&#8243; _module_preset=&#8221;default&#8221; text_font=&#8221;||||||||&#8221; text_line_height=&#8221;2em&#8221; header_font=&#8221;|700||on|||||&#8221; header_text_align=&#8221;left&#8221; header_text_color=&#8221;#002754&#8243; header_font_size=&#8221;19px&#8221; header_line_height=&#8221;1.2em&#8221; header_2_font=&#8221;|700||on|||||&#8221; header_2_text_color=&#8221;#002754&#8243; header_2_font_size=&#8221;19px&#8221; header_2_line_height=&#8221;1.2em&#8221; header_6_font=&#8221;Raleway|700||on|||||&#8221; header_6_font_size=&#8221;16px&#8221; header_6_letter_spacing=&#8221;5px&#8221; header_6_line_height=&#8221;1.8em&#8221; background_color=&#8221;rgba(255,255,255,0.63)&#8221; text_orientation=&#8221;center&#8221; max_width=&#8221;1440px&#8221; module_alignment=&#8221;left&#8221; custom_margin=&#8221;|||0px|false|false&#8221; custom_padding=&#8221;|20px||0px|false|false&#8221; border_color_all=&#8221;RGBA(255,255,255,0)&#8221; global_colors_info=&#8221;{}&#8221;]<\/p>\n<h2 style=\"text-align: left;\">Kampeerplaatsen caravan, camper &amp; tent<\/h2>\n<p style=\"text-align: left;\">Bij ons verblijf je op ruime, met gras begroeide staanplaatsen \u2013 sommige met uitzicht op het Husg\u00e4rdessj\u00f6n-meer. Alle plaatsen hebben stroom en je bent welkom met caravan, camper of tent.  <a href=\"https:\/\/www.vallecamping.se\/nl\/camping\/\">Bekijk hier onze kampeeropties<\/a><\/p>\n<h2 style=\"text-align: left;\">Natuurlijke hutten aan het meer<\/h2>\n<p style=\"text-align: left;\">Wij bieden verschillende soorten hutten en eenvoudige trekkershutten \u2013 allemaal in een prachtige natuurlijke omgeving en op slechts een korte rit van Skara Sommarland. Een perfecte keuze voor gezinnen die rust willen combineren met plezier.  <a href=\"https:\/\/www.vallecamping.se\/nl\/hutten\/\">Lees hier meer over onze hutten<\/a><\/p>\n<h2 style=\"text-align: left;\">Kamer met douche en toilet \u2013 Hostel in de gemeente Skara<\/h2>\n<p style=\"text-align: left;\">Ons hostel ligt op het terrein en biedt lichte en comfortabele vierpersoonskamers en familiekamers \u2013 allemaal met eigen douche en toilet. Een goede keuze voor wie op zoek is naar hotelcomfort in eenvoudige vorm, dicht bij natuur en activiteiten.  <a href=\"https:\/\/www.vallecamping.se\/nl\/hostel\/\">Ontdek het hostel<\/a><\/p>\n<h2 style=\"text-align: left;\">Verblijf dicht bij natuur, cultuur &amp; plezier<\/h2>\n<p style=\"text-align: left;\">Als je bij ons een accommodatie boekt, ben je onder andere dichtbij:<\/p>\n<ul style=\"text-align: left;\">\n<li>Skara Sommarland \u2013 slechts 4 km van de camping<\/li>\n<li>Kloosterkerk van Varnhem &amp; Kata G\u00e5rd \u2013 historische uitstapjes<\/li>\n<li>Hornborgasj\u00f6n \u2013 bekend om kraanvogels en vogelrijkdom<\/li>\n<li>Natuurreservaten van Valle \u2013 prachtige wandel- en fietsroutes<\/li>\n<\/ul>\n<h2 style=\"text-align: left;\">Boek je verblijf direct<\/h2>\n<p style=\"text-align: left;\">Gebruik het formulier hieronder om beschikbare data en accommodaties te zoeken. Je ziet meteen wat beschikbaar is \u2013 en kunt veilig online boeken. <\/p>\n<p style=\"text-align: left;\"><a href=\"#kontakt\">Neem hier contact met ons op als je vragen hebt.<\/a><\/p>\n<p>[\/et_pb_text][et_pb_button button_url=&#8221;\/?page_id=10920&#8243; button_text=&#8221;BEHEER BESTAANDE BOEKING&#8221; button_alignment=&#8221;center&#8221; _builder_version=&#8221;4.27.4&#8243; _module_preset=&#8221;default&#8221; custom_button=&#8221;on&#8221; button_text_size=&#8221;14px&#8221; button_text_color=&#8221;#FFFFFF&#8221; button_bg_color=&#8221;rgba(0,72,144,0.33)&#8221; button_border_radius=&#8221;6px&#8221; global_colors_info=&#8221;{}&#8221;][\/et_pb_button][\/et_pb_column][\/et_pb_row][\/et_pb_section][et_pb_section fb_built=&#8221;1&#8243; admin_label=&#8221;Popup &#8211; #kontakt&#8221; module_id=&#8221;kontakt&#8221; module_class=&#8221;popup&#8221; _builder_version=&#8221;4.25.2&#8243; _module_preset=&#8221;default&#8221; width=&#8221;40%&#8221; width_tablet=&#8221;90%&#8221; width_phone=&#8221;90%&#8221; width_last_edited=&#8221;on|tablet&#8221; da_is_popup=&#8221;on&#8221; da_popup_slug=&#8221;kontakt&#8221; da_disable_devices=&#8221;off|off|off&#8221; border_radii=&#8221;on|10px|10px|10px|10px&#8221; saved_tabs=&#8221;all&#8221; global_colors_info=&#8221;{}&#8221; da_exit_intent=&#8221;off&#8221; da_has_close=&#8221;on&#8221; da_alt_close=&#8221;off&#8221; da_dark_close=&#8221;off&#8221; da_not_modal=&#8221;on&#8221; da_is_singular=&#8221;off&#8221; da_with_loader=&#8221;off&#8221; da_has_shadow=&#8221;on&#8221;][et_pb_row _builder_version=&#8221;4.25.2&#8243; _module_preset=&#8221;default&#8221; global_colors_info=&#8221;{}&#8221;][et_pb_column type=&#8221;4_4&#8243; _builder_version=&#8221;4.25.2&#8243; _module_preset=&#8221;default&#8221; global_colors_info=&#8221;{}&#8221;][et_pb_text _builder_version=&#8221;4.25.2&#8243; _module_preset=&#8221;default&#8221; text_font=&#8221;||||||||&#8221; text_text_color=&#8221;#ffffff&#8221; text_font_size=&#8221;18px&#8221; header_font=&#8221;|700||on|||||&#8221; header_text_color=&#8221;#000000&#8243; header_font_size=&#8221;31px&#8221; header_line_height=&#8221;0.9em&#8221; header_2_font=&#8221;|700||on|||||&#8221; header_2_text_color=&#8221;#002860&#8243; header_2_font_size=&#8221;30px&#8221; header_2_line_height=&#8221;1.2em&#8221; background_color=&#8221;rgba(0,0,0,0)&#8221; custom_margin=&#8221;||0px||false|false&#8221; custom_padding=&#8221;9px|1px|0px|1px|false|true&#8221; header_font_size_tablet=&#8221;22px&#8221; header_font_size_phone=&#8221;29px&#8221; header_font_size_last_edited=&#8221;on|desktop&#8221; header_2_font_size_tablet=&#8221;27px&#8221; header_2_font_size_phone=&#8221;28px&#8221; header_2_font_size_last_edited=&#8221;on|desktop&#8221; global_colors_info=&#8221;{}&#8221;]<\/p>\n<h2>Neem contact met ons op<\/h2>\n<p>[\/et_pb_text][wpforms_selector form_id=&#8221;13392&#8243; _builder_version=&#8221;4.25.2&#8243; _module_preset=&#8221;default&#8221; global_colors_info=&#8221;{}&#8221;][\/wpforms_selector][\/et_pb_column][\/et_pb_row][\/et_pb_section]<\/p>\n","protected":false},"excerpt":{"rendered":"<p>RESERVEER ACCOMMODATIE ONLINE BOEKENBoek je verblijf in de natuur \u2013 Kamperen, hutten &amp; kamers aan het meer in ZwedenVissen, wandelen of fietsen in het prachtige V\u00e4lledal \u2013 vlak bij Skara Sommarland Plan je een bezoek aan Skara Sommarland of wil je de natuur- en cultuurschatten van de Valle-regio in Skara ontdekken? Op deze pagina kun [&hellip;]<\/p>\n","protected":false},"author":1,"featured_media":0,"parent":0,"menu_order":0,"comment_status":"closed","ping_status":"closed","template":"","meta":{"_et_pb_use_builder":"on","_et_pb_old_content":"","_et_gb_content_width":"","footnotes":""},"class_list":["post-13753","page","type-page","status-publish","hentry"],"yoast_head":"<!-- This site is optimized with the Yoast SEO plugin v27.4 - https:\/\/yoast.com\/product\/yoast-seo-wordpress\/ -->\n<title>Boek een verblijf in de natuur \u2013 Kamperen, hutten &amp; kamers bij het meer, vissen, wandelen en fietsen in Zweden. Vlak bij Skara Sommarland. - Valle Camping AB<\/title>\n<meta name=\"description\" content=\"Book a campsite, cabin or room with shower by the lake in beautiful nature. Stay close to nature in Skara Municipality \u2013 with hiking, cycling, birdlife, and trips to Varnhem &amp; Skara Sommarland nearby.\" \/>\n<meta name=\"robots\" content=\"index, follow, max-snippet:-1, max-image-preview:large, max-video-preview:-1\" \/>\n<link rel=\"canonical\" href=\"https:\/\/www.vallecamping.se\/nl\/boeken\/\" \/>\n<meta property=\"og:locale\" content=\"nl_NL\" \/>\n<meta property=\"og:type\" content=\"article\" \/>\n<meta property=\"og:title\" content=\"Boek een verblijf in de natuur \u2013 Kamperen, hutten &amp; kamers bij het meer, vissen, wandelen en fietsen in Zweden. Vlak bij Skara Sommarland. - Valle Camping AB\" \/>\n<meta property=\"og:description\" content=\"Book a campsite, cabin or room with shower by the lake in beautiful nature. Stay close to nature in Skara Municipality \u2013 with hiking, cycling, birdlife, and trips to Varnhem &amp; Skara Sommarland nearby.\" \/>\n<meta property=\"og:url\" content=\"https:\/\/www.vallecamping.se\/nl\/boeken\/\" \/>\n<meta property=\"og:site_name\" content=\"Valle Camping AB\" \/>\n<meta property=\"article:publisher\" content=\"https:\/\/www.facebook.com\/vallecamping\" \/>\n<meta property=\"article:modified_time\" content=\"2025-06-23T21:54:40+00:00\" \/>\n<meta name=\"twitter:card\" content=\"summary_large_image\" \/>\n<meta name=\"twitter:label1\" content=\"Geschatte leestijd\" \/>\n\t<meta name=\"twitter:data1\" content=\"7 minuten\" \/>\n<script type=\"application\/ld+json\" class=\"yoast-schema-graph\">{\"@context\":\"https:\\\/\\\/schema.org\",\"@graph\":[{\"@type\":\"WebPage\",\"@id\":\"https:\\\/\\\/www.vallecamping.se\\\/nl\\\/boeken\\\/\",\"url\":\"https:\\\/\\\/www.vallecamping.se\\\/nl\\\/boeken\\\/\",\"name\":\"Boek een verblijf in de natuur \u2013 Kamperen, hutten &amp; kamers bij het meer, vissen, wandelen en fietsen in Zweden. Vlak bij Skara Sommarland. - Valle Camping AB\",\"isPartOf\":{\"@id\":\"https:\\\/\\\/www.vallecamping.se\\\/nl\\\/#website\"},\"datePublished\":\"2020-10-01T14:58:26+00:00\",\"dateModified\":\"2025-06-23T21:54:40+00:00\",\"description\":\"Book a campsite, cabin or room with shower by the lake in beautiful nature. Stay close to nature in Skara Municipality \u2013 with hiking, cycling, birdlife, and trips to Varnhem & Skara Sommarland nearby.\",\"breadcrumb\":{\"@id\":\"https:\\\/\\\/www.vallecamping.se\\\/nl\\\/boeken\\\/#breadcrumb\"},\"inLanguage\":\"nl-NL\",\"potentialAction\":[{\"@type\":\"ReadAction\",\"target\":[\"https:\\\/\\\/www.vallecamping.se\\\/nl\\\/boeken\\\/\"]}]},{\"@type\":\"BreadcrumbList\",\"@id\":\"https:\\\/\\\/www.vallecamping.se\\\/nl\\\/boeken\\\/#breadcrumb\",\"itemListElement\":[{\"@type\":\"ListItem\",\"position\":1,\"name\":\"Hem\",\"item\":\"https:\\\/\\\/www.vallecamping.se\\\/nl\\\/\"},{\"@type\":\"ListItem\",\"position\":2,\"name\":\"Boek een verblijf in de natuur \u2013 Kamperen, hutten &amp; kamers bij het meer, vissen, wandelen en fietsen in Zweden. Vlak bij Skara Sommarland.\"}]},{\"@type\":\"WebSite\",\"@id\":\"https:\\\/\\\/www.vallecamping.se\\\/nl\\\/#website\",\"url\":\"https:\\\/\\\/www.vallecamping.se\\\/nl\\\/\",\"name\":\"Valle Camping AB\",\"description\":\"Valle Camping - Stugor, camping, st\u00e4llplatser och vandrarhem vid sj\u00f6 i vackra Valle n\u00e4ra Skara sommarland, Hornborgasj\u00f6n, Varnhems klosterkyrka, Kata g\u00e5rd med mera\",\"publisher\":{\"@id\":\"https:\\\/\\\/www.vallecamping.se\\\/nl\\\/#organization\"},\"alternateName\":\"Valle camping\",\"potentialAction\":[{\"@type\":\"SearchAction\",\"target\":{\"@type\":\"EntryPoint\",\"urlTemplate\":\"https:\\\/\\\/www.vallecamping.se\\\/nl\\\/?s={search_term_string}\"},\"query-input\":{\"@type\":\"PropertyValueSpecification\",\"valueRequired\":true,\"valueName\":\"search_term_string\"}}],\"inLanguage\":\"nl-NL\"},{\"@type\":\"Organization\",\"@id\":\"https:\\\/\\\/www.vallecamping.se\\\/nl\\\/#organization\",\"name\":\"Valle camping AB\",\"alternateName\":\"Valle camping\",\"url\":\"https:\\\/\\\/www.vallecamping.se\\\/nl\\\/\",\"logo\":{\"@type\":\"ImageObject\",\"inLanguage\":\"nl-NL\",\"@id\":\"https:\\\/\\\/www.vallecamping.se\\\/nl\\\/#\\\/schema\\\/logo\\\/image\\\/\",\"url\":\"https:\\\/\\\/www.vallecamping.se\\\/wp-content\\\/uploads\\\/2023\\\/03\\\/Valle-Camping-Icon2303-1.png\",\"contentUrl\":\"https:\\\/\\\/www.vallecamping.se\\\/wp-content\\\/uploads\\\/2023\\\/03\\\/Valle-Camping-Icon2303-1.png\",\"width\":500,\"height\":496,\"caption\":\"Valle camping AB\"},\"image\":{\"@id\":\"https:\\\/\\\/www.vallecamping.se\\\/nl\\\/#\\\/schema\\\/logo\\\/image\\\/\"},\"sameAs\":[\"https:\\\/\\\/www.facebook.com\\\/vallecamping\",\"https:\\\/\\\/www.instagram.com\\\/vallecampingstugor\\\/\",\"https:\\\/\\\/www.youtube.com\\\/channel\\\/UCoJUm2JGJm1kc46V1JnI47Q\"]}]}<\/script>\n<!-- \/ Yoast SEO plugin. -->","yoast_head_json":{"title":"Boek een verblijf in de natuur \u2013 Kamperen, hutten &amp; kamers bij het meer, vissen, wandelen en fietsen in Zweden. Vlak bij Skara Sommarland. - Valle Camping AB","description":"Book a campsite, cabin or room with shower by the lake in beautiful nature. Stay close to nature in Skara Municipality \u2013 with hiking, cycling, birdlife, and trips to Varnhem & Skara Sommarland nearby.","robots":{"index":"index","follow":"follow","max-snippet":"max-snippet:-1","max-image-preview":"max-image-preview:large","max-video-preview":"max-video-preview:-1"},"canonical":"https:\/\/www.vallecamping.se\/nl\/boeken\/","og_locale":"nl_NL","og_type":"article","og_title":"Boek een verblijf in de natuur \u2013 Kamperen, hutten &amp; kamers bij het meer, vissen, wandelen en fietsen in Zweden. Vlak bij Skara Sommarland. - Valle Camping AB","og_description":"Book a campsite, cabin or room with shower by the lake in beautiful nature. Stay close to nature in Skara Municipality \u2013 with hiking, cycling, birdlife, and trips to Varnhem & Skara Sommarland nearby.","og_url":"https:\/\/www.vallecamping.se\/nl\/boeken\/","og_site_name":"Valle Camping AB","article_publisher":"https:\/\/www.facebook.com\/vallecamping","article_modified_time":"2025-06-23T21:54:40+00:00","twitter_card":"summary_large_image","twitter_misc":{"Geschatte leestijd":"7 minuten"},"schema":{"@context":"https:\/\/schema.org","@graph":[{"@type":"WebPage","@id":"https:\/\/www.vallecamping.se\/nl\/boeken\/","url":"https:\/\/www.vallecamping.se\/nl\/boeken\/","name":"Boek een verblijf in de natuur \u2013 Kamperen, hutten &amp; kamers bij het meer, vissen, wandelen en fietsen in Zweden. Vlak bij Skara Sommarland. - Valle Camping AB","isPartOf":{"@id":"https:\/\/www.vallecamping.se\/nl\/#website"},"datePublished":"2020-10-01T14:58:26+00:00","dateModified":"2025-06-23T21:54:40+00:00","description":"Book a campsite, cabin or room with shower by the lake in beautiful nature. Stay close to nature in Skara Municipality \u2013 with hiking, cycling, birdlife, and trips to Varnhem & Skara Sommarland nearby.","breadcrumb":{"@id":"https:\/\/www.vallecamping.se\/nl\/boeken\/#breadcrumb"},"inLanguage":"nl-NL","potentialAction":[{"@type":"ReadAction","target":["https:\/\/www.vallecamping.se\/nl\/boeken\/"]}]},{"@type":"BreadcrumbList","@id":"https:\/\/www.vallecamping.se\/nl\/boeken\/#breadcrumb","itemListElement":[{"@type":"ListItem","position":1,"name":"Hem","item":"https:\/\/www.vallecamping.se\/nl\/"},{"@type":"ListItem","position":2,"name":"Boek een verblijf in de natuur \u2013 Kamperen, hutten &amp; kamers bij het meer, vissen, wandelen en fietsen in Zweden. Vlak bij Skara Sommarland."}]},{"@type":"WebSite","@id":"https:\/\/www.vallecamping.se\/nl\/#website","url":"https:\/\/www.vallecamping.se\/nl\/","name":"Valle Camping AB","description":"Valle Camping - Stugor, camping, st\u00e4llplatser och vandrarhem vid sj\u00f6 i vackra Valle n\u00e4ra Skara sommarland, Hornborgasj\u00f6n, Varnhems klosterkyrka, Kata g\u00e5rd med mera","publisher":{"@id":"https:\/\/www.vallecamping.se\/nl\/#organization"},"alternateName":"Valle camping","potentialAction":[{"@type":"SearchAction","target":{"@type":"EntryPoint","urlTemplate":"https:\/\/www.vallecamping.se\/nl\/?s={search_term_string}"},"query-input":{"@type":"PropertyValueSpecification","valueRequired":true,"valueName":"search_term_string"}}],"inLanguage":"nl-NL"},{"@type":"Organization","@id":"https:\/\/www.vallecamping.se\/nl\/#organization","name":"Valle camping AB","alternateName":"Valle camping","url":"https:\/\/www.vallecamping.se\/nl\/","logo":{"@type":"ImageObject","inLanguage":"nl-NL","@id":"https:\/\/www.vallecamping.se\/nl\/#\/schema\/logo\/image\/","url":"https:\/\/www.vallecamping.se\/wp-content\/uploads\/2023\/03\/Valle-Camping-Icon2303-1.png","contentUrl":"https:\/\/www.vallecamping.se\/wp-content\/uploads\/2023\/03\/Valle-Camping-Icon2303-1.png","width":500,"height":496,"caption":"Valle camping AB"},"image":{"@id":"https:\/\/www.vallecamping.se\/nl\/#\/schema\/logo\/image\/"},"sameAs":["https:\/\/www.facebook.com\/vallecamping","https:\/\/www.instagram.com\/vallecampingstugor\/","https:\/\/www.youtube.com\/channel\/UCoJUm2JGJm1kc46V1JnI47Q"]}]}},"_links":{"self":[{"href":"https:\/\/www.vallecamping.se\/nl\/wp-json\/wp\/v2\/pages\/13753","targetHints":{"allow":["GET"]}}],"collection":[{"href":"https:\/\/www.vallecamping.se\/nl\/wp-json\/wp\/v2\/pages"}],"about":[{"href":"https:\/\/www.vallecamping.se\/nl\/wp-json\/wp\/v2\/types\/page"}],"author":[{"embeddable":true,"href":"https:\/\/www.vallecamping.se\/nl\/wp-json\/wp\/v2\/users\/1"}],"replies":[{"embeddable":true,"href":"https:\/\/www.vallecamping.se\/nl\/wp-json\/wp\/v2\/comments?post=13753"}],"version-history":[{"count":32,"href":"https:\/\/www.vallecamping.se\/nl\/wp-json\/wp\/v2\/pages\/13753\/revisions"}],"predecessor-version":[{"id":16499,"href":"https:\/\/www.vallecamping.se\/nl\/wp-json\/wp\/v2\/pages\/13753\/revisions\/16499"}],"wp:attachment":[{"href":"https:\/\/www.vallecamping.se\/nl\/wp-json\/wp\/v2\/media?parent=13753"}],"curies":[{"name":"wp","href":"https:\/\/api.w.org\/{rel}","templated":true}]}}