{"id":10013,"date":"2020-10-01T14:58:26","date_gmt":"2020-10-01T14:58:26","guid":{"rendered":"https:\/\/www.vallecamping.se\/book\/"},"modified":"2025-06-23T21:52:14","modified_gmt":"2025-06-23T21:52:14","slug":"book","status":"publish","type":"page","link":"https:\/\/www.vallecamping.se\/en\/book\/","title":{"rendered":"Stay by the lake in beautiful natural surroundings"},"content":{"rendered":"<p>[et_pb_section fb_built=&#8221;1&#8243; _builder_version=&#8221;4.27.4&#8243; _module_preset=&#8221;default&#8221; background_image=&#8221;https:\/\/www.vallecamping.se\/wp-content\/uploads\/2025\/05\/Camping_bakgrund2505.jpg&#8221; custom_margin=&#8221;-280px||||false|false&#8221; custom_margin_tablet=&#8221;-300px||||false|false&#8221; custom_margin_phone=&#8221;-340px||||false|false&#8221; custom_margin_last_edited=&#8221;on|phone&#8221; custom_padding=&#8221;8vw||5px||false|false&#8221; bottom_divider_style=&#8221;wave2&#8243; bottom_divider_color=&#8221;#a9bdcc&#8221; da_disable_devices=&#8221;off|off|off&#8221; global_colors_info=&#8221;{}&#8221; da_is_popup=&#8221;off&#8221; da_exit_intent=&#8221;off&#8221; da_has_close=&#8221;on&#8221; da_alt_close=&#8221;off&#8221; da_dark_close=&#8221;off&#8221; da_not_modal=&#8221;on&#8221; da_is_singular=&#8221;off&#8221; da_with_loader=&#8221;off&#8221; da_has_shadow=&#8221;on&#8221;][et_pb_row use_custom_gutter=&#8221;on&#8221; gutter_width=&#8221;2&#8243; custom_padding_last_edited=&#8221;on|phone&#8221; _builder_version=&#8221;4.27.4&#8243; _module_preset=&#8221;default&#8221; width=&#8221;90%&#8221; width_tablet=&#8221;90%&#8221; width_phone=&#8221;90%&#8221; width_last_edited=&#8221;on|tablet&#8221; max_width=&#8221;1280px&#8221; custom_padding=&#8221;150px||||false|false&#8221; custom_padding_tablet=&#8221;&#8221; custom_padding_phone=&#8221;185px||||false|false&#8221; global_colors_info=&#8221;{}&#8221;][et_pb_column type=&#8221;4_4&#8243; _builder_version=&#8221;4.16&#8243; _module_preset=&#8221;default&#8221; global_colors_info=&#8221;{}&#8221;][et_pb_text _builder_version=&#8221;4.27.4&#8243; _module_preset=&#8221;default&#8221; text_font=&#8221;|600||on|||||&#8221; text_text_color=&#8221;#ffffff&#8221; text_font_size=&#8221;22px&#8221; header_font=&#8221;|700|||||||&#8221; header_text_align=&#8221;left&#8221; header_text_color=&#8221;#FFFFFF&#8221; header_font_size=&#8221;67px&#8221; header_2_font=&#8221;|700|||||||&#8221; header_2_text_align=&#8221;left&#8221; header_2_text_color=&#8221;#ffffff&#8221; header_2_font_size=&#8221;67px&#8221; header_3_font=&#8221;|700||on|||||&#8221; header_3_text_align=&#8221;left&#8221; header_3_text_color=&#8221;#ffffff&#8221; header_3_font_size=&#8221;67px&#8221; text_orientation=&#8221;right&#8221; custom_padding=&#8221;|||20px|false|false&#8221; text_font_size_tablet=&#8221;20px&#8221; text_font_size_phone=&#8221;15px&#8221; text_font_size_last_edited=&#8221;on|phone&#8221; header_font_size_tablet=&#8221;52px&#8221; header_font_size_phone=&#8221;40px&#8221; header_font_size_last_edited=&#8221;on|phone&#8221; header_2_font_size_tablet=&#8221;52px&#8221; header_2_font_size_phone=&#8221;40px&#8221; header_2_font_size_last_edited=&#8221;on|phone&#8221; header_3_font_size_tablet=&#8221;52px&#8221; header_3_font_size_phone=&#8221;40px&#8221; header_3_font_size_last_edited=&#8221;on|phone&#8221; text_text_shadow_style=&#8221;preset1&#8243; header_text_shadow_style=&#8221;preset1&#8243; header_2_text_shadow_style=&#8221;preset1&#8243; global_colors_info=&#8221;{}&#8221;]<\/p>\n<h3 style=\"text-align: left;\">Book Accommodation<\/h3>\n<p style=\"text-align: left;\">Online Booking<\/p>\n<p>[\/et_pb_text][\/et_pb_column][\/et_pb_row][\/et_pb_section][et_pb_section fb_built=&#8221;1&#8243; _builder_version=&#8221;4.27.4&#8243; _module_preset=&#8221;default&#8221; background_image=&#8221;https:\/\/www.vallecamping.se\/wp-content\/uploads\/2020\/11\/bAKGRUND1.png&#8221; custom_padding=&#8221;20px||0px|||&#8221; top_divider_style=&#8221;wave2&#8243; top_divider_color=&#8221;#a9bdcc&#8221; bottom_divider_style=&#8221;wave2&#8243; bottom_divider_color=&#8221;#a9bdcc&#8221; da_disable_devices=&#8221;off|off|off&#8221; global_colors_info=&#8221;{}&#8221; da_is_popup=&#8221;off&#8221; da_exit_intent=&#8221;off&#8221; da_has_close=&#8221;on&#8221; da_alt_close=&#8221;off&#8221; da_dark_close=&#8221;off&#8221; da_not_modal=&#8221;on&#8221; da_is_singular=&#8221;off&#8221; da_with_loader=&#8221;off&#8221; da_has_shadow=&#8221;on&#8221;][et_pb_row use_custom_gutter=&#8221;on&#8221; gutter_width=&#8221;2&#8243; custom_padding_last_edited=&#8221;on|desktop&#8221; _builder_version=&#8221;4.20.0&#8243; _module_preset=&#8221;default&#8221; width=&#8221;90%&#8221; max_width=&#8221;1280px&#8221; custom_padding=&#8221;0px|20px|0px|20px|false|false&#8221; custom_padding_tablet=&#8221;|0px||0px||true&#8221; custom_padding_phone=&#8221;|0px||0px||true&#8221; global_colors_info=&#8221;{}&#8221;][et_pb_column type=&#8221;4_4&#8243; _builder_version=&#8221;4.19.1&#8243; _module_preset=&#8221;default&#8221; global_colors_info=&#8221;{}&#8221;][et_pb_text _builder_version=&#8221;4.27.4&#8243; _module_preset=&#8221;default&#8221; text_font=&#8221;||||||||&#8221; text_line_height=&#8221;2em&#8221; header_font=&#8221;|700||on|||||&#8221; header_text_align=&#8221;left&#8221; header_text_color=&#8221;#002754&#8243; header_font_size=&#8221;19px&#8221; header_line_height=&#8221;1.2em&#8221; header_2_font=&#8221;|700||on|||||&#8221; header_2_text_color=&#8221;#002754&#8243; header_2_font_size=&#8221;19px&#8221; header_2_line_height=&#8221;1.2em&#8221; header_6_font=&#8221;Raleway|700||on|||||&#8221; header_6_font_size=&#8221;16px&#8221; header_6_letter_spacing=&#8221;5px&#8221; header_6_line_height=&#8221;1.8em&#8221; background_color=&#8221;rgba(255,255,255,0.66)&#8221; text_orientation=&#8221;center&#8221; max_width=&#8221;1440px&#8221; module_alignment=&#8221;left&#8221; custom_margin=&#8221;|||0px|false|false&#8221; custom_padding=&#8221;12px|20px||0px|false|false&#8221; border_color_all=&#8221;RGBA(255,255,255,0)&#8221; global_colors_info=&#8221;{}&#8221;]<\/p>\n<h1 style=\"text-align: left;\">Book nature-friendly stays \u2013 Camping, cabins &amp; rooms by the lake in Sweden<br \/>Enjoy fishing, hiking and cycling in scenic Valle \u2013 just minutes from Skara Sommarland<\/h1>\n<p style=\"text-align: left;\">Planning a visit to Skara Sommarland or want to explore the natural and cultural gems of the Valle area in Skara? On this page, you can book a campsite, cabin or room at Valle Camping \u2013 located in Skara Municipality, just a few kilometres from Scandinavia\u2019s largest water park. <\/p>\n<p style=\"text-align: left;\">Valle Camping offers peaceful, nature-close accommodation by a private swimming lake, with easy access to popular attractions such as <a href=\"https:\/\/www.vallecamping.se\/en\/skara-summerland\/\">Skara Sommarland<\/a>, <a href=\"https:\/\/www.vallecamping.se\/en\/the-crane-dance-hornborga-lake\/\">Lake Hornborga<\/a>, the <a href=\"https:\/\/www.vallecamping.se\/en\/kata-farm\/\">Abbey Church of Varnhem<\/a>, Kata Farm, and several nature reserves in the Valle region.<\/p>\n<p>[\/et_pb_text][et_pb_code _builder_version=&#8221;4.27.4&#8243; _module_preset=&#8221;default&#8221; hover_enabled=&#8221;0&#8243; global_colors_info=&#8221;{}&#8221; sticky_enabled=&#8221;0&#8243;]<script async=\"\" data-form-id=\"8f94df81647f5035\" src=\"https:\/\/secured.sirvoy.com\/widget\/sirvoy.js\" data-lang=\"en\" data-target-confirmation-url=\"https:\/\/www.vallecamping.se\/en\/thanks-for-your-reservation\/\"><\/script>[\/et_pb_code][et_pb_text _builder_version=&#8221;4.27.4&#8243; _module_preset=&#8221;default&#8221; text_font=&#8221;||||||||&#8221; text_line_height=&#8221;2em&#8221; header_font=&#8221;|700||on|||||&#8221; header_text_align=&#8221;left&#8221; header_text_color=&#8221;#002754&#8243; header_font_size=&#8221;19px&#8221; header_2_font=&#8221;|700||on|||||&#8221; header_2_text_color=&#8221;#002754&#8243; header_2_font_size=&#8221;19px&#8221; header_2_line_height=&#8221;1.2em&#8221; header_6_font=&#8221;Raleway|700||on|||||&#8221; header_6_font_size=&#8221;16px&#8221; header_6_letter_spacing=&#8221;5px&#8221; header_6_line_height=&#8221;1.8em&#8221; text_orientation=&#8221;center&#8221; max_width=&#8221;1440px&#8221; module_alignment=&#8221;left&#8221; custom_margin=&#8221;|||0px|false|false&#8221; custom_padding=&#8221;|20px||0px|false|false&#8221; border_color_all=&#8221;RGBA(255,255,255,0)&#8221; global_colors_info=&#8221;{}&#8221;]<\/p>\n<p><a href=\"https:\/\/www.vallecamping.se\/en\/booking-conditions\/\" target=\"_blank\" rel=\"noopener\">You\u2019ll find our full booking terms here!<\/a><\/p>\n<p>If you already have a booking, you can manage it <a href=\"https:\/\/www.vallecamping.se\/en\/manage-booking\/\">via this link<\/a>.<\/p>\n<p>[\/et_pb_text][et_pb_text _builder_version=&#8221;4.27.4&#8243; _module_preset=&#8221;default&#8221; text_font=&#8221;||||||||&#8221; text_line_height=&#8221;2em&#8221; header_font=&#8221;|700||on|||||&#8221; header_text_align=&#8221;left&#8221; header_text_color=&#8221;#002754&#8243; header_font_size=&#8221;19px&#8221; header_line_height=&#8221;1.2em&#8221; header_2_font=&#8221;|700||on|||||&#8221; header_2_text_color=&#8221;#002754&#8243; header_2_font_size=&#8221;19px&#8221; header_2_line_height=&#8221;1.2em&#8221; header_6_font=&#8221;Raleway|700||on|||||&#8221; header_6_font_size=&#8221;16px&#8221; header_6_letter_spacing=&#8221;5px&#8221; header_6_line_height=&#8221;1.8em&#8221; background_color=&#8221;rgba(255,255,255,0.63)&#8221; text_orientation=&#8221;center&#8221; max_width=&#8221;1440px&#8221; module_alignment=&#8221;left&#8221; custom_margin=&#8221;|||0px|false|false&#8221; custom_padding=&#8221;|20px||0px|false|false&#8221; border_color_all=&#8221;RGBA(255,255,255,0)&#8221; global_colors_info=&#8221;{}&#8221;]<\/p>\n<h2 style=\"text-align: left;\">Pitches for caravan, motorhome &amp; tent<\/h2>\n<p style=\"text-align: left;\">Stay with us on spacious, grassy pitches \u2013 some with views of Lake Husg\u00e4rdessj\u00f6n. All sites have electricity, and you&#8217;re welcome with a caravan, motorhome or tent.  <a href=\"https:\/\/www.vallecamping.se\/en\/camping\/\">See our camping options here<\/a><\/p>\n<h2 style=\"text-align: left;\">Nature cabins by the lake \u2013 close to Skara Sommarland<\/h2>\n<p style=\"text-align: left;\">We offer several types of cabins and simpler camping cabins \u2013 all surrounded by nature and just a short drive from Skara Sommarland. A perfect choice for families who want to combine adventure with peace and quiet.  <a href=\"https:\/\/www.vallecamping.se\/en\/cabins\/\">Read more about our cabins here<\/a><\/p>\n<h2 style=\"text-align: left;\">Room with shower and toilet \u2013 Hostel in Skara Municipality<\/h2>\n<p style=\"text-align: left;\">Our hostel is located on-site and offers bright and comfortable four-bed rooms and family rooms \u2013 all with private shower and toilet. A great choice if you&#8217;re looking for hotel-style comfort in a simple form, close to nature and activities.  <a href=\"https:\/\/www.vallecamping.se\/en\/hostel\/\">Explore the hostel<\/a><\/p>\n<h2 style=\"text-align: left;\">Stay close to nature, history &amp; fun<\/h2>\n<p style=\"text-align: left;\">When you book with us, you\u2019ll be near:<\/p>\n<ul style=\"text-align: left;\">\n<li>Skara Sommarland \u2013 just 4 km from the campsite<\/li>\n<li>Varnhem Abbey &amp; Kata Farm \u2013 historic attractions<\/li>\n<li>Lake Hornborga \u2013 famous for cranes and birdlife<\/li>\n<li>Valle nature reserves \u2013 scenic hiking and cycling routes<\/li>\n<\/ul>\n<h2 style=\"text-align: left;\">Book your stay now<\/h2>\n<p style=\"text-align: left;\">Use the form below to search for available dates and accommodation types. You&#8217;ll get instant availability and can book safely online. <\/p>\n<p style=\"text-align: left;\"><a href=\"#kontakt\">Contact us here if you have any questions.<\/a><\/p>\n<p>[\/et_pb_text][et_pb_button button_url=&#8221;\/?page_id=10920&#8243; button_text=&#8221;MANAGE BOOKING&#8221; button_alignment=&#8221;center&#8221; _builder_version=&#8221;4.27.4&#8243; _module_preset=&#8221;default&#8221; custom_button=&#8221;on&#8221; button_text_size=&#8221;14px&#8221; button_text_color=&#8221;#FFFFFF&#8221; button_bg_color=&#8221;rgba(0,72,144,0.33)&#8221; button_border_radius=&#8221;6px&#8221; global_colors_info=&#8221;{}&#8221;][\/et_pb_button][\/et_pb_column][\/et_pb_row][\/et_pb_section][et_pb_section fb_built=&#8221;1&#8243; admin_label=&#8221;Popup &#8211; #kontakt&#8221; module_id=&#8221;kontakt&#8221; module_class=&#8221;popup&#8221; _builder_version=&#8221;4.25.2&#8243; _module_preset=&#8221;default&#8221; width=&#8221;40%&#8221; width_tablet=&#8221;90%&#8221; width_phone=&#8221;90%&#8221; width_last_edited=&#8221;on|tablet&#8221; da_is_popup=&#8221;on&#8221; da_popup_slug=&#8221;kontakt&#8221; da_disable_devices=&#8221;off|off|off&#8221; border_radii=&#8221;on|10px|10px|10px|10px&#8221; saved_tabs=&#8221;all&#8221; global_colors_info=&#8221;{}&#8221; da_exit_intent=&#8221;off&#8221; da_has_close=&#8221;on&#8221; da_alt_close=&#8221;off&#8221; da_dark_close=&#8221;off&#8221; da_not_modal=&#8221;on&#8221; da_is_singular=&#8221;off&#8221; da_with_loader=&#8221;off&#8221; da_has_shadow=&#8221;on&#8221;][et_pb_row _builder_version=&#8221;4.25.2&#8243; _module_preset=&#8221;default&#8221; global_colors_info=&#8221;{}&#8221;][et_pb_column type=&#8221;4_4&#8243; _builder_version=&#8221;4.25.2&#8243; _module_preset=&#8221;default&#8221; global_colors_info=&#8221;{}&#8221;][et_pb_text _builder_version=&#8221;4.25.2&#8243; _module_preset=&#8221;default&#8221; text_font=&#8221;||||||||&#8221; text_text_color=&#8221;#ffffff&#8221; text_font_size=&#8221;18px&#8221; header_font=&#8221;|700||on|||||&#8221; header_text_color=&#8221;#000000&#8243; header_font_size=&#8221;31px&#8221; header_line_height=&#8221;0.9em&#8221; header_2_font=&#8221;|700||on|||||&#8221; header_2_text_color=&#8221;#002860&#8243; header_2_font_size=&#8221;30px&#8221; header_2_line_height=&#8221;1.2em&#8221; background_color=&#8221;rgba(0,0,0,0)&#8221; custom_margin=&#8221;||0px||false|false&#8221; custom_padding=&#8221;9px|1px|0px|1px|false|true&#8221; header_font_size_tablet=&#8221;22px&#8221; header_font_size_phone=&#8221;29px&#8221; header_font_size_last_edited=&#8221;on|desktop&#8221; header_2_font_size_tablet=&#8221;27px&#8221; header_2_font_size_phone=&#8221;28px&#8221; header_2_font_size_last_edited=&#8221;on|desktop&#8221; global_colors_info=&#8221;{}&#8221;]<\/p>\n<h2>Contact us<\/h2>\n<p>[\/et_pb_text][wpforms_selector form_id=&#8221;13392&#8243; _builder_version=&#8221;4.25.2&#8243; _module_preset=&#8221;default&#8221; global_colors_info=&#8221;{}&#8221;][\/wpforms_selector][\/et_pb_column][\/et_pb_row][\/et_pb_section]<\/p>\n","protected":false},"excerpt":{"rendered":"<p>Book Accommodation Online BookingBook nature-friendly stays \u2013 Camping, cabins &amp; rooms by the lake in SwedenEnjoy fishing, hiking and cycling in scenic Valle \u2013 just minutes from Skara Sommarland Planning a visit to Skara Sommarland or want to explore the natural and cultural gems of the Valle area in Skara? On this page, you can [&hellip;]<\/p>\n","protected":false},"author":1,"featured_media":0,"parent":0,"menu_order":0,"comment_status":"closed","ping_status":"closed","template":"","meta":{"_et_pb_use_builder":"on","_et_pb_old_content":"","_et_gb_content_width":"","footnotes":""},"class_list":["post-10013","page","type-page","status-publish","hentry"],"yoast_head":"<!-- This site is optimized with the Yoast SEO plugin v27.4 - https:\/\/yoast.com\/product\/yoast-seo-wordpress\/ -->\n<title>Stay by the lake in beautiful natural surroundings - Valle Camping AB<\/title>\n<meta name=\"description\" content=\"Book a campsite, cabin or room with shower by the lake in beautiful nature. Stay close to nature in Skara Municipality \u2013 with hiking, cycling, birdlife, and trips to Varnhem &amp; Skara Sommarland nearby.\" \/>\n<meta name=\"robots\" content=\"index, follow, max-snippet:-1, max-image-preview:large, max-video-preview:-1\" \/>\n<link rel=\"canonical\" href=\"https:\/\/www.vallecamping.se\/en\/book\/\" \/>\n<meta property=\"og:locale\" content=\"en_US\" \/>\n<meta property=\"og:type\" content=\"article\" \/>\n<meta property=\"og:title\" content=\"Stay by the lake in beautiful natural surroundings - Valle Camping AB\" \/>\n<meta property=\"og:description\" content=\"Book a campsite, cabin or room with shower by the lake in beautiful nature. Stay close to nature in Skara Municipality \u2013 with hiking, cycling, birdlife, and trips to Varnhem &amp; Skara Sommarland nearby.\" \/>\n<meta property=\"og:url\" content=\"https:\/\/www.vallecamping.se\/en\/book\/\" \/>\n<meta property=\"og:site_name\" content=\"Valle Camping AB\" \/>\n<meta property=\"article:publisher\" content=\"https:\/\/www.facebook.com\/vallecamping\" \/>\n<meta property=\"article:modified_time\" content=\"2025-06-23T21:52:14+00:00\" \/>\n<meta name=\"twitter:card\" content=\"summary_large_image\" \/>\n<meta name=\"twitter:label1\" content=\"Est. reading time\" \/>\n\t<meta name=\"twitter:data1\" content=\"7 minutes\" \/>\n<script type=\"application\/ld+json\" class=\"yoast-schema-graph\">{\"@context\":\"https:\\\/\\\/schema.org\",\"@graph\":[{\"@type\":\"WebPage\",\"@id\":\"https:\\\/\\\/www.vallecamping.se\\\/en\\\/book\\\/\",\"url\":\"https:\\\/\\\/www.vallecamping.se\\\/en\\\/book\\\/\",\"name\":\"Stay by the lake in beautiful natural surroundings - Valle Camping AB\",\"isPartOf\":{\"@id\":\"https:\\\/\\\/www.vallecamping.se\\\/en\\\/#website\"},\"datePublished\":\"2020-10-01T14:58:26+00:00\",\"dateModified\":\"2025-06-23T21:52:14+00:00\",\"description\":\"Book a campsite, cabin or room with shower by the lake in beautiful nature. Stay close to nature in Skara Municipality \u2013 with hiking, cycling, birdlife, and trips to Varnhem & Skara Sommarland nearby.\",\"breadcrumb\":{\"@id\":\"https:\\\/\\\/www.vallecamping.se\\\/en\\\/book\\\/#breadcrumb\"},\"inLanguage\":\"en-US\",\"potentialAction\":[{\"@type\":\"ReadAction\",\"target\":[\"https:\\\/\\\/www.vallecamping.se\\\/en\\\/book\\\/\"]}]},{\"@type\":\"BreadcrumbList\",\"@id\":\"https:\\\/\\\/www.vallecamping.se\\\/en\\\/book\\\/#breadcrumb\",\"itemListElement\":[{\"@type\":\"ListItem\",\"position\":1,\"name\":\"Hem\",\"item\":\"https:\\\/\\\/www.vallecamping.se\\\/en\\\/\"},{\"@type\":\"ListItem\",\"position\":2,\"name\":\"Stay by the lake in beautiful natural surroundings\"}]},{\"@type\":\"WebSite\",\"@id\":\"https:\\\/\\\/www.vallecamping.se\\\/en\\\/#website\",\"url\":\"https:\\\/\\\/www.vallecamping.se\\\/en\\\/\",\"name\":\"Valle Camping AB\",\"description\":\"Valle Camping - Stugor, camping, st\u00e4llplatser och vandrarhem vid sj\u00f6 i vackra Valle n\u00e4ra Skara sommarland, Hornborgasj\u00f6n, Varnhems klosterkyrka, Kata g\u00e5rd med mera\",\"publisher\":{\"@id\":\"https:\\\/\\\/www.vallecamping.se\\\/en\\\/#organization\"},\"alternateName\":\"Valle camping\",\"potentialAction\":[{\"@type\":\"SearchAction\",\"target\":{\"@type\":\"EntryPoint\",\"urlTemplate\":\"https:\\\/\\\/www.vallecamping.se\\\/en\\\/?s={search_term_string}\"},\"query-input\":{\"@type\":\"PropertyValueSpecification\",\"valueRequired\":true,\"valueName\":\"search_term_string\"}}],\"inLanguage\":\"en-US\"},{\"@type\":\"Organization\",\"@id\":\"https:\\\/\\\/www.vallecamping.se\\\/en\\\/#organization\",\"name\":\"Valle camping AB\",\"alternateName\":\"Valle camping\",\"url\":\"https:\\\/\\\/www.vallecamping.se\\\/en\\\/\",\"logo\":{\"@type\":\"ImageObject\",\"inLanguage\":\"en-US\",\"@id\":\"https:\\\/\\\/www.vallecamping.se\\\/en\\\/#\\\/schema\\\/logo\\\/image\\\/\",\"url\":\"https:\\\/\\\/www.vallecamping.se\\\/wp-content\\\/uploads\\\/2023\\\/03\\\/Valle-Camping-Icon2303-1.png\",\"contentUrl\":\"https:\\\/\\\/www.vallecamping.se\\\/wp-content\\\/uploads\\\/2023\\\/03\\\/Valle-Camping-Icon2303-1.png\",\"width\":500,\"height\":496,\"caption\":\"Valle camping AB\"},\"image\":{\"@id\":\"https:\\\/\\\/www.vallecamping.se\\\/en\\\/#\\\/schema\\\/logo\\\/image\\\/\"},\"sameAs\":[\"https:\\\/\\\/www.facebook.com\\\/vallecamping\",\"https:\\\/\\\/www.instagram.com\\\/vallecampingstugor\\\/\",\"https:\\\/\\\/www.youtube.com\\\/channel\\\/UCoJUm2JGJm1kc46V1JnI47Q\"]}]}<\/script>\n<!-- \/ Yoast SEO plugin. -->","yoast_head_json":{"title":"Stay by the lake in beautiful natural surroundings - Valle Camping AB","description":"Book a campsite, cabin or room with shower by the lake in beautiful nature. Stay close to nature in Skara Municipality \u2013 with hiking, cycling, birdlife, and trips to Varnhem & Skara Sommarland nearby.","robots":{"index":"index","follow":"follow","max-snippet":"max-snippet:-1","max-image-preview":"max-image-preview:large","max-video-preview":"max-video-preview:-1"},"canonical":"https:\/\/www.vallecamping.se\/en\/book\/","og_locale":"en_US","og_type":"article","og_title":"Stay by the lake in beautiful natural surroundings - Valle Camping AB","og_description":"Book a campsite, cabin or room with shower by the lake in beautiful nature. Stay close to nature in Skara Municipality \u2013 with hiking, cycling, birdlife, and trips to Varnhem & Skara Sommarland nearby.","og_url":"https:\/\/www.vallecamping.se\/en\/book\/","og_site_name":"Valle Camping AB","article_publisher":"https:\/\/www.facebook.com\/vallecamping","article_modified_time":"2025-06-23T21:52:14+00:00","twitter_card":"summary_large_image","twitter_misc":{"Est. reading time":"7 minutes"},"schema":{"@context":"https:\/\/schema.org","@graph":[{"@type":"WebPage","@id":"https:\/\/www.vallecamping.se\/en\/book\/","url":"https:\/\/www.vallecamping.se\/en\/book\/","name":"Stay by the lake in beautiful natural surroundings - Valle Camping AB","isPartOf":{"@id":"https:\/\/www.vallecamping.se\/en\/#website"},"datePublished":"2020-10-01T14:58:26+00:00","dateModified":"2025-06-23T21:52:14+00:00","description":"Book a campsite, cabin or room with shower by the lake in beautiful nature. Stay close to nature in Skara Municipality \u2013 with hiking, cycling, birdlife, and trips to Varnhem & Skara Sommarland nearby.","breadcrumb":{"@id":"https:\/\/www.vallecamping.se\/en\/book\/#breadcrumb"},"inLanguage":"en-US","potentialAction":[{"@type":"ReadAction","target":["https:\/\/www.vallecamping.se\/en\/book\/"]}]},{"@type":"BreadcrumbList","@id":"https:\/\/www.vallecamping.se\/en\/book\/#breadcrumb","itemListElement":[{"@type":"ListItem","position":1,"name":"Hem","item":"https:\/\/www.vallecamping.se\/en\/"},{"@type":"ListItem","position":2,"name":"Stay by the lake in beautiful natural surroundings"}]},{"@type":"WebSite","@id":"https:\/\/www.vallecamping.se\/en\/#website","url":"https:\/\/www.vallecamping.se\/en\/","name":"Valle Camping AB","description":"Valle Camping - Stugor, camping, st\u00e4llplatser och vandrarhem vid sj\u00f6 i vackra Valle n\u00e4ra Skara sommarland, Hornborgasj\u00f6n, Varnhems klosterkyrka, Kata g\u00e5rd med mera","publisher":{"@id":"https:\/\/www.vallecamping.se\/en\/#organization"},"alternateName":"Valle camping","potentialAction":[{"@type":"SearchAction","target":{"@type":"EntryPoint","urlTemplate":"https:\/\/www.vallecamping.se\/en\/?s={search_term_string}"},"query-input":{"@type":"PropertyValueSpecification","valueRequired":true,"valueName":"search_term_string"}}],"inLanguage":"en-US"},{"@type":"Organization","@id":"https:\/\/www.vallecamping.se\/en\/#organization","name":"Valle camping AB","alternateName":"Valle camping","url":"https:\/\/www.vallecamping.se\/en\/","logo":{"@type":"ImageObject","inLanguage":"en-US","@id":"https:\/\/www.vallecamping.se\/en\/#\/schema\/logo\/image\/","url":"https:\/\/www.vallecamping.se\/wp-content\/uploads\/2023\/03\/Valle-Camping-Icon2303-1.png","contentUrl":"https:\/\/www.vallecamping.se\/wp-content\/uploads\/2023\/03\/Valle-Camping-Icon2303-1.png","width":500,"height":496,"caption":"Valle camping AB"},"image":{"@id":"https:\/\/www.vallecamping.se\/en\/#\/schema\/logo\/image\/"},"sameAs":["https:\/\/www.facebook.com\/vallecamping","https:\/\/www.instagram.com\/vallecampingstugor\/","https:\/\/www.youtube.com\/channel\/UCoJUm2JGJm1kc46V1JnI47Q"]}]}},"_links":{"self":[{"href":"https:\/\/www.vallecamping.se\/en\/wp-json\/wp\/v2\/pages\/10013","targetHints":{"allow":["GET"]}}],"collection":[{"href":"https:\/\/www.vallecamping.se\/en\/wp-json\/wp\/v2\/pages"}],"about":[{"href":"https:\/\/www.vallecamping.se\/en\/wp-json\/wp\/v2\/types\/page"}],"author":[{"embeddable":true,"href":"https:\/\/www.vallecamping.se\/en\/wp-json\/wp\/v2\/users\/1"}],"replies":[{"embeddable":true,"href":"https:\/\/www.vallecamping.se\/en\/wp-json\/wp\/v2\/comments?post=10013"}],"version-history":[{"count":74,"href":"https:\/\/www.vallecamping.se\/en\/wp-json\/wp\/v2\/pages\/10013\/revisions"}],"predecessor-version":[{"id":16497,"href":"https:\/\/www.vallecamping.se\/en\/wp-json\/wp\/v2\/pages\/10013\/revisions\/16497"}],"wp:attachment":[{"href":"https:\/\/www.vallecamping.se\/en\/wp-json\/wp\/v2\/media?parent=10013"}],"curies":[{"name":"wp","href":"https:\/\/api.w.org\/{rel}","templated":true}]}}