{"id":12758,"date":"2020-10-01T14:53:27","date_gmt":"2020-10-01T14:53:27","guid":{"rendered":"https:\/\/www.vallecamping.se\/ausflugstipps\/"},"modified":"2025-05-25T20:53:58","modified_gmt":"2025-05-25T20:53:58","slug":"ausflugstipps","status":"publish","type":"page","link":"https:\/\/www.vallecamping.se\/de\/ausflugstipps\/","title":{"rendered":"Ausflugstipps"},"content":{"rendered":"<p>[et_pb_section fb_built=&#8220;1&#8243; admin_label=&#8220;Header&#8220; _builder_version=&#8220;4.16&#8243; background_image=&#8220;https:\/\/www.vallecamping.se\/wp-content\/uploads\/2020\/09\/Valle_Camping_Utflyktsmal-100.jpeg&#8220; custom_margin=&#8220;-280px||||false|false&#8220; custom_margin_tablet=&#8220;||||false|false&#8220; custom_margin_phone=&#8220;||||false|false&#8220; custom_margin_last_edited=&#8220;on|phone&#8220; custom_padding=&#8220;8vw||||false|false&#8220; bottom_divider_style=&#8220;wave2&#8243; bottom_divider_color=&#8220;#a9bdcc&#8220; da_disable_devices=&#8220;off|off|off&#8220; global_colors_info=&#8220;{}&#8220; da_is_popup=&#8220;off&#8220; da_exit_intent=&#8220;off&#8220; da_has_close=&#8220;on&#8220; da_alt_close=&#8220;off&#8220; da_dark_close=&#8220;off&#8220; da_not_modal=&#8220;on&#8220; da_is_singular=&#8220;off&#8220; da_with_loader=&#8220;off&#8220; da_has_shadow=&#8220;on&#8220;][et_pb_row use_custom_gutter=&#8220;on&#8220; gutter_width=&#8220;2&#8243; custom_padding_last_edited=&#8220;on|phone&#8220; _builder_version=&#8220;4.27.4&#8243; _module_preset=&#8220;default&#8220; width=&#8220;90%&#8220; width_tablet=&#8220;90%&#8220; width_phone=&#8220;90%&#8220; width_last_edited=&#8220;on|tablet&#8220; max_width=&#8220;1280px&#8220; custom_padding=&#8220;150px||||false|false&#8220; custom_padding_tablet=&#8220;120px||||false|false&#8220; custom_padding_phone=&#8220;130px||||false|false&#8220; global_colors_info=&#8220;{}&#8220;][et_pb_column type=&#8220;4_4&#8243; _builder_version=&#8220;4.16&#8243; _module_preset=&#8220;default&#8220; global_colors_info=&#8220;{}&#8220;][et_pb_text _builder_version=&#8220;4.27.4&#8243; _module_preset=&#8220;default&#8220; text_font=&#8220;|600||on|||||&#8220; text_text_color=&#8220;#ffffff&#8220; text_font_size=&#8220;22px&#8220; header_font=&#8220;|700|||||||&#8220; header_text_color=&#8220;#FFFFFF&#8220; header_font_size=&#8220;62px&#8220; header_2_font=&#8220;|700|||||||&#8220; header_2_text_color=&#8220;#ffffff&#8220; header_2_font_size=&#8220;67px&#8220; header_3_font=&#8220;|600|||||||&#8220; header_3_text_color=&#8220;#ffffff&#8220; text_orientation=&#8220;right&#8220; custom_padding=&#8220;|||0px|false|false&#8220; hover_enabled=&#8220;0&#8243; text_font_size_tablet=&#8220;20px&#8220; text_font_size_phone=&#8220;15px&#8220; text_font_size_last_edited=&#8220;on|phone&#8220; header_font_size_tablet=&#8220;49px&#8220; header_font_size_phone=&#8220;36px&#8220; header_font_size_last_edited=&#8220;on|phone&#8220; header_2_font_size_tablet=&#8220;52px&#8220; header_2_font_size_phone=&#8220;40px&#8220; header_2_font_size_last_edited=&#8220;on|phone&#8220; header_3_font_size_tablet=&#8220;19px&#8220; header_3_font_size_phone=&#8220;15px&#8220; header_3_font_size_last_edited=&#8220;on|desktop&#8220; text_text_shadow_style=&#8220;preset1&#8243; header_text_shadow_style=&#8220;preset1&#8243; header_2_text_shadow_style=&#8220;preset1&#8243; global_colors_info=&#8220;{}&#8220; header_text_align=&#8220;left&#8220; sticky_enabled=&#8220;0&#8243;]<\/p>\n<h1>EXKURSIONSTIPPS<\/h1>\n<p style=\"text-align: left;\">Hier geben wir Tipps f\u00fcr Aktivit\u00e4ten rund um den Valle Campingplatz.<\/p>\n<p>[\/et_pb_text][\/et_pb_column][\/et_pb_row][\/et_pb_section][et_pb_section fb_built=&#8220;1&#8243; _builder_version=&#8220;4.16&#8243; _module_preset=&#8220;default&#8220; background_color=&#8220;#e9effc&#8220; width=&#8220;100%&#8220; max_width=&#8220;100%&#8220; min_height=&#8220;70px&#8220; custom_padding=&#8220;||0px||false|false&#8220; top_divider_style=&#8220;wave2&#8243; top_divider_color=&#8220;#a9bdcc&#8220; bottom_divider_style=&#8220;wave2&#8243; bottom_divider_color=&#8220;#a9bdcc&#8220; da_disable_devices=&#8220;off|off|off&#8220; global_colors_info=&#8220;{}&#8220; da_is_popup=&#8220;off&#8220; da_exit_intent=&#8220;off&#8220; da_has_close=&#8220;on&#8220; da_alt_close=&#8220;off&#8220; da_dark_close=&#8220;off&#8220; da_not_modal=&#8220;on&#8220; da_is_singular=&#8220;off&#8220; da_with_loader=&#8220;off&#8220; da_has_shadow=&#8220;on&#8220;][et_pb_row use_custom_gutter=&#8220;on&#8220; gutter_width=&#8220;2&#8243; _builder_version=&#8220;4.19.4&#8243; _module_preset=&#8220;default&#8220; background_color=&#8220;rgba(0,0,0,0)&#8220; width=&#8220;90%&#8220; max_width=&#8220;1280px&#8220; min_height=&#8220;504px&#8220; custom_margin=&#8220;-180px|auto||auto|false|false&#8220; custom_margin_tablet=&#8220;&#8220; custom_margin_phone=&#8220;-120px|auto||auto|false|false&#8220; custom_margin_last_edited=&#8220;on|phone&#8220; custom_padding=&#8220;|0px||0px|false|false&#8220; global_colors_info=&#8220;{}&#8220;][et_pb_column type=&#8220;4_4&#8243; _builder_version=&#8220;4.16&#8243; _module_preset=&#8220;default&#8220; background_color=&#8220;rgba(0,0,0,0)&#8220; global_colors_info=&#8220;{}&#8220;][et_pb_text _builder_version=&#8220;4.16&#8243; text_font=&#8220;||||||||&#8220; text_line_height=&#8220;2em&#8220; header_font=&#8220;||||||||&#8220; header_2_font=&#8220;Raleway|700||on|||||&#8220; header_2_text_color=&#8220;#002754&#8243; header_2_font_size=&#8220;19px&#8220; header_2_line_height=&#8220;1.2em&#8220; header_6_font=&#8220;Raleway|700||on|||||&#8220; header_6_font_size=&#8220;16px&#8220; header_6_letter_spacing=&#8220;5px&#8220; header_6_line_height=&#8220;1.8em&#8220; background_color=&#8220;#FFFFFF&#8220; text_orientation=&#8220;center&#8220; max_width=&#8220;1440px&#8220; max_width_last_edited=&#8220;off|desktop&#8220; module_alignment=&#8220;left&#8220; custom_margin=&#8220;11px||11px||false|false&#8220; custom_padding=&#8220;10px|10px|10px|10px|true|true&#8220; header_2_font_size_tablet=&#8220;35px&#8220; header_2_font_size_phone=&#8220;25px&#8220; header_2_font_size_last_edited=&#8220;off|desktop&#8220; border_radii=&#8220;on|7px|7px|7px|7px&#8220; global_colors_info=&#8220;{}&#8220;]<\/p>\n<p style=\"text-align: left;\">Der Valle Campingplatz in der Gemeinde Skara liegt in der N\u00e4he von Natur, Kultur und Unterhaltung. Wie w\u00e4re es zum Beispiel mit einer Wanderung in <a href=\"https:\/\/www.vallecamping.se\/de\/wandern-in-valle\/\">der sch\u00f6nen Vallebygden<\/a>, mehr <a href=\"https:\/\/www.vallecamping.se\/de\/kata-gard\/\">\u00fcber die Christianisierung der Wikinger<\/a> zu erfahren, sein Gl\u00fcck beim <a href=\"https:\/\/www.vallecamping.se\/de\/axevalla-rennbahn-und-das-stochampionat\/\">Stochampionat<\/a> zu versuchen oder nass zu werden&#8230;  <a href=\"https:\/\/www.vallecamping.se\/de\/skara-sommarland\/\">Skandinaviens gr\u00f6\u00dftem Wasserpark. Skara sommarland<\/a>. Alles nur wenige Minuten entfernt vom Valle Campingplatz.<\/p>\n<p style=\"text-align: left;\">Wenn Sie lieber auf dem Campingplatz bleiben m\u00f6chten, k\u00f6nnen Sie entlang einer der <a href=\"https:\/\/www.vallecamping.se\/de\/wandern-in-valle\/\">Wanderwege<\/a> spazieren gehen, <a href=\"https:\/\/www.vallecamping.se\/de\/angeln\/\">angeln<\/a> oder warum nicht ein entspannendes Saunabad in der <a href=\"https:\/\/www.vallecamping.se\/de\/saunieren\/\">holzbeheizten Sauna<\/a> am Steg genie\u00dfen.<\/p>\n<h2 style=\"text-align: left;\">UNSERE AUSFLUGSTIPPS<\/h2>\n<p style=\"text-align: left;\">Auf dieser Seite haben wir verschiedene Ausflugstipps f\u00fcr Sie gesammelt, wenn Sie auf dem Valle Campingplatz \u00fcbernachten.<\/p>\n<p style=\"text-align: left;\">Auf der Seite &#8222;<a href=\"https:\/\/www.sommariskara.se\/\" target=\"_blank\" rel=\"noopener\">Sommer in Skara<\/a>&#8220; finden Sie weitere Tipps, was Sie w\u00e4hrend Ihres Aufenthalts auf dem Valle Campingplatz unternehmen k\u00f6nnen.<\/p>\n<p>[\/et_pb_text][et_pb_blog fullwidth=&#8220;off&#8220; posts_number=&#8220;15&#8243; include_categories=&#8220;16&#8243; excerpt_length=&#8220;75&#8243; show_more=&#8220;on&#8220; show_author=&#8220;off&#8220; show_date=&#8220;off&#8220; show_categories=&#8220;off&#8220; _builder_version=&#8220;4.16&#8243; _module_preset=&#8220;default&#8220; header_font=&#8220;|700||on|||||&#8220; header_text_color=&#8220;#004890&#8243; header_font_size=&#8220;20px&#8220; header_line_height=&#8220;1.3em&#8220; read_more_font=&#8220;|700||on|||||&#8220; read_more_text_color=&#8220;#004890&#8243; background_color=&#8220;rgba(0,0,0,0)&#8220; custom_padding=&#8220;15px|0px||0px|false|false&#8220; custom_css_read_more=&#8220;color: #e09900;||display: block;||text-align:center;||margin-top: 10px;||border: 1px solid #ccc;||padding: 5px;||text-transform: capitalize;||letter-spacing: 1px;&#8220; border_radii=&#8220;on|12px|12px|12px|12px&#8220; box_shadow_style=&#8220;preset3&#8243; global_colors_info=&#8220;{}&#8220;][\/et_pb_blog][\/et_pb_column][\/et_pb_row][et_pb_row use_custom_gutter=&#8220;on&#8220; gutter_width=&#8220;2&#8243; make_equal=&#8220;on&#8220; _builder_version=&#8220;4.19.4&#8243; _module_preset=&#8220;default&#8220; background_color=&#8220;rgba(0,0,0,0)&#8220; width=&#8220;100%&#8220; max_width=&#8220;1280px&#8220; min_height=&#8220;504px&#8220; custom_margin=&#8220;-200px|auto||auto|false|false&#8220; custom_margin_tablet=&#8220;&#8220; custom_margin_phone=&#8220;-120px|auto||auto|false|false&#8220; custom_margin_last_edited=&#8220;on|phone&#8220; custom_padding=&#8220;13px|20px||20px|false|true&#8220; global_colors_info=&#8220;{}&#8220;][et_pb_column type=&#8220;4_4&#8243; _builder_version=&#8220;4.16&#8243; _module_preset=&#8220;default&#8220; background_color=&#8220;rgba(0,0,0,0)&#8220; global_colors_info=&#8220;{}&#8220;][et_pb_text _builder_version=&#8220;4.16&#8243; _module_preset=&#8220;default&#8220; header_2_font=&#8220;|600||on|||||&#8220; header_2_text_color=&#8220;#004890&#8243; header_3_font=&#8220;|700|||||||&#8220; header_3_text_color=&#8220;#004890&#8243; header_3_font_size=&#8220;15px&#8220; background_enable_color=&#8220;off&#8220; custom_margin=&#8220;||8px|||&#8220; custom_padding=&#8220;0px|10px|0px|0px|true|false&#8220; border_radii=&#8220;off|9px|9px||&#8220; global_colors_info=&#8220;{}&#8220;]<\/p>\n<h2>AKTIVIT\u00c4TEN AUF DEM VALLE CAMPINGPLATZ<\/h2>\n<p>[\/et_pb_text][et_pb_blog fullwidth=&#8220;off&#8220; posts_number=&#8220;12&#8243; include_categories=&#8220;52&#8243; excerpt_length=&#8220;75&#8243; show_more=&#8220;on&#8220; show_author=&#8220;off&#8220; show_date=&#8220;off&#8220; show_categories=&#8220;off&#8220; _builder_version=&#8220;4.16&#8243; _module_preset=&#8220;default&#8220; header_font=&#8220;|700||on|||||&#8220; header_text_color=&#8220;#004890&#8243; header_font_size=&#8220;20px&#8220; header_line_height=&#8220;1.3em&#8220; read_more_font=&#8220;|700||on|||||&#8220; read_more_text_color=&#8220;#004890&#8243; background_color=&#8220;rgba(0,0,0,0)&#8220; custom_padding=&#8220;0px|0px||0px|false|false&#8220; custom_css_read_more=&#8220;color: #e09900;||display: block;||text-align:center;||margin-top: 10px;||border: 1px solid #ccc;||padding: 5px;||text-transform: capitalize;||letter-spacing: 1px;&#8220; border_radii=&#8220;on|12px|12px|12px|12px&#8220; box_shadow_style=&#8220;preset3&#8243; global_colors_info=&#8220;{}&#8220;][\/et_pb_blog][\/et_pb_column][\/et_pb_row][\/et_pb_section]<\/p>\n","protected":false},"excerpt":{"rendered":"<p>EXKURSIONSTIPPS Hier geben wir Tipps f\u00fcr Aktivit\u00e4ten rund um den Valle Campingplatz.Der Valle Campingplatz in der Gemeinde Skara liegt in der N\u00e4he von Natur, Kultur und Unterhaltung. Wie w\u00e4re es zum Beispiel mit einer Wanderung in der sch\u00f6nen Vallebygden, mehr \u00fcber die Christianisierung der Wikinger zu erfahren, sein Gl\u00fcck beim Stochampionat zu versuchen oder nass [&hellip;]<\/p>\n","protected":false},"author":1,"featured_media":0,"parent":0,"menu_order":0,"comment_status":"closed","ping_status":"closed","template":"","meta":{"_et_pb_use_builder":"on","_et_pb_old_content":"","_et_gb_content_width":"","footnotes":""},"class_list":["post-12758","page","type-page","status-publish","hentry"],"yoast_head":"<!-- This site is optimized with the Yoast SEO plugin v27.4 - https:\/\/yoast.com\/product\/yoast-seo-wordpress\/ -->\n<title>Ausflugstipps - Valle Camping AB<\/title>\n<meta name=\"description\" content=\"Ausflugstipps rund um Skara. Skara Sommarland, Axevalla-Trabrennbahn, der See Hornborgasj\u00f6n und der Hof Kata liegen nur wenige Kilometer entfernt.\" \/>\n<meta name=\"robots\" content=\"index, follow, max-snippet:-1, max-image-preview:large, max-video-preview:-1\" \/>\n<link rel=\"canonical\" href=\"https:\/\/www.vallecamping.se\/de\/ausflugstipps\/\" \/>\n<meta property=\"og:locale\" content=\"de_DE\" \/>\n<meta property=\"og:type\" content=\"article\" \/>\n<meta property=\"og:title\" content=\"Ausflugstipps - Valle Camping AB\" \/>\n<meta property=\"og:description\" content=\"Ausflugstipps rund um Skara. Skara Sommarland, Axevalla-Trabrennbahn, der See Hornborgasj\u00f6n und der Hof Kata liegen nur wenige Kilometer entfernt.\" \/>\n<meta property=\"og:url\" content=\"https:\/\/www.vallecamping.se\/de\/ausflugstipps\/\" \/>\n<meta property=\"og:site_name\" content=\"Valle Camping AB\" \/>\n<meta property=\"article:publisher\" content=\"https:\/\/www.facebook.com\/vallecamping\" \/>\n<meta property=\"article:modified_time\" content=\"2025-05-25T20:53:58+00:00\" \/>\n<meta name=\"twitter:card\" content=\"summary_large_image\" \/>\n<meta name=\"twitter:label1\" content=\"Gesch\u00e4tzte Lesezeit\" \/>\n\t<meta name=\"twitter:data1\" content=\"5\u00a0Minuten\" \/>\n<script type=\"application\/ld+json\" class=\"yoast-schema-graph\">{\"@context\":\"https:\\\/\\\/schema.org\",\"@graph\":[{\"@type\":\"WebPage\",\"@id\":\"https:\\\/\\\/www.vallecamping.se\\\/de\\\/ausflugstipps\\\/\",\"url\":\"https:\\\/\\\/www.vallecamping.se\\\/de\\\/ausflugstipps\\\/\",\"name\":\"Ausflugstipps - Valle Camping AB\",\"isPartOf\":{\"@id\":\"https:\\\/\\\/www.vallecamping.se\\\/de\\\/#website\"},\"datePublished\":\"2020-10-01T14:53:27+00:00\",\"dateModified\":\"2025-05-25T20:53:58+00:00\",\"description\":\"Ausflugstipps rund um Skara. Skara Sommarland, Axevalla-Trabrennbahn, der See Hornborgasj\u00f6n und der Hof Kata liegen nur wenige Kilometer entfernt.\",\"breadcrumb\":{\"@id\":\"https:\\\/\\\/www.vallecamping.se\\\/de\\\/ausflugstipps\\\/#breadcrumb\"},\"inLanguage\":\"de\",\"potentialAction\":[{\"@type\":\"ReadAction\",\"target\":[\"https:\\\/\\\/www.vallecamping.se\\\/de\\\/ausflugstipps\\\/\"]}]},{\"@type\":\"BreadcrumbList\",\"@id\":\"https:\\\/\\\/www.vallecamping.se\\\/de\\\/ausflugstipps\\\/#breadcrumb\",\"itemListElement\":[{\"@type\":\"ListItem\",\"position\":1,\"name\":\"Hem\",\"item\":\"https:\\\/\\\/www.vallecamping.se\\\/de\\\/\"},{\"@type\":\"ListItem\",\"position\":2,\"name\":\"Ausflugstipps\"}]},{\"@type\":\"WebSite\",\"@id\":\"https:\\\/\\\/www.vallecamping.se\\\/de\\\/#website\",\"url\":\"https:\\\/\\\/www.vallecamping.se\\\/de\\\/\",\"name\":\"Valle Camping AB\",\"description\":\"Valle Camping - Stugor, camping, st\u00e4llplatser och vandrarhem vid sj\u00f6 i vackra Valle n\u00e4ra Skara sommarland, Hornborgasj\u00f6n, Varnhems klosterkyrka, Kata g\u00e5rd med mera\",\"publisher\":{\"@id\":\"https:\\\/\\\/www.vallecamping.se\\\/de\\\/#organization\"},\"alternateName\":\"Valle camping\",\"potentialAction\":[{\"@type\":\"SearchAction\",\"target\":{\"@type\":\"EntryPoint\",\"urlTemplate\":\"https:\\\/\\\/www.vallecamping.se\\\/de\\\/?s={search_term_string}\"},\"query-input\":{\"@type\":\"PropertyValueSpecification\",\"valueRequired\":true,\"valueName\":\"search_term_string\"}}],\"inLanguage\":\"de\"},{\"@type\":\"Organization\",\"@id\":\"https:\\\/\\\/www.vallecamping.se\\\/de\\\/#organization\",\"name\":\"Valle camping AB\",\"alternateName\":\"Valle camping\",\"url\":\"https:\\\/\\\/www.vallecamping.se\\\/de\\\/\",\"logo\":{\"@type\":\"ImageObject\",\"inLanguage\":\"de\",\"@id\":\"https:\\\/\\\/www.vallecamping.se\\\/de\\\/#\\\/schema\\\/logo\\\/image\\\/\",\"url\":\"https:\\\/\\\/www.vallecamping.se\\\/wp-content\\\/uploads\\\/2023\\\/03\\\/Valle-Camping-Icon2303-1.png\",\"contentUrl\":\"https:\\\/\\\/www.vallecamping.se\\\/wp-content\\\/uploads\\\/2023\\\/03\\\/Valle-Camping-Icon2303-1.png\",\"width\":500,\"height\":496,\"caption\":\"Valle camping AB\"},\"image\":{\"@id\":\"https:\\\/\\\/www.vallecamping.se\\\/de\\\/#\\\/schema\\\/logo\\\/image\\\/\"},\"sameAs\":[\"https:\\\/\\\/www.facebook.com\\\/vallecamping\",\"https:\\\/\\\/www.instagram.com\\\/vallecampingstugor\\\/\",\"https:\\\/\\\/www.youtube.com\\\/channel\\\/UCoJUm2JGJm1kc46V1JnI47Q\"]}]}<\/script>\n<!-- \/ Yoast SEO plugin. -->","yoast_head_json":{"title":"Ausflugstipps - Valle Camping AB","description":"Ausflugstipps rund um Skara. Skara Sommarland, Axevalla-Trabrennbahn, der See Hornborgasj\u00f6n und der Hof Kata liegen nur wenige Kilometer entfernt.","robots":{"index":"index","follow":"follow","max-snippet":"max-snippet:-1","max-image-preview":"max-image-preview:large","max-video-preview":"max-video-preview:-1"},"canonical":"https:\/\/www.vallecamping.se\/de\/ausflugstipps\/","og_locale":"de_DE","og_type":"article","og_title":"Ausflugstipps - Valle Camping AB","og_description":"Ausflugstipps rund um Skara. Skara Sommarland, Axevalla-Trabrennbahn, der See Hornborgasj\u00f6n und der Hof Kata liegen nur wenige Kilometer entfernt.","og_url":"https:\/\/www.vallecamping.se\/de\/ausflugstipps\/","og_site_name":"Valle Camping AB","article_publisher":"https:\/\/www.facebook.com\/vallecamping","article_modified_time":"2025-05-25T20:53:58+00:00","twitter_card":"summary_large_image","twitter_misc":{"Gesch\u00e4tzte Lesezeit":"5\u00a0Minuten"},"schema":{"@context":"https:\/\/schema.org","@graph":[{"@type":"WebPage","@id":"https:\/\/www.vallecamping.se\/de\/ausflugstipps\/","url":"https:\/\/www.vallecamping.se\/de\/ausflugstipps\/","name":"Ausflugstipps - Valle Camping AB","isPartOf":{"@id":"https:\/\/www.vallecamping.se\/de\/#website"},"datePublished":"2020-10-01T14:53:27+00:00","dateModified":"2025-05-25T20:53:58+00:00","description":"Ausflugstipps rund um Skara. Skara Sommarland, Axevalla-Trabrennbahn, der See Hornborgasj\u00f6n und der Hof Kata liegen nur wenige Kilometer entfernt.","breadcrumb":{"@id":"https:\/\/www.vallecamping.se\/de\/ausflugstipps\/#breadcrumb"},"inLanguage":"de","potentialAction":[{"@type":"ReadAction","target":["https:\/\/www.vallecamping.se\/de\/ausflugstipps\/"]}]},{"@type":"BreadcrumbList","@id":"https:\/\/www.vallecamping.se\/de\/ausflugstipps\/#breadcrumb","itemListElement":[{"@type":"ListItem","position":1,"name":"Hem","item":"https:\/\/www.vallecamping.se\/de\/"},{"@type":"ListItem","position":2,"name":"Ausflugstipps"}]},{"@type":"WebSite","@id":"https:\/\/www.vallecamping.se\/de\/#website","url":"https:\/\/www.vallecamping.se\/de\/","name":"Valle Camping AB","description":"Valle Camping - Stugor, camping, st\u00e4llplatser och vandrarhem vid sj\u00f6 i vackra Valle n\u00e4ra Skara sommarland, Hornborgasj\u00f6n, Varnhems klosterkyrka, Kata g\u00e5rd med mera","publisher":{"@id":"https:\/\/www.vallecamping.se\/de\/#organization"},"alternateName":"Valle camping","potentialAction":[{"@type":"SearchAction","target":{"@type":"EntryPoint","urlTemplate":"https:\/\/www.vallecamping.se\/de\/?s={search_term_string}"},"query-input":{"@type":"PropertyValueSpecification","valueRequired":true,"valueName":"search_term_string"}}],"inLanguage":"de"},{"@type":"Organization","@id":"https:\/\/www.vallecamping.se\/de\/#organization","name":"Valle camping AB","alternateName":"Valle camping","url":"https:\/\/www.vallecamping.se\/de\/","logo":{"@type":"ImageObject","inLanguage":"de","@id":"https:\/\/www.vallecamping.se\/de\/#\/schema\/logo\/image\/","url":"https:\/\/www.vallecamping.se\/wp-content\/uploads\/2023\/03\/Valle-Camping-Icon2303-1.png","contentUrl":"https:\/\/www.vallecamping.se\/wp-content\/uploads\/2023\/03\/Valle-Camping-Icon2303-1.png","width":500,"height":496,"caption":"Valle camping AB"},"image":{"@id":"https:\/\/www.vallecamping.se\/de\/#\/schema\/logo\/image\/"},"sameAs":["https:\/\/www.facebook.com\/vallecamping","https:\/\/www.instagram.com\/vallecampingstugor\/","https:\/\/www.youtube.com\/channel\/UCoJUm2JGJm1kc46V1JnI47Q"]}]}},"_links":{"self":[{"href":"https:\/\/www.vallecamping.se\/de\/wp-json\/wp\/v2\/pages\/12758","targetHints":{"allow":["GET"]}}],"collection":[{"href":"https:\/\/www.vallecamping.se\/de\/wp-json\/wp\/v2\/pages"}],"about":[{"href":"https:\/\/www.vallecamping.se\/de\/wp-json\/wp\/v2\/types\/page"}],"author":[{"embeddable":true,"href":"https:\/\/www.vallecamping.se\/de\/wp-json\/wp\/v2\/users\/1"}],"replies":[{"embeddable":true,"href":"https:\/\/www.vallecamping.se\/de\/wp-json\/wp\/v2\/comments?post=12758"}],"version-history":[{"count":8,"href":"https:\/\/www.vallecamping.se\/de\/wp-json\/wp\/v2\/pages\/12758\/revisions"}],"predecessor-version":[{"id":15663,"href":"https:\/\/www.vallecamping.se\/de\/wp-json\/wp\/v2\/pages\/12758\/revisions\/15663"}],"wp:attachment":[{"href":"https:\/\/www.vallecamping.se\/de\/wp-json\/wp\/v2\/media?parent=12758"}],"curies":[{"name":"wp","href":"https:\/\/api.w.org\/{rel}","templated":true}]}}