{"id":12680,"date":"2020-10-01T14:58:26","date_gmt":"2020-10-01T14:58:26","guid":{"rendered":"https:\/\/www.vallecamping.se\/reservieren\/"},"modified":"2025-06-23T21:53:30","modified_gmt":"2025-06-23T21:53:30","slug":"reservieren","status":"publish","type":"page","link":"https:\/\/www.vallecamping.se\/de\/reservieren\/","title":{"rendered":"Buche naturnahes Wohnen \u2013 Camping, H\u00fctten &amp; Zimmer am See in Schweden"},"content":{"rendered":"<p>[et_pb_section fb_built=&#8220;1&#8243; _builder_version=&#8220;4.27.4&#8243; _module_preset=&#8220;default&#8220; background_image=&#8220;https:\/\/www.vallecamping.se\/wp-content\/uploads\/2025\/05\/Camping_bakgrund2505.jpg&#8220; custom_margin=&#8220;-280px||||false|false&#8220; custom_margin_tablet=&#8220;-300px||||false|false&#8220; custom_margin_phone=&#8220;-340px||||false|false&#8220; custom_margin_last_edited=&#8220;on|phone&#8220; custom_padding=&#8220;8vw||5px||false|false&#8220; bottom_divider_style=&#8220;wave2&#8243; bottom_divider_color=&#8220;#a9bdcc&#8220; da_disable_devices=&#8220;off|off|off&#8220; global_colors_info=&#8220;{}&#8220; da_is_popup=&#8220;off&#8220; da_exit_intent=&#8220;off&#8220; da_has_close=&#8220;on&#8220; da_alt_close=&#8220;off&#8220; da_dark_close=&#8220;off&#8220; da_not_modal=&#8220;on&#8220; da_is_singular=&#8220;off&#8220; da_with_loader=&#8220;off&#8220; da_has_shadow=&#8220;on&#8220;][et_pb_row use_custom_gutter=&#8220;on&#8220; gutter_width=&#8220;2&#8243; custom_padding_last_edited=&#8220;on|phone&#8220; _builder_version=&#8220;4.27.4&#8243; _module_preset=&#8220;default&#8220; width=&#8220;90%&#8220; width_tablet=&#8220;90%&#8220; width_phone=&#8220;90%&#8220; width_last_edited=&#8220;on|tablet&#8220; max_width=&#8220;1280px&#8220; custom_padding=&#8220;150px||||false|false&#8220; custom_padding_tablet=&#8220;&#8220; custom_padding_phone=&#8220;185px||||false|false&#8220; global_colors_info=&#8220;{}&#8220;][et_pb_column type=&#8220;4_4&#8243; _builder_version=&#8220;4.16&#8243; _module_preset=&#8220;default&#8220; global_colors_info=&#8220;{}&#8220;][et_pb_text _builder_version=&#8220;4.27.4&#8243; _module_preset=&#8220;default&#8220; text_font=&#8220;|600||on|||||&#8220; text_text_color=&#8220;#ffffff&#8220; text_font_size=&#8220;22px&#8220; header_font=&#8220;|700|||||||&#8220; header_text_align=&#8220;left&#8220; header_text_color=&#8220;#FFFFFF&#8220; header_font_size=&#8220;67px&#8220; header_2_font=&#8220;|700|||||||&#8220; header_2_text_align=&#8220;left&#8220; header_2_text_color=&#8220;#ffffff&#8220; header_2_font_size=&#8220;67px&#8220; header_3_font=&#8220;|700||on|||||&#8220; header_3_text_align=&#8220;left&#8220; header_3_text_color=&#8220;#ffffff&#8220; header_3_font_size=&#8220;67px&#8220; text_orientation=&#8220;right&#8220; custom_padding=&#8220;|||20px|false|false&#8220; text_font_size_tablet=&#8220;20px&#8220; text_font_size_phone=&#8220;15px&#8220; text_font_size_last_edited=&#8220;on|phone&#8220; header_font_size_tablet=&#8220;52px&#8220; header_font_size_phone=&#8220;40px&#8220; header_font_size_last_edited=&#8220;on|phone&#8220; header_2_font_size_tablet=&#8220;52px&#8220; header_2_font_size_phone=&#8220;40px&#8220; header_2_font_size_last_edited=&#8220;on|phone&#8220; header_3_font_size_tablet=&#8220;52px&#8220; header_3_font_size_phone=&#8220;40px&#8220; header_3_font_size_last_edited=&#8220;on|phone&#8220; text_text_shadow_style=&#8220;preset1&#8243; header_text_shadow_style=&#8220;preset1&#8243; header_2_text_shadow_style=&#8220;preset1&#8243; global_colors_info=&#8220;{}&#8220;]<\/p>\n<h3 style=\"text-align: left;\">UNTERKUNFT BUCHEN<\/h3>\n<p style=\"text-align: left;\">Online-Buchung<\/p>\n<p>[\/et_pb_text][\/et_pb_column][\/et_pb_row][\/et_pb_section][et_pb_section fb_built=&#8220;1&#8243; _builder_version=&#8220;4.27.4&#8243; _module_preset=&#8220;default&#8220; background_image=&#8220;https:\/\/www.vallecamping.se\/wp-content\/uploads\/2020\/11\/bAKGRUND1.png&#8220; custom_padding=&#8220;20px||0px|||&#8220; top_divider_style=&#8220;wave2&#8243; top_divider_color=&#8220;#a9bdcc&#8220; bottom_divider_style=&#8220;wave2&#8243; bottom_divider_color=&#8220;#a9bdcc&#8220; da_disable_devices=&#8220;off|off|off&#8220; global_colors_info=&#8220;{}&#8220; da_is_popup=&#8220;off&#8220; da_exit_intent=&#8220;off&#8220; da_has_close=&#8220;on&#8220; da_alt_close=&#8220;off&#8220; da_dark_close=&#8220;off&#8220; da_not_modal=&#8220;on&#8220; da_is_singular=&#8220;off&#8220; da_with_loader=&#8220;off&#8220; da_has_shadow=&#8220;on&#8220;][et_pb_row use_custom_gutter=&#8220;on&#8220; gutter_width=&#8220;2&#8243; custom_padding_last_edited=&#8220;on|desktop&#8220; _builder_version=&#8220;4.20.0&#8243; _module_preset=&#8220;default&#8220; width=&#8220;90%&#8220; max_width=&#8220;1280px&#8220; custom_padding=&#8220;0px|20px|0px|20px|false|false&#8220; custom_padding_tablet=&#8220;|0px||0px||true&#8220; custom_padding_phone=&#8220;|0px||0px||true&#8220; global_colors_info=&#8220;{}&#8220;][et_pb_column type=&#8220;4_4&#8243; _builder_version=&#8220;4.19.1&#8243; _module_preset=&#8220;default&#8220; global_colors_info=&#8220;{}&#8220;][et_pb_text _builder_version=&#8220;4.27.4&#8243; _module_preset=&#8220;default&#8220; text_font=&#8220;||||||||&#8220; text_line_height=&#8220;2em&#8220; header_font=&#8220;|700||on|||||&#8220; header_text_align=&#8220;left&#8220; header_text_color=&#8220;#002754&#8243; header_font_size=&#8220;19px&#8220; header_line_height=&#8220;1.2em&#8220; header_2_font=&#8220;|700||on|||||&#8220; header_2_text_color=&#8220;#002754&#8243; header_2_font_size=&#8220;19px&#8220; header_2_line_height=&#8220;1.2em&#8220; header_6_font=&#8220;Raleway|700||on|||||&#8220; header_6_font_size=&#8220;16px&#8220; header_6_letter_spacing=&#8220;5px&#8220; header_6_line_height=&#8220;1.8em&#8220; background_color=&#8220;rgba(255,255,255,0.66)&#8220; text_orientation=&#8220;center&#8220; max_width=&#8220;1440px&#8220; module_alignment=&#8220;left&#8220; custom_margin=&#8220;|||0px|false|false&#8220; custom_padding=&#8220;12px|20px||0px|false|false&#8220; border_color_all=&#8220;RGBA(255,255,255,0)&#8220; global_colors_info=&#8220;{}&#8220;]<\/p>\n<h1 style=\"text-align: left;\">Angeln, Wandern und Radfahren im sch\u00f6nen Valle \u2013 in der N\u00e4he vom Skara Sommarland<\/h1>\n<p style=\"text-align: left;\">Planst du einen Besuch im Skara Sommarland oder m\u00f6chtest du die Natur- und Kultursch\u00e4tze der Valle-Region bei Skara entdecken? Auf dieser Seite kannst du einen Stellplatz, eine H\u00fctte oder ein Zimmer bei Valle Camping buchen \u2013 gelegen in der Gemeinde Skara, nur wenige Kilometer vom gr\u00f6\u00dften Wasserpark Skandinaviens entfernt. <\/p>\n<p style=\"text-align: left;\">Valle Camping bietet eine ruhige, naturnahe Unterkunft an einem eigenen Badesee \u2013 in der N\u00e4he beliebter Ausflugsziele wie dem <a href=\"https:\/\/www.vallecamping.se\/de\/skara-sommarland\/\">Skara Sommarland<\/a>, dem <a href=\"https:\/\/www.vallecamping.se\/de\/der-kranichtanz-am-hornborgasee\/\">Hornborgasj\u00f6n<\/a>, der <a href=\"https:\/\/www.vallecamping.se\/de\/kata-gard\/\">Klosterkirche von Varnhem<\/a>, Kata G\u00e5rd und mehreren Naturschutzgebieten in der Valle-Region.<\/p>\n<p>[\/et_pb_text][et_pb_code _builder_version=&#8220;4.27.4&#8243; _module_preset=&#8220;default&#8220; hover_enabled=&#8220;0&#8243; global_colors_info=&#8220;{}&#8220; sticky_enabled=&#8220;0&#8243;]<script async=\"\" data-form-id=\"8f94df81647f5035\" src=\"https:\/\/secured.sirvoy.com\/widget\/sirvoy.js\" data-lang=\"de\" data-target-confirmation-url=\"https:\/\/www.vallecamping.se\/de\/vielen-dank-fuer-ihre-buchung\/\"><\/script>[\/et_pb_code][et_pb_text _builder_version=&#8220;4.27.4&#8243; _module_preset=&#8220;default&#8220; text_font=&#8220;||||||||&#8220; text_line_height=&#8220;2em&#8220; header_font=&#8220;|700||on|||||&#8220; header_text_align=&#8220;left&#8220; header_text_color=&#8220;#002754&#8243; header_font_size=&#8220;19px&#8220; header_2_font=&#8220;|700||on|||||&#8220; header_2_text_color=&#8220;#002754&#8243; header_2_font_size=&#8220;19px&#8220; header_2_line_height=&#8220;1.2em&#8220; header_6_font=&#8220;Raleway|700||on|||||&#8220; header_6_font_size=&#8220;16px&#8220; header_6_letter_spacing=&#8220;5px&#8220; header_6_line_height=&#8220;1.8em&#8220; text_orientation=&#8220;center&#8220; max_width=&#8220;1440px&#8220; module_alignment=&#8220;left&#8220; custom_margin=&#8220;|||0px|false|false&#8220; custom_padding=&#8220;|20px||0px|false|false&#8220; border_color_all=&#8220;RGBA(255,255,255,0)&#8220; global_colors_info=&#8220;{}&#8220;]<\/p>\n<p><a href=\"https:\/\/www.vallecamping.se\/de\/buchungsbedingungen\/\" target=\"_blank\" rel=\"noopener\">Unsere vollst\u00e4ndigen Buchungsbedingungen findet ihr hier!<\/a><\/p>\n<p>Wenn ihr bereits eine Buchung habt, k\u00f6nnt ihr sie <a href=\"https:\/\/www.vallecamping.se\/de\/buchung-verwalten\/\">\u00fcber diesen Link verwalten<\/a>.<\/p>\n<p>[\/et_pb_text][et_pb_text _builder_version=&#8220;4.27.4&#8243; _module_preset=&#8220;default&#8220; text_font=&#8220;||||||||&#8220; text_line_height=&#8220;2em&#8220; header_font=&#8220;|700||on|||||&#8220; header_text_align=&#8220;left&#8220; header_text_color=&#8220;#002754&#8243; header_font_size=&#8220;19px&#8220; header_line_height=&#8220;1.2em&#8220; header_2_font=&#8220;|700||on|||||&#8220; header_2_text_color=&#8220;#002754&#8243; header_2_font_size=&#8220;19px&#8220; header_2_line_height=&#8220;1.2em&#8220; header_6_font=&#8220;Raleway|700||on|||||&#8220; header_6_font_size=&#8220;16px&#8220; header_6_letter_spacing=&#8220;5px&#8220; header_6_line_height=&#8220;1.8em&#8220; background_color=&#8220;rgba(255,255,255,0.63)&#8220; text_orientation=&#8220;center&#8220; max_width=&#8220;1440px&#8220; module_alignment=&#8220;left&#8220; custom_margin=&#8220;|||0px|false|false&#8220; custom_padding=&#8220;|20px||0px|false|false&#8220; border_color_all=&#8220;RGBA(255,255,255,0)&#8220; global_colors_info=&#8220;{}&#8220;]<\/p>\n<h2 style=\"text-align: left;\">Stellpl\u00e4tze f\u00fcr Wohnwagen, Wohnmobil &amp; Zelt<\/h2>\n<p style=\"text-align: left;\">Bei uns campierst du auf gro\u00dfz\u00fcgigen, grasbewachsenen Stellpl\u00e4tzen \u2013 einige mit Blick auf den Husg\u00e4rdessj\u00f6n. Alle Pl\u00e4tze verf\u00fcgen \u00fcber Strom, und du bist mit Wohnwagen, Wohnmobil oder Zelt herzlich willkommen.  <a href=\"https:\/\/www.vallecamping.se\/de\/camping\/\">Sieh dir hier unsere Campingangebote an<\/a><\/p>\n<h2 style=\"text-align: left;\">Naturnahe H\u00fctten am See \u2013 in der N\u00e4he von Skara Sommarland<\/h2>\n<p style=\"text-align: left;\">Wir bieten verschiedene H\u00fcttentypen sowie einfache Campingh\u00fctten \u2013 alle in natursch\u00f6ner Umgebung und nur eine kurze Autofahrt vom Skara Sommarland entfernt. Eine ideale Wahl f\u00fcr Familien, die Ruhe und Abenteuer verbinden m\u00f6chten.  <a href=\"https:\/\/www.vallecamping.se\/de\/huetten\/\">Erfahre hier mehr \u00fcber unsere H\u00fctten<\/a><\/p>\n<h2 style=\"text-align: left;\">Zimmer mit Dusche und WC \u2013 Hostel in der Gemeinde Skara<\/h2>\n<p style=\"text-align: left;\">Unser Hostel befindet sich direkt auf dem Gel\u00e4nde und bietet helle und komfortable Vierbettzimmer sowie Familienzimmer \u2013 alle mit eigener Dusche und WC. Eine gute Wahl f\u00fcr alle, die hotel\u00e4hnlichen Komfort in einfacher Form suchen, nahe an Natur und Freizeitm\u00f6glichkeiten.  <a href=\"https:\/\/www.vallecamping.se\/de\/hostel\/\">Entdecke das Hostel<\/a><\/p>\n<h2 style=\"text-align: left;\">Wohne nahe Natur, Kultur &amp; Freizeit<\/h2>\n<p style=\"text-align: left;\">Wenn du bei uns buchst, bist du in der N\u00e4he von:<\/p>\n<ul style=\"text-align: left;\">\n<li>Skara Sommarland \u2013 nur 4 km vom Campingplatz<\/li>\n<li>Klosterkirche Varnhem &amp; Kata G\u00e5rd \u2013 historische Ausflugsziele<\/li>\n<li>Hornborgasj\u00f6n \u2013 bekannt f\u00fcr Kraniche und Vogelvielfalt<\/li>\n<li>Naturreservate im Vallegebiet \u2013 sch\u00f6ne Wander- und Radrouten<\/li>\n<\/ul>\n<h2 style=\"text-align: left;\">Buche deine Unterkunft direkt<\/h2>\n<p style=\"text-align: left;\">Nutze das Formular unten, um verf\u00fcgbare Termine und Unterkunftsarten zu suchen. Du erh\u00e4ltst sofort Verf\u00fcgbarkeit und kannst sicher online buchen. <\/p>\n<p style=\"text-align: left;\"><a href=\"#kontakt\">Kontaktiere uns hier bei Fragen.<\/a><\/p>\n<p>[\/et_pb_text][et_pb_button button_url=&#8220;\/?page_id=10920&#8243; button_text=&#8220;BUCHUNG VERWALTEN&#8220; button_alignment=&#8220;center&#8220; _builder_version=&#8220;4.27.4&#8243; _module_preset=&#8220;default&#8220; custom_button=&#8220;on&#8220; button_text_size=&#8220;14px&#8220; button_text_color=&#8220;#FFFFFF&#8220; button_bg_color=&#8220;rgba(0,72,144,0.33)&#8220; button_border_radius=&#8220;6px&#8220; global_colors_info=&#8220;{}&#8220;][\/et_pb_button][\/et_pb_column][\/et_pb_row][\/et_pb_section][et_pb_section fb_built=&#8220;1&#8243; admin_label=&#8220;Popup &#8211; #kontakt&#8220; module_id=&#8220;kontakt&#8220; module_class=&#8220;popup&#8220; _builder_version=&#8220;4.25.2&#8243; _module_preset=&#8220;default&#8220; width=&#8220;40%&#8220; width_tablet=&#8220;90%&#8220; width_phone=&#8220;90%&#8220; width_last_edited=&#8220;on|tablet&#8220; da_is_popup=&#8220;on&#8220; da_popup_slug=&#8220;kontakt&#8220; da_disable_devices=&#8220;off|off|off&#8220; border_radii=&#8220;on|10px|10px|10px|10px&#8220; saved_tabs=&#8220;all&#8220; global_colors_info=&#8220;{}&#8220; da_exit_intent=&#8220;off&#8220; da_has_close=&#8220;on&#8220; da_alt_close=&#8220;off&#8220; da_dark_close=&#8220;off&#8220; da_not_modal=&#8220;on&#8220; da_is_singular=&#8220;off&#8220; da_with_loader=&#8220;off&#8220; da_has_shadow=&#8220;on&#8220;][et_pb_row _builder_version=&#8220;4.25.2&#8243; _module_preset=&#8220;default&#8220; global_colors_info=&#8220;{}&#8220;][et_pb_column type=&#8220;4_4&#8243; _builder_version=&#8220;4.25.2&#8243; _module_preset=&#8220;default&#8220; global_colors_info=&#8220;{}&#8220;][et_pb_text _builder_version=&#8220;4.25.2&#8243; _module_preset=&#8220;default&#8220; text_font=&#8220;||||||||&#8220; text_text_color=&#8220;#ffffff&#8220; text_font_size=&#8220;18px&#8220; header_font=&#8220;|700||on|||||&#8220; header_text_color=&#8220;#000000&#8243; header_font_size=&#8220;31px&#8220; header_line_height=&#8220;0.9em&#8220; header_2_font=&#8220;|700||on|||||&#8220; header_2_text_color=&#8220;#002860&#8243; header_2_font_size=&#8220;30px&#8220; header_2_line_height=&#8220;1.2em&#8220; background_color=&#8220;rgba(0,0,0,0)&#8220; custom_margin=&#8220;||0px||false|false&#8220; custom_padding=&#8220;9px|1px|0px|1px|false|true&#8220; header_font_size_tablet=&#8220;22px&#8220; header_font_size_phone=&#8220;29px&#8220; header_font_size_last_edited=&#8220;on|desktop&#8220; header_2_font_size_tablet=&#8220;27px&#8220; header_2_font_size_phone=&#8220;28px&#8220; header_2_font_size_last_edited=&#8220;on|desktop&#8220; global_colors_info=&#8220;{}&#8220;]<\/p>\n<h2>Kontaktieren Sie uns<\/h2>\n<p>[\/et_pb_text][wpforms_selector form_id=&#8220;13392&#8243; _builder_version=&#8220;4.25.2&#8243; _module_preset=&#8220;default&#8220; global_colors_info=&#8220;{}&#8220;][\/wpforms_selector][\/et_pb_column][\/et_pb_row][\/et_pb_section]<\/p>\n","protected":false},"excerpt":{"rendered":"<p>UNTERKUNFT BUCHEN Online-BuchungAngeln, Wandern und Radfahren im sch\u00f6nen Valle \u2013 in der N\u00e4he vom Skara Sommarland Planst du einen Besuch im Skara Sommarland oder m\u00f6chtest du die Natur- und Kultursch\u00e4tze der Valle-Region bei Skara entdecken? Auf dieser Seite kannst du einen Stellplatz, eine H\u00fctte oder ein Zimmer bei Valle Camping buchen \u2013 gelegen in der [&hellip;]<\/p>\n","protected":false},"author":1,"featured_media":0,"parent":0,"menu_order":0,"comment_status":"closed","ping_status":"closed","template":"","meta":{"_et_pb_use_builder":"on","_et_pb_old_content":"","_et_gb_content_width":"","footnotes":""},"class_list":["post-12680","page","type-page","status-publish","hentry"],"yoast_head":"<!-- This site is optimized with the Yoast SEO plugin v27.4 - https:\/\/yoast.com\/product\/yoast-seo-wordpress\/ -->\n<title>Buche naturnahes Wohnen \u2013 Camping, H\u00fctten &amp; Zimmer am See in Schweden - Valle Camping AB<\/title>\n<meta name=\"description\" content=\"Buche Campingplatz, H\u00fctte oder Zimmer mit Dusche am See inmitten sch\u00f6ner Natur. \u00dcbernachte naturnah in der Gemeinde Skara \u2013 mit Wandern, Radfahren, Vogelbeobachtung und Ausfl\u00fcgen nach Varnhem &amp; Skara Sommarland.\" \/>\n<meta name=\"robots\" content=\"index, follow, max-snippet:-1, max-image-preview:large, max-video-preview:-1\" \/>\n<link rel=\"canonical\" href=\"https:\/\/www.vallecamping.se\/de\/reservieren\/\" \/>\n<meta property=\"og:locale\" content=\"de_DE\" \/>\n<meta property=\"og:type\" content=\"article\" \/>\n<meta property=\"og:title\" content=\"Buche naturnahes Wohnen \u2013 Camping, H\u00fctten &amp; Zimmer am See in Schweden - Valle Camping AB\" \/>\n<meta property=\"og:description\" content=\"Buche Campingplatz, H\u00fctte oder Zimmer mit Dusche am See inmitten sch\u00f6ner Natur. \u00dcbernachte naturnah in der Gemeinde Skara \u2013 mit Wandern, Radfahren, Vogelbeobachtung und Ausfl\u00fcgen nach Varnhem &amp; Skara Sommarland.\" \/>\n<meta property=\"og:url\" content=\"https:\/\/www.vallecamping.se\/de\/reservieren\/\" \/>\n<meta property=\"og:site_name\" content=\"Valle Camping AB\" \/>\n<meta property=\"article:publisher\" content=\"https:\/\/www.facebook.com\/vallecamping\" \/>\n<meta property=\"article:modified_time\" content=\"2025-06-23T21:53:30+00:00\" \/>\n<meta name=\"twitter:card\" content=\"summary_large_image\" \/>\n<meta name=\"twitter:label1\" content=\"Gesch\u00e4tzte Lesezeit\" \/>\n\t<meta name=\"twitter:data1\" content=\"7\u00a0Minuten\" \/>\n<script type=\"application\/ld+json\" class=\"yoast-schema-graph\">{\"@context\":\"https:\\\/\\\/schema.org\",\"@graph\":[{\"@type\":\"WebPage\",\"@id\":\"https:\\\/\\\/www.vallecamping.se\\\/de\\\/reservieren\\\/\",\"url\":\"https:\\\/\\\/www.vallecamping.se\\\/de\\\/reservieren\\\/\",\"name\":\"Buche naturnahes Wohnen \u2013 Camping, H\u00fctten &amp; Zimmer am See in Schweden - Valle Camping AB\",\"isPartOf\":{\"@id\":\"https:\\\/\\\/www.vallecamping.se\\\/de\\\/#website\"},\"datePublished\":\"2020-10-01T14:58:26+00:00\",\"dateModified\":\"2025-06-23T21:53:30+00:00\",\"description\":\"Buche Campingplatz, H\u00fctte oder Zimmer mit Dusche am See inmitten sch\u00f6ner Natur. \u00dcbernachte naturnah in der Gemeinde Skara \u2013 mit Wandern, Radfahren, Vogelbeobachtung und Ausfl\u00fcgen nach Varnhem & Skara Sommarland.\",\"breadcrumb\":{\"@id\":\"https:\\\/\\\/www.vallecamping.se\\\/de\\\/reservieren\\\/#breadcrumb\"},\"inLanguage\":\"de\",\"potentialAction\":[{\"@type\":\"ReadAction\",\"target\":[\"https:\\\/\\\/www.vallecamping.se\\\/de\\\/reservieren\\\/\"]}]},{\"@type\":\"BreadcrumbList\",\"@id\":\"https:\\\/\\\/www.vallecamping.se\\\/de\\\/reservieren\\\/#breadcrumb\",\"itemListElement\":[{\"@type\":\"ListItem\",\"position\":1,\"name\":\"Hem\",\"item\":\"https:\\\/\\\/www.vallecamping.se\\\/de\\\/\"},{\"@type\":\"ListItem\",\"position\":2,\"name\":\"Buche naturnahes Wohnen \u2013 Camping, H\u00fctten &amp; Zimmer am See in Schweden\"}]},{\"@type\":\"WebSite\",\"@id\":\"https:\\\/\\\/www.vallecamping.se\\\/de\\\/#website\",\"url\":\"https:\\\/\\\/www.vallecamping.se\\\/de\\\/\",\"name\":\"Valle Camping AB\",\"description\":\"Valle Camping - Stugor, camping, st\u00e4llplatser och vandrarhem vid sj\u00f6 i vackra Valle n\u00e4ra Skara sommarland, Hornborgasj\u00f6n, Varnhems klosterkyrka, Kata g\u00e5rd med mera\",\"publisher\":{\"@id\":\"https:\\\/\\\/www.vallecamping.se\\\/de\\\/#organization\"},\"alternateName\":\"Valle camping\",\"potentialAction\":[{\"@type\":\"SearchAction\",\"target\":{\"@type\":\"EntryPoint\",\"urlTemplate\":\"https:\\\/\\\/www.vallecamping.se\\\/de\\\/?s={search_term_string}\"},\"query-input\":{\"@type\":\"PropertyValueSpecification\",\"valueRequired\":true,\"valueName\":\"search_term_string\"}}],\"inLanguage\":\"de\"},{\"@type\":\"Organization\",\"@id\":\"https:\\\/\\\/www.vallecamping.se\\\/de\\\/#organization\",\"name\":\"Valle camping AB\",\"alternateName\":\"Valle camping\",\"url\":\"https:\\\/\\\/www.vallecamping.se\\\/de\\\/\",\"logo\":{\"@type\":\"ImageObject\",\"inLanguage\":\"de\",\"@id\":\"https:\\\/\\\/www.vallecamping.se\\\/de\\\/#\\\/schema\\\/logo\\\/image\\\/\",\"url\":\"https:\\\/\\\/www.vallecamping.se\\\/wp-content\\\/uploads\\\/2023\\\/03\\\/Valle-Camping-Icon2303-1.png\",\"contentUrl\":\"https:\\\/\\\/www.vallecamping.se\\\/wp-content\\\/uploads\\\/2023\\\/03\\\/Valle-Camping-Icon2303-1.png\",\"width\":500,\"height\":496,\"caption\":\"Valle camping AB\"},\"image\":{\"@id\":\"https:\\\/\\\/www.vallecamping.se\\\/de\\\/#\\\/schema\\\/logo\\\/image\\\/\"},\"sameAs\":[\"https:\\\/\\\/www.facebook.com\\\/vallecamping\",\"https:\\\/\\\/www.instagram.com\\\/vallecampingstugor\\\/\",\"https:\\\/\\\/www.youtube.com\\\/channel\\\/UCoJUm2JGJm1kc46V1JnI47Q\"]}]}<\/script>\n<!-- \/ Yoast SEO plugin. -->","yoast_head_json":{"title":"Buche naturnahes Wohnen \u2013 Camping, H\u00fctten &amp; Zimmer am See in Schweden - Valle Camping AB","description":"Buche Campingplatz, H\u00fctte oder Zimmer mit Dusche am See inmitten sch\u00f6ner Natur. \u00dcbernachte naturnah in der Gemeinde Skara \u2013 mit Wandern, Radfahren, Vogelbeobachtung und Ausfl\u00fcgen nach Varnhem & Skara Sommarland.","robots":{"index":"index","follow":"follow","max-snippet":"max-snippet:-1","max-image-preview":"max-image-preview:large","max-video-preview":"max-video-preview:-1"},"canonical":"https:\/\/www.vallecamping.se\/de\/reservieren\/","og_locale":"de_DE","og_type":"article","og_title":"Buche naturnahes Wohnen \u2013 Camping, H\u00fctten &amp; Zimmer am See in Schweden - Valle Camping AB","og_description":"Buche Campingplatz, H\u00fctte oder Zimmer mit Dusche am See inmitten sch\u00f6ner Natur. \u00dcbernachte naturnah in der Gemeinde Skara \u2013 mit Wandern, Radfahren, Vogelbeobachtung und Ausfl\u00fcgen nach Varnhem & Skara Sommarland.","og_url":"https:\/\/www.vallecamping.se\/de\/reservieren\/","og_site_name":"Valle Camping AB","article_publisher":"https:\/\/www.facebook.com\/vallecamping","article_modified_time":"2025-06-23T21:53:30+00:00","twitter_card":"summary_large_image","twitter_misc":{"Gesch\u00e4tzte Lesezeit":"7\u00a0Minuten"},"schema":{"@context":"https:\/\/schema.org","@graph":[{"@type":"WebPage","@id":"https:\/\/www.vallecamping.se\/de\/reservieren\/","url":"https:\/\/www.vallecamping.se\/de\/reservieren\/","name":"Buche naturnahes Wohnen \u2013 Camping, H\u00fctten &amp; Zimmer am See in Schweden - Valle Camping AB","isPartOf":{"@id":"https:\/\/www.vallecamping.se\/de\/#website"},"datePublished":"2020-10-01T14:58:26+00:00","dateModified":"2025-06-23T21:53:30+00:00","description":"Buche Campingplatz, H\u00fctte oder Zimmer mit Dusche am See inmitten sch\u00f6ner Natur. \u00dcbernachte naturnah in der Gemeinde Skara \u2013 mit Wandern, Radfahren, Vogelbeobachtung und Ausfl\u00fcgen nach Varnhem & Skara Sommarland.","breadcrumb":{"@id":"https:\/\/www.vallecamping.se\/de\/reservieren\/#breadcrumb"},"inLanguage":"de","potentialAction":[{"@type":"ReadAction","target":["https:\/\/www.vallecamping.se\/de\/reservieren\/"]}]},{"@type":"BreadcrumbList","@id":"https:\/\/www.vallecamping.se\/de\/reservieren\/#breadcrumb","itemListElement":[{"@type":"ListItem","position":1,"name":"Hem","item":"https:\/\/www.vallecamping.se\/de\/"},{"@type":"ListItem","position":2,"name":"Buche naturnahes Wohnen \u2013 Camping, H\u00fctten &amp; Zimmer am See in Schweden"}]},{"@type":"WebSite","@id":"https:\/\/www.vallecamping.se\/de\/#website","url":"https:\/\/www.vallecamping.se\/de\/","name":"Valle Camping AB","description":"Valle Camping - Stugor, camping, st\u00e4llplatser och vandrarhem vid sj\u00f6 i vackra Valle n\u00e4ra Skara sommarland, Hornborgasj\u00f6n, Varnhems klosterkyrka, Kata g\u00e5rd med mera","publisher":{"@id":"https:\/\/www.vallecamping.se\/de\/#organization"},"alternateName":"Valle camping","potentialAction":[{"@type":"SearchAction","target":{"@type":"EntryPoint","urlTemplate":"https:\/\/www.vallecamping.se\/de\/?s={search_term_string}"},"query-input":{"@type":"PropertyValueSpecification","valueRequired":true,"valueName":"search_term_string"}}],"inLanguage":"de"},{"@type":"Organization","@id":"https:\/\/www.vallecamping.se\/de\/#organization","name":"Valle camping AB","alternateName":"Valle camping","url":"https:\/\/www.vallecamping.se\/de\/","logo":{"@type":"ImageObject","inLanguage":"de","@id":"https:\/\/www.vallecamping.se\/de\/#\/schema\/logo\/image\/","url":"https:\/\/www.vallecamping.se\/wp-content\/uploads\/2023\/03\/Valle-Camping-Icon2303-1.png","contentUrl":"https:\/\/www.vallecamping.se\/wp-content\/uploads\/2023\/03\/Valle-Camping-Icon2303-1.png","width":500,"height":496,"caption":"Valle camping AB"},"image":{"@id":"https:\/\/www.vallecamping.se\/de\/#\/schema\/logo\/image\/"},"sameAs":["https:\/\/www.facebook.com\/vallecamping","https:\/\/www.instagram.com\/vallecampingstugor\/","https:\/\/www.youtube.com\/channel\/UCoJUm2JGJm1kc46V1JnI47Q"]}]}},"_links":{"self":[{"href":"https:\/\/www.vallecamping.se\/de\/wp-json\/wp\/v2\/pages\/12680","targetHints":{"allow":["GET"]}}],"collection":[{"href":"https:\/\/www.vallecamping.se\/de\/wp-json\/wp\/v2\/pages"}],"about":[{"href":"https:\/\/www.vallecamping.se\/de\/wp-json\/wp\/v2\/types\/page"}],"author":[{"embeddable":true,"href":"https:\/\/www.vallecamping.se\/de\/wp-json\/wp\/v2\/users\/1"}],"replies":[{"embeddable":true,"href":"https:\/\/www.vallecamping.se\/de\/wp-json\/wp\/v2\/comments?post=12680"}],"version-history":[{"count":26,"href":"https:\/\/www.vallecamping.se\/de\/wp-json\/wp\/v2\/pages\/12680\/revisions"}],"predecessor-version":[{"id":16498,"href":"https:\/\/www.vallecamping.se\/de\/wp-json\/wp\/v2\/pages\/12680\/revisions\/16498"}],"wp:attachment":[{"href":"https:\/\/www.vallecamping.se\/de\/wp-json\/wp\/v2\/media?parent=12680"}],"curies":[{"name":"wp","href":"https:\/\/api.w.org\/{rel}","templated":true}]}}