{"id":12588,"date":"2023-10-12T17:32:34","date_gmt":"2023-10-12T17:32:34","guid":{"rendered":"https:\/\/www.vallecamping.se\/ueberwachungskameras\/"},"modified":"2025-02-14T14:52:53","modified_gmt":"2025-02-14T14:52:53","slug":"ueberwachungskameras","status":"publish","type":"page","link":"https:\/\/www.vallecamping.se\/de\/ueberwachungskameras\/","title":{"rendered":"Kamer\u00fcberwachung"},"content":{"rendered":"<p>[et_pb_section fb_built=&#8220;1&#8243; admin_label=&#8220;Header&#8220; _builder_version=&#8220;4.16&#8243; background_image=&#8220;https:\/\/www.vallecamping.se\/wp-content\/uploads\/2020\/09\/4-baddsstugor.jpg&#8220; custom_margin=&#8220;-280px||||false|false&#8220; custom_margin_tablet=&#8220;-300px||||false|false&#8220; custom_margin_phone=&#8220;-270px||||false|false&#8220; custom_margin_last_edited=&#8220;on|phone&#8220; custom_padding=&#8220;8vw||4vw||false|&#8220; bottom_divider_style=&#8220;wave2&#8243; bottom_divider_color=&#8220;#a9bdcc&#8220; global_colors_info=&#8220;{}&#8220; da_is_popup=&#8220;off&#8220; da_exit_intent=&#8220;off&#8220; da_has_close=&#8220;on&#8220; da_alt_close=&#8220;off&#8220; da_dark_close=&#8220;off&#8220; da_not_modal=&#8220;on&#8220; da_is_singular=&#8220;off&#8220; da_with_loader=&#8220;off&#8220; da_has_shadow=&#8220;on&#8220; da_disable_devices=&#8220;off|off|off&#8220;][et_pb_row use_custom_gutter=&#8220;on&#8220; gutter_width=&#8220;2&#8243; custom_padding_last_edited=&#8220;on|phone&#8220; _builder_version=&#8220;4.16&#8243; width=&#8220;90%&#8220; max_width=&#8220;1280px&#8220; custom_padding=&#8220;100px||||false|false&#8220; custom_padding_tablet=&#8220;120px||||false|false&#8220; custom_padding_phone=&#8220;130px||||false|false&#8220; global_colors_info=&#8220;{}&#8220;][et_pb_column type=&#8220;4_4&#8243; _builder_version=&#8220;4.16&#8243; custom_padding=&#8220;|||&#8220; global_colors_info=&#8220;{}&#8220; custom_padding__hover=&#8220;|||&#8220;][et_pb_text _builder_version=&#8220;4.27.4&#8243; text_font=&#8220;|600||on|||||&#8220; text_text_color=&#8220;#ffffff&#8220; text_font_size=&#8220;22px&#8220; header_font=&#8220;|700|||||||&#8220; header_text_color=&#8220;#FFFFFF&#8220; header_font_size=&#8220;67px&#8220; header_2_font=&#8220;|700|||||||&#8220; header_2_text_color=&#8220;#ffffff&#8220; header_2_font_size=&#8220;67px&#8220; header_3_font=&#8220;|600|||||||&#8220; header_3_text_color=&#8220;#ffffff&#8220; custom_padding=&#8220;|||20px|false|false&#8220; hover_enabled=&#8220;0&#8243; text_font_size_tablet=&#8220;20px&#8220; text_font_size_phone=&#8220;15px&#8220; text_font_size_last_edited=&#8220;on|phone&#8220; header_font_size_tablet=&#8220;52px&#8220; header_font_size_phone=&#8220;32px&#8220; header_font_size_last_edited=&#8220;on|phone&#8220; header_2_font_size_tablet=&#8220;52px&#8220; header_2_font_size_phone=&#8220;40px&#8220; header_2_font_size_last_edited=&#8220;on|phone&#8220; header_3_font_size_tablet=&#8220;19px&#8220; header_3_font_size_phone=&#8220;15px&#8220; header_3_font_size_last_edited=&#8220;on|desktop&#8220; text_text_shadow_style=&#8220;preset1&#8243; header_text_shadow_style=&#8220;preset1&#8243; header_2_text_shadow_style=&#8220;preset1&#8243; global_colors_info=&#8220;{}&#8220; text_orientation=&#8220;right&#8220; sticky_enabled=&#8220;0&#8243;]<\/p>\n<h1>Kamer\u00fcberwachung<\/h1>\n<p>[\/et_pb_text][\/et_pb_column][\/et_pb_row][\/et_pb_section][et_pb_section fb_built=&#8220;1&#8243; _builder_version=&#8220;4.16&#8243; background_color=&#8220;rgba(177,193,204,0.32)&#8220; top_divider_style=&#8220;wave2&#8243; top_divider_color=&#8220;#a9bdcc&#8220; bottom_divider_style=&#8220;wave2&#8243; bottom_divider_color=&#8220;#a9bdcc&#8220; global_colors_info=&#8220;{}&#8220; da_is_popup=&#8220;off&#8220; da_exit_intent=&#8220;off&#8220; da_has_close=&#8220;on&#8220; da_alt_close=&#8220;off&#8220; da_dark_close=&#8220;off&#8220; da_not_modal=&#8220;on&#8220; da_is_singular=&#8220;off&#8220; da_with_loader=&#8220;off&#8220; da_has_shadow=&#8220;on&#8220; da_disable_devices=&#8220;off|off|off&#8220;][et_pb_row use_custom_gutter=&#8220;on&#8220; gutter_width=&#8220;2&#8243; _builder_version=&#8220;4.16&#8243; background_size=&#8220;initial&#8220; background_position=&#8220;top_left&#8220; background_repeat=&#8220;repeat&#8220; width=&#8220;90%&#8220; max_width=&#8220;1280px&#8220; custom_margin=&#8220;-120px|auto||auto|false|false&#8220; custom_margin_tablet=&#8220;-100px||||false|false&#8220; custom_margin_phone=&#8220;-100px||||false|false&#8220; custom_margin_last_edited=&#8220;on|phone&#8220; global_colors_info=&#8220;{}&#8220;][et_pb_column type=&#8220;4_4&#8243; _builder_version=&#8220;4.16&#8243; custom_padding=&#8220;|||&#8220; global_colors_info=&#8220;{}&#8220; custom_padding__hover=&#8220;|||&#8220;][et_pb_text _builder_version=&#8220;4.22.2&#8243; text_font=&#8220;||||||||&#8220; text_line_height=&#8220;2em&#8220; header_font=&#8220;||||||||&#8220; header_2_font=&#8220;Raleway|700||on|||||&#8220; header_2_text_color=&#8220;#002754&#8243; header_2_font_size=&#8220;19px&#8220; header_2_line_height=&#8220;1.2em&#8220; header_3_font=&#8220;|700|||||||&#8220; header_4_font=&#8220;|700|||||||&#8220; header_4_text_color=&#8220;#002754&#8243; header_5_line_height=&#8220;1.1em&#8220; header_6_font=&#8220;|700||on|||||&#8220; header_6_text_color=&#8220;#002754&#8243; header_6_font_size=&#8220;16px&#8220; header_6_letter_spacing=&#8220;5px&#8220; header_6_line_height=&#8220;1.8em&#8220; background_color=&#8220;rgba(255,255,255,0.71)&#8220; max_width=&#8220;1440px&#8220; module_alignment=&#8220;left&#8220; custom_margin=&#8220;|||0px|false|false&#8220; custom_padding=&#8220;20px|20px|20px|20px|true|true&#8220; border_radii=&#8220;on|10px|10px|10px|10px&#8220; global_colors_info=&#8220;{}&#8220;]<\/p>\n<p>Auf dem Valle Camping gibt es eine Video\u00fcberwachung mit Aufzeichnung von Bild und Ton.<\/p>\n<h2><strong>Zweck der Video\u00fcberwachung<\/strong><\/h2>\n<p>Der Zweck und das rechtliche Interesse der Video\u00fcberwachung ist die Pr\u00e4vention, Verhinderung und Aufkl\u00e4rung von Straftaten und Sachbesch\u00e4digungen sowie die Vermeidung von Unf\u00e4llen. Die Video\u00fcberwachung dient nicht dem Ziel, einzelne Personen zu \u00fcberwachen oder zu erfassen. Die Platzierung und der Aufnahmebereich der Kameras wurden auf den Zweck der \u00dcberwachung abgestimmt und so gew\u00e4hlt, dass Eingriffe in die pers\u00f6nliche Privatsph\u00e4re minimiert werden.  <\/p>\n<h2>Weitergabe von aufgenommenem Material<\/h2>\n<p>Das von den Kameras auf dem Gel\u00e4nde erfasste Material wird nicht weitergegeben, sondern nur von Valle Camping AB gespeichert und verarbeitet. Sollte jedoch der Verdacht auf eine Straftat bestehen, wird das Material mit den Strafverfolgungsbeh\u00f6rden, wie zum Beispiel der Polizei, geteilt, wenn es zur Aufkl\u00e4rung eines begangenen Verbrechens erforderlich ist. <\/p>\n<h2>Speicherung von aufgenommenem Material<\/h2>\n<p>Alle aufgenommenen Materialien werden innerhalb der EU\/EWR gespeichert. Das Material wird in der Regel bis zu 72 Stunden gespeichert. Sollte jedoch der Verdacht auf eine Straftat bestehen, wird die Speicherdauer verl\u00e4ngert, um eine Anzeige und Untersuchung des Verbrechens zu erm\u00f6glichen. Wird der Verdacht auf eine Straftat verworfen, wird der Inhalt von Valle Camping gel\u00f6scht. Die Beh\u00f6rde, die Zugriff auf das aufgenommene Material hat, entscheidet \u00fcber die weitere Handhabung.   <\/p>\n<h2>Rechte<\/h2>\n<p>Personen, die \u00fcberwacht wurde, hat das Recht, Informationen \u00fcber die \u00dcberwachung in Form von Bildschirmaufzeichnungen zu erhalten, auf das aufgenommene Material zuzugreifen, gegen die \u00dcberwachung Einspruch zu erheben und die L\u00f6schung des Materials zu verlangen. Bitte beachten Sie, dass wir aus Datenschutzgr\u00fcnden und zum Schutz anderer Personen das Material nicht durchsuchen k\u00f6nnen. Daher m\u00fcssen Sie, wenn Sie Zugriff auf das Material verlangen, die Uhrzeit, das Datum und den Zeitraum angeben, in dem Sie sich an dem \u00fcberwachten Ort aufgehalten haben. Sie m\u00fcssen sich ebenfalls identifizieren k\u00f6nnen, um eine solche Anfrage zu stellen. Keine Informationen werden an nicht identifizierte Personen weitergegeben. Wir werden auch keine Informationen \u00fcber andere Personen, die m\u00f6glicherweise gleichzeitig mit Ihnen im Bildmaterial erscheinen, herausgeben. Wenn Sie mit der Art und Weise, wie wir Ihre personenbezogenen Daten behandeln, nicht zufrieden sind, k\u00f6nnen Sie sich an die Datenschutzbeh\u00f6rde wenden.      <\/p>\n<h2>Verantwortlicher f\u00fcr die personenbezogenen Daten<\/h2>\n<p>Der Verantwortliche f\u00fcr die personenbezogenen Daten ist Valle Camping AB, Per-Larsg\u00e5rden 2, 532 72 Sk\u00e4rv, www.vallecamping.se, info@vallecamping.se. Weitere Informationen dar\u00fcber, wie wir personenbezogene Daten behandeln, finden Sie in unserer Datenschutzerkl\u00e4rung unter <a href=\"https:\/\/www.vallecamping.se\/de\/privacy-policy\/\">https:\/\/www.vallecamping.se\/integritetspolicy.<\/a> <\/p>\n<p>&nbsp;<\/p>\n<p>&nbsp;<\/p>\n<p><!-- \/divi:heading -->[\/et_pb_text][\/et_pb_column][\/et_pb_row][\/et_pb_section]<\/p>\n","protected":false},"excerpt":{"rendered":"<p>Kamer\u00fcberwachungAuf dem Valle Camping gibt es eine Video\u00fcberwachung mit Aufzeichnung von Bild und Ton. Zweck der Video\u00fcberwachung Der Zweck und das rechtliche Interesse der Video\u00fcberwachung ist die Pr\u00e4vention, Verhinderung und Aufkl\u00e4rung von Straftaten und Sachbesch\u00e4digungen sowie die Vermeidung von Unf\u00e4llen. Die Video\u00fcberwachung dient nicht dem Ziel, einzelne Personen zu \u00fcberwachen oder zu erfassen. Die Platzierung [&hellip;]<\/p>\n","protected":false},"author":2,"featured_media":0,"parent":0,"menu_order":0,"comment_status":"closed","ping_status":"closed","template":"","meta":{"_et_pb_use_builder":"on","_et_pb_old_content":"","_et_gb_content_width":"","footnotes":""},"class_list":["post-12588","page","type-page","status-publish","hentry"],"yoast_head":"<!-- This site is optimized with the Yoast SEO plugin v27.4 - https:\/\/yoast.com\/product\/yoast-seo-wordpress\/ -->\n<title>Kamer\u00fcberwachung - Valle Camping AB<\/title>\n<meta name=\"robots\" content=\"index, nofollow, max-snippet:-1, max-image-preview:large, max-video-preview:-1\" \/>\n<link rel=\"canonical\" href=\"https:\/\/www.vallecamping.se\/de\/ueberwachungskameras\/\" \/>\n<meta property=\"og:locale\" content=\"de_DE\" \/>\n<meta property=\"og:type\" content=\"article\" \/>\n<meta property=\"og:title\" content=\"Kamer\u00fcberwachung - Valle Camping AB\" \/>\n<meta property=\"og:description\" content=\"Kamer\u00fcberwachungAuf dem Valle Camping gibt es eine Video\u00fcberwachung mit Aufzeichnung von Bild und Ton. Zweck der Video\u00fcberwachung Der Zweck und das rechtliche Interesse der Video\u00fcberwachung ist die Pr\u00e4vention, Verhinderung und Aufkl\u00e4rung von Straftaten und Sachbesch\u00e4digungen sowie die Vermeidung von Unf\u00e4llen. Die Video\u00fcberwachung dient nicht dem Ziel, einzelne Personen zu \u00fcberwachen oder zu erfassen. Die Platzierung [&hellip;]\" \/>\n<meta property=\"og:url\" content=\"https:\/\/www.vallecamping.se\/de\/ueberwachungskameras\/\" \/>\n<meta property=\"og:site_name\" content=\"Valle Camping AB\" \/>\n<meta property=\"article:publisher\" content=\"https:\/\/www.facebook.com\/vallecamping\" \/>\n<meta property=\"article:modified_time\" content=\"2025-02-14T14:52:53+00:00\" \/>\n<meta name=\"twitter:card\" content=\"summary_large_image\" \/>\n<meta name=\"twitter:label1\" content=\"Gesch\u00e4tzte Lesezeit\" \/>\n\t<meta name=\"twitter:data1\" content=\"5\u00a0Minuten\" \/>\n<script type=\"application\/ld+json\" class=\"yoast-schema-graph\">{\"@context\":\"https:\\\/\\\/schema.org\",\"@graph\":[{\"@type\":\"WebPage\",\"@id\":\"https:\\\/\\\/www.vallecamping.se\\\/de\\\/ueberwachungskameras\\\/\",\"url\":\"https:\\\/\\\/www.vallecamping.se\\\/de\\\/ueberwachungskameras\\\/\",\"name\":\"Kamer\u00fcberwachung - Valle Camping AB\",\"isPartOf\":{\"@id\":\"https:\\\/\\\/www.vallecamping.se\\\/de\\\/#website\"},\"datePublished\":\"2023-10-12T17:32:34+00:00\",\"dateModified\":\"2025-02-14T14:52:53+00:00\",\"breadcrumb\":{\"@id\":\"https:\\\/\\\/www.vallecamping.se\\\/de\\\/ueberwachungskameras\\\/#breadcrumb\"},\"inLanguage\":\"de\",\"potentialAction\":[{\"@type\":\"ReadAction\",\"target\":[\"https:\\\/\\\/www.vallecamping.se\\\/de\\\/ueberwachungskameras\\\/\"]}]},{\"@type\":\"BreadcrumbList\",\"@id\":\"https:\\\/\\\/www.vallecamping.se\\\/de\\\/ueberwachungskameras\\\/#breadcrumb\",\"itemListElement\":[{\"@type\":\"ListItem\",\"position\":1,\"name\":\"Hem\",\"item\":\"https:\\\/\\\/www.vallecamping.se\\\/de\\\/\"},{\"@type\":\"ListItem\",\"position\":2,\"name\":\"Kamer\u00fcberwachung\"}]},{\"@type\":\"WebSite\",\"@id\":\"https:\\\/\\\/www.vallecamping.se\\\/de\\\/#website\",\"url\":\"https:\\\/\\\/www.vallecamping.se\\\/de\\\/\",\"name\":\"Valle Camping AB\",\"description\":\"Valle Camping - Stugor, camping, st\u00e4llplatser och vandrarhem vid sj\u00f6 i vackra Valle n\u00e4ra Skara sommarland, Hornborgasj\u00f6n, Varnhems klosterkyrka, Kata g\u00e5rd med mera\",\"publisher\":{\"@id\":\"https:\\\/\\\/www.vallecamping.se\\\/de\\\/#organization\"},\"alternateName\":\"Valle camping\",\"potentialAction\":[{\"@type\":\"SearchAction\",\"target\":{\"@type\":\"EntryPoint\",\"urlTemplate\":\"https:\\\/\\\/www.vallecamping.se\\\/de\\\/?s={search_term_string}\"},\"query-input\":{\"@type\":\"PropertyValueSpecification\",\"valueRequired\":true,\"valueName\":\"search_term_string\"}}],\"inLanguage\":\"de\"},{\"@type\":\"Organization\",\"@id\":\"https:\\\/\\\/www.vallecamping.se\\\/de\\\/#organization\",\"name\":\"Valle camping AB\",\"alternateName\":\"Valle camping\",\"url\":\"https:\\\/\\\/www.vallecamping.se\\\/de\\\/\",\"logo\":{\"@type\":\"ImageObject\",\"inLanguage\":\"de\",\"@id\":\"https:\\\/\\\/www.vallecamping.se\\\/de\\\/#\\\/schema\\\/logo\\\/image\\\/\",\"url\":\"https:\\\/\\\/www.vallecamping.se\\\/wp-content\\\/uploads\\\/2023\\\/03\\\/Valle-Camping-Icon2303-1.png\",\"contentUrl\":\"https:\\\/\\\/www.vallecamping.se\\\/wp-content\\\/uploads\\\/2023\\\/03\\\/Valle-Camping-Icon2303-1.png\",\"width\":500,\"height\":496,\"caption\":\"Valle camping AB\"},\"image\":{\"@id\":\"https:\\\/\\\/www.vallecamping.se\\\/de\\\/#\\\/schema\\\/logo\\\/image\\\/\"},\"sameAs\":[\"https:\\\/\\\/www.facebook.com\\\/vallecamping\",\"https:\\\/\\\/www.instagram.com\\\/vallecampingstugor\\\/\",\"https:\\\/\\\/www.youtube.com\\\/channel\\\/UCoJUm2JGJm1kc46V1JnI47Q\"]}]}<\/script>\n<!-- \/ Yoast SEO plugin. -->","yoast_head_json":{"title":"Kamer\u00fcberwachung - Valle Camping AB","robots":{"index":"index","follow":"nofollow","max-snippet":"max-snippet:-1","max-image-preview":"max-image-preview:large","max-video-preview":"max-video-preview:-1"},"canonical":"https:\/\/www.vallecamping.se\/de\/ueberwachungskameras\/","og_locale":"de_DE","og_type":"article","og_title":"Kamer\u00fcberwachung - Valle Camping AB","og_description":"Kamer\u00fcberwachungAuf dem Valle Camping gibt es eine Video\u00fcberwachung mit Aufzeichnung von Bild und Ton. Zweck der Video\u00fcberwachung Der Zweck und das rechtliche Interesse der Video\u00fcberwachung ist die Pr\u00e4vention, Verhinderung und Aufkl\u00e4rung von Straftaten und Sachbesch\u00e4digungen sowie die Vermeidung von Unf\u00e4llen. Die Video\u00fcberwachung dient nicht dem Ziel, einzelne Personen zu \u00fcberwachen oder zu erfassen. Die Platzierung [&hellip;]","og_url":"https:\/\/www.vallecamping.se\/de\/ueberwachungskameras\/","og_site_name":"Valle Camping AB","article_publisher":"https:\/\/www.facebook.com\/vallecamping","article_modified_time":"2025-02-14T14:52:53+00:00","twitter_card":"summary_large_image","twitter_misc":{"Gesch\u00e4tzte Lesezeit":"5\u00a0Minuten"},"schema":{"@context":"https:\/\/schema.org","@graph":[{"@type":"WebPage","@id":"https:\/\/www.vallecamping.se\/de\/ueberwachungskameras\/","url":"https:\/\/www.vallecamping.se\/de\/ueberwachungskameras\/","name":"Kamer\u00fcberwachung - Valle Camping AB","isPartOf":{"@id":"https:\/\/www.vallecamping.se\/de\/#website"},"datePublished":"2023-10-12T17:32:34+00:00","dateModified":"2025-02-14T14:52:53+00:00","breadcrumb":{"@id":"https:\/\/www.vallecamping.se\/de\/ueberwachungskameras\/#breadcrumb"},"inLanguage":"de","potentialAction":[{"@type":"ReadAction","target":["https:\/\/www.vallecamping.se\/de\/ueberwachungskameras\/"]}]},{"@type":"BreadcrumbList","@id":"https:\/\/www.vallecamping.se\/de\/ueberwachungskameras\/#breadcrumb","itemListElement":[{"@type":"ListItem","position":1,"name":"Hem","item":"https:\/\/www.vallecamping.se\/de\/"},{"@type":"ListItem","position":2,"name":"Kamer\u00fcberwachung"}]},{"@type":"WebSite","@id":"https:\/\/www.vallecamping.se\/de\/#website","url":"https:\/\/www.vallecamping.se\/de\/","name":"Valle Camping AB","description":"Valle Camping - Stugor, camping, st\u00e4llplatser och vandrarhem vid sj\u00f6 i vackra Valle n\u00e4ra Skara sommarland, Hornborgasj\u00f6n, Varnhems klosterkyrka, Kata g\u00e5rd med mera","publisher":{"@id":"https:\/\/www.vallecamping.se\/de\/#organization"},"alternateName":"Valle camping","potentialAction":[{"@type":"SearchAction","target":{"@type":"EntryPoint","urlTemplate":"https:\/\/www.vallecamping.se\/de\/?s={search_term_string}"},"query-input":{"@type":"PropertyValueSpecification","valueRequired":true,"valueName":"search_term_string"}}],"inLanguage":"de"},{"@type":"Organization","@id":"https:\/\/www.vallecamping.se\/de\/#organization","name":"Valle camping AB","alternateName":"Valle camping","url":"https:\/\/www.vallecamping.se\/de\/","logo":{"@type":"ImageObject","inLanguage":"de","@id":"https:\/\/www.vallecamping.se\/de\/#\/schema\/logo\/image\/","url":"https:\/\/www.vallecamping.se\/wp-content\/uploads\/2023\/03\/Valle-Camping-Icon2303-1.png","contentUrl":"https:\/\/www.vallecamping.se\/wp-content\/uploads\/2023\/03\/Valle-Camping-Icon2303-1.png","width":500,"height":496,"caption":"Valle camping AB"},"image":{"@id":"https:\/\/www.vallecamping.se\/de\/#\/schema\/logo\/image\/"},"sameAs":["https:\/\/www.facebook.com\/vallecamping","https:\/\/www.instagram.com\/vallecampingstugor\/","https:\/\/www.youtube.com\/channel\/UCoJUm2JGJm1kc46V1JnI47Q"]}]}},"_links":{"self":[{"href":"https:\/\/www.vallecamping.se\/de\/wp-json\/wp\/v2\/pages\/12588","targetHints":{"allow":["GET"]}}],"collection":[{"href":"https:\/\/www.vallecamping.se\/de\/wp-json\/wp\/v2\/pages"}],"about":[{"href":"https:\/\/www.vallecamping.se\/de\/wp-json\/wp\/v2\/types\/page"}],"author":[{"embeddable":true,"href":"https:\/\/www.vallecamping.se\/de\/wp-json\/wp\/v2\/users\/2"}],"replies":[{"embeddable":true,"href":"https:\/\/www.vallecamping.se\/de\/wp-json\/wp\/v2\/comments?post=12588"}],"version-history":[{"count":7,"href":"https:\/\/www.vallecamping.se\/de\/wp-json\/wp\/v2\/pages\/12588\/revisions"}],"predecessor-version":[{"id":14253,"href":"https:\/\/www.vallecamping.se\/de\/wp-json\/wp\/v2\/pages\/12588\/revisions\/14253"}],"wp:attachment":[{"href":"https:\/\/www.vallecamping.se\/de\/wp-json\/wp\/v2\/media?parent=12588"}],"curies":[{"name":"wp","href":"https:\/\/api.w.org\/{rel}","templated":true}]}}